{"id":135,"date":"2021-03-22T08:05:57","date_gmt":"2021-03-22T08:05:57","guid":{"rendered":"https:\/\/aps-eb.de\/?page_id=135"},"modified":"2025-10-29T11:49:21","modified_gmt":"2025-10-29T11:49:21","slug":"impressum","status":"publish","type":"page","link":"https:\/\/www.aps-eb.de\/cs\/impressum\/","title":{"rendered":"Prohl\u00e1\u0161en\u00ed o vylou\u010den\u00ed odpov\u011bdnosti"},"content":{"rendered":"<h2>Informace podle \u00a7 5 TMG<\/h2>\r\n<p><strong>po\u0161tovn\u00ed<\/strong><br>Enrico Bender<br>AirPlaneService - Enrico Bender<br>Otfried-Preu\u00dfler Str. 5<br>56564 Neuwied<br><strong>homebase<\/strong> N\u00e1kupn\u00ed Ko\u0161\u00edk - Mendig<\/p>\r\n<h2>kontakt<\/h2>\r\n<p>Telefonn\u00ed \u010d\u00edslo: +49 (0) 1739091926<br>E-mailov\u00e1 adresa: enrico.bender@aps-eb.de<\/p>\r\n<h2>Identifika\u010dn\u00ed \u010d\u00edslo pro DPH<\/h2>\r\n<p>Identifika\u010dn\u00ed \u010d\u00edslo pro da\u0148 z p\u0159idan\u00e9 hodnoty podle \u00a7 27 a z\u00e1kona o dani z p\u0159idan\u00e9 hodnoty:<br>DE259459755<\/p>\r\n<h2>Vedouc\u00ed redakce<\/h2>\r\n<p>Enrico Bender<br>AirPlaneService - Enrico Bender<br>Otfried-Preu\u00dfler Str. 5<br>56564 Neuwied<\/p>\r\n<h2>\u0158e\u0161en\u00ed spor\u016f v EU<\/h2>\r\n<p>Evropsk\u00e1 komise poskytuje platformu pro \u0159e\u0161en\u00ed spor\u016f on-line: <a href=\"https:\/\/ec.europa.eu\/consumers\/odr\" target=\"_blank\" rel=\"noopener noreferrer\">https:\/\/ec.europa.eu\/consumers\/odr<\/a>.<br>Na\u0161e e-mailov\u00e1 adresa je uvedena v\u00fd\u0161e v tir\u00e1\u017ei.<\/p>\r\n<h2>Org\u00e1n pro \u0159e\u0161en\u00ed spot\u0159ebitelsk\u00fdch spor\u016f\/Universal Dispute Settlement Body<\/h2>\r\n<p>Nejsme ochotni ani povinni \u00fa\u010dastnit se \u0159\u00edzen\u00ed o \u0159e\u0161en\u00ed spor\u016f p\u0159ed spot\u0159ebitelsk\u00fdm rozhod\u010d\u00edm soudem.<\/p>\r\n<h3>Odpov\u011bdnost za obsah<\/h3>\r\n<p>Jako poskytovatel slu\u017eeb jsme podle \u00a7 7 odst. 1 TMG zodpov\u011bdn\u00ed za vlastn\u00ed obsah na t\u011bchto str\u00e1nk\u00e1ch podle obecn\u00fdch z\u00e1kon\u016f. Podle \u00a7\u00a7 8 a\u017e 10 TMG v\u0161ak nejsme jako poskytovatel slu\u017eeb povinni monitorovat p\u0159en\u00e1\u0161en\u00e9 nebo ulo\u017een\u00e9 informace t\u0159et\u00edch stran nebo vy\u0161et\u0159ovat okolnosti, kter\u00e9 nazna\u010duj\u00ed protipr\u00e1vn\u00ed \u010dinnost.<\/p>\r\n<p>Povinnost odstranit nebo zablokovat pou\u017e\u00edv\u00e1n\u00ed informac\u00ed podle obecn\u00fdch z\u00e1kon\u016f z\u016fst\u00e1v\u00e1 nedot\u010dena. Odpov\u011bdnost v tomto ohledu je v\u0161ak mo\u017en\u00e1 a\u017e od okam\u017eiku, kdy se dozv\u00edme o konkr\u00e9tn\u00edm protipr\u00e1vn\u00edm jedn\u00e1n\u00ed. Pokud se dozv\u00edme o p\u0159\u00edslu\u0161n\u00fdch poru\u0161en\u00edch pr\u00e1vn\u00edch p\u0159edpis\u016f, tento obsah okam\u017eit\u011b odstran\u00edme.<\/p>\r\n<h3>Odpov\u011bdnost za odkazy<\/h3>\r\n<p>Na\u0161e nab\u00eddka obsahuje odkazy na extern\u00ed webov\u00e9 str\u00e1nky t\u0159et\u00edch stran, na jejich\u017e obsah nem\u00e1me \u017e\u00e1dn\u00fd vliv. Proto nem\u016f\u017eeme p\u0159evz\u00edt \u017e\u00e1dnou odpov\u011bdnost za tento extern\u00ed obsah. Za obsah odkazovan\u00fdch str\u00e1nek je v\u017edy odpov\u011bdn\u00fd p\u0159\u00edslu\u0161n\u00fd poskytovatel nebo provozovatel str\u00e1nek. Odkazovan\u00e9 str\u00e1nky byly v dob\u011b odkazov\u00e1n\u00ed zkontrolov\u00e1ny z hlediska mo\u017en\u00e9ho poru\u0161en\u00ed pr\u00e1vn\u00edch p\u0159edpis\u016f. Nez\u00e1konn\u00fd obsah nebyl v dob\u011b propojen\u00ed rozpoznateln\u00fd.<\/p>\r\n<p>Trval\u00e1 kontrola obsahu odkazovan\u00fdch str\u00e1nek v\u0161ak nen\u00ed p\u0159im\u011b\u0159en\u00e1 bez konkr\u00e9tn\u00edch n\u00e1znak\u016f poru\u0161en\u00ed z\u00e1kona. Jakmile se dozv\u00edme o poru\u0161en\u00ed pr\u00e1vn\u00edch p\u0159edpis\u016f, tyto odkazy okam\u017eit\u011b odstran\u00edme.<\/p>\r\n<h3>autorsk\u00e1 pr\u00e1va<\/h3>\r\n<p>Obsah a d\u00edla vytvo\u0159en\u00e1 provozovateli str\u00e1nek na t\u011bchto str\u00e1nk\u00e1ch podl\u00e9haj\u00ed n\u011bmeck\u00e9mu autorsk\u00e9mu pr\u00e1vu. Rozmno\u017eov\u00e1n\u00ed, zpracov\u00e1n\u00ed, distribuce a jak\u00fdkoli druh vyu\u017eit\u00ed mimo hranice autorsk\u00e9ho pr\u00e1va vy\u017eaduje p\u00edsemn\u00fd souhlas p\u0159\u00edslu\u0161n\u00e9ho autora nebo tv\u016frce. Stahov\u00e1n\u00ed a kop\u00edrov\u00e1n\u00ed t\u011bchto str\u00e1nek je povoleno pouze pro soukrom\u00e9, nekomer\u010dn\u00ed pou\u017eit\u00ed.<\/p>\r\n<p>Pokud obsah na t\u00e9to str\u00e1nce nebyl vytvo\u0159en provozovatelem, jsou dodr\u017eov\u00e1na autorsk\u00e1 pr\u00e1va t\u0159et\u00edch stran. Zejm\u00e9na obsah t\u0159et\u00edch stran je jako takov\u00fd ozna\u010den. Pokud se p\u0159esto dozv\u00edte o poru\u0161en\u00ed autorsk\u00fdch pr\u00e1v, \u017e\u00e1d\u00e1me v\u00e1s o p\u0159\u00edslu\u0161n\u00e9 upozorn\u011bn\u00ed. Jakmile se dozv\u00edme o poru\u0161en\u00ed pr\u00e1vn\u00edch p\u0159edpis\u016f, okam\u017eit\u011b takov\u00fd obsah odstran\u00edme.<\/p>\r\n<p>Zdroj: <a href=\"https:\/\/www.e-recht24.de\">e-recht24.cz<\/a><\/p>\r\n<p>&nbsp;<\/p>\r\n<h3>OBJEDN\u00c1VKY<\/h3>\r\n<p>Na\u0161e n\u00e1vratov\u00e1 politika je platn\u00e1 po dobu 30 dn\u016f. Bohu\u017eel, pokud je v\u00e1\u0161 n\u00e1kup v\u00edce ne\u017e 30 dn\u00ed zp\u011bt, nebudeme v\u00e1m moci nab\u00eddnout vr\u00e1cen\u00ed pen\u011bz nebo v\u00fdm\u011bnu.<\/p>\r\n<p>Chcete-li m\u00edt n\u00e1rok na vr\u00e1cen\u00ed, mus\u00ed b\u00fdt va\u0161e polo\u017eka nepou\u017eit\u00e1 a ve stejn\u00e9m stavu, v jak\u00e9m jste ji obdr\u017eeli. Zbo\u017e\u00ed mus\u00ed b\u00fdt tak\u00e9 v p\u016fvodn\u00edm obalu.<\/p>\r\n<p>N\u011bkter\u00e9 polo\u017eky jsou z vr\u00e1cen\u00ed zcela vylou\u010deny. Zbo\u017e\u00ed podl\u00e9haj\u00edc\u00ed rychl\u00e9 zk\u00e1ze, jako jsou potraviny, kv\u011btiny, noviny nebo \u010dasopisy, nelze vr\u00e1tit. Rovn\u011b\u017e nep\u0159ij\u00edm\u00e1me v\u00fdrobky, kter\u00e9 jsou intimn\u00edmi nebo hygienick\u00fdmi p\u0159edm\u011bty, nebezpe\u010dn\u00fdmi materi\u00e1ly nebo ho\u0159lav\u00fdmi kapalinami nebo plyny.<\/p>\r\n<p>Krom\u011b toho nelze vr\u00e1tit tyto polo\u017eky:<br>* D\u00e1rkov\u00e9 poukazy<br>* Softwarov\u00e9 produkty ke sta\u017een\u00ed<br>* N\u011bkter\u00e9 produkty pro zdrav\u00ed a osobn\u00ed p\u00e9\u010di<\/p>\r\n<p>Chcete-li dokon\u010dit sv\u016fj n\u00e1vrat, pot\u0159ebujeme potvrzen\u00ed nebo doklad o n\u00e1kupu.<br>Zakoupen\u00e9 zbo\u017e\u00ed pros\u00edm nevra\u0165te v\u00fdrobci.<\/p>\r\n<p>V ur\u010dit\u00fdch situac\u00edch budou poskytnuty pouze \u010d\u00e1ste\u010dn\u00e9 n\u00e1hrady (je-li to relevantn\u00ed).<br>* Knihy se z\u0159ejm\u00fdmi zn\u00e1mkami pou\u017eit\u00ed<br>* CD, DVD, VHS kazety, software, videohry, kazety nebo vinylov\u00e9 desky, kter\u00e9 byly otev\u0159eny.<br>* Polo\u017eky, kter\u00e9 ji\u017e nejsou v p\u016fvodn\u00edm stavu, po\u0161kozen\u00e9 nebo chyb\u011bj\u00edc\u00ed \u010d\u00e1sti z d\u016fvod\u016f, kter\u00e9 nelze p\u0159i\u010d\u00edst na\u0161\u00ed zavin\u011bn\u00ed.<br>* Polo\u017eky vr\u00e1cen\u00e9 po 30 dnech od doru\u010den\u00ed.<br>N\u00e1hrady (v p\u0159\u00edslu\u0161n\u00fdch p\u0159\u00edpadech)<br>Pokud jsme obdr\u017eeli a zkontrolovali v\u00e1\u0161 n\u00e1vrat, za\u0161leme v\u00e1m e-mail, abychom v\u00e1s informovali, \u017ee jsme obdr\u017eeli polo\u017eku, kterou jste vr\u00e1tili. Budeme v\u00e1s tak\u00e9 informovat o schv\u00e1len\u00ed nebo zam\u00edtnut\u00ed vr\u00e1cen\u00ed pen\u011bz.<br>Pokud byla va\u0161e refundace schv\u00e1lena, bude zpracov\u00e1na. Po n\u011bkolika dnech budete automaticky p\u0159ips\u00e1ni na va\u0161i kreditn\u00ed kartu nebo p\u016fvodn\u00ed zp\u016fsob platby.<\/p>\r\n<p>Zpo\u017ed\u011bn\u00e9 nebo chyb\u011bj\u00edc\u00ed n\u00e1hrady (v p\u0159\u00edslu\u0161n\u00fdch p\u0159\u00edpadech) <br>Pokud jste je\u0161t\u011b neobdr\u017eeli vr\u00e1cen\u00ed pen\u011bz, nejprve zkontrolujte sv\u016fj bankovn\u00ed \u00fa\u010det znovu.<br>Obra\u0165te se na spole\u010dnost, kter\u00e1 vydala va\u0161i kreditn\u00ed kartu. M\u016f\u017ee trvat n\u011bjakou dobu, ne\u017e bude va\u0161e refundace p\u0159ips\u00e1na.<br>Obra\u0165te se na svou banku. Tam je \u010dasto doba zpracov\u00e1n\u00ed a\u017e do vr\u00e1cen\u00ed pen\u011bz je za\u00fa\u010dtov\u00e1n na v\u00e1\u0161 \u00fa\u010det.<br>Pokud jste to v\u0161echno ud\u011blali a st\u00e1le jste neobdr\u017eeli n\u00e1hradu, kontaktujte n\u00e1s na adrese enrico.bender@aps-eb.de.<br>Polo\u017eka nab\u00eddky (v p\u0159\u00edslu\u0161n\u00fdch p\u0159\u00edpadech) <br>Vr\u00e1cen\u00ed pen\u011bz lze prov\u00e9st pouze u polo\u017eek s b\u011b\u017enou cenou, polo\u017eky nab\u00eddky jsou bohu\u017eel vylou\u010deny z vr\u00e1cen\u00ed pen\u011bz.<\/p>\r\n<p>V\u00fdm\u011bna (v p\u0159\u00edslu\u0161n\u00fdch p\u0159\u00edpadech) <br>V\u00fdm\u011bna se poskytuje pouze za vadn\u00e9 nebo po\u0161kozen\u00e9 p\u0159edm\u011bty. Pokud chcete vym\u011bnit polo\u017eku za stejnou polo\u017eku, po\u0161lete n\u00e1m e-mail na adresu enrico.bender@aps-eb.de a po\u0161lete polo\u017eku na adresu: Enrico Bender; Otfried-Preu\u00dfler Str. 5; 56564 Neuwied \u2013 N\u011bmecko.<\/p>\r\n<p>d\u00e1rky<br>Pokud byla polo\u017eka ozna\u010dena jako d\u00e1rek v dob\u011b n\u00e1kupu a zasl\u00e1na p\u0159\u00edmo v\u00e1m, obdr\u017e\u00edte pouk\u00e1zku ve v\u00fd\u0161i kupn\u00ed hodnoty p\u0159i vr\u00e1cen\u00ed polo\u017eky. Jakmile obdr\u017e\u00edme vr\u00e1cenou polo\u017eku, obdr\u017e\u00edte pouk\u00e1zku e-mailem.<\/p>\r\n<p>Pokud polo\u017eka nebyla ozna\u010dena jako d\u00e1rek v dob\u011b n\u00e1kupu nebo zasl\u00e1na obdarovan\u00e9 osob\u011b, bude vr\u00e1cena obdarovan\u00e9 osob\u011b a obdarovan\u00e1 osoba bude informov\u00e1na o vr\u00e1cen\u00ed.<br>odes\u00edl\u00e1n\u00ed<br>Chcete-li produkt vr\u00e1tit, za\u0161lete jej na adresu: Enrico Bender; Otfried-Preu\u00dfler Str. 5; 56564 Neuwied \u2013 poslat N\u011bmecko.<\/p>\r\n<p>N\u00e1klady na dopravu za vr\u00e1cen\u00ed zbo\u017e\u00ed mus\u00edte zaplatit sami. P\u0159epravn\u00ed n\u00e1klady nelze vr\u00e1tit. Pokud obdr\u017e\u00edte n\u00e1hradu, n\u00e1klady na dopravu pro vr\u00e1cen\u00ed budou ode\u010dteny z va\u0161\u00ed n\u00e1hrady.<\/p>\r\n<p>Doba pot\u0159ebn\u00e1 k doru\u010den\u00ed vym\u011bn\u011bn\u00e9 polo\u017eky se m\u016f\u017ee li\u0161it v z\u00e1vislosti na zemi, ve kter\u00e9 bydl\u00edte.<\/p>\r\n<p>Pokud odes\u00edl\u00e1te polo\u017eku v hodnot\u011b v\u00edce ne\u017e 75 dolar\u016f, zva\u017ete sledovac\u00ed p\u0159epravn\u00ed slu\u017ebu nebo poji\u0161t\u011bn\u00ed p\u0159epravy. Nem\u016f\u017eeme zaru\u010dit, \u017ee obdr\u017e\u00edme zbo\u017e\u00ed, kter\u00e9 jste vr\u00e1tili.<\/p>\r\n\r\n<p class=\"has-medium-font-size\">&nbsp;<\/p>\r\n\n[gzd_st\u00ed\u017enosti]","protected":false},"excerpt":{"rendered":"<p>Informace podle \u00a7 5 TMG po\u0161tovn\u00ed adresaEnrico BenderAirPlaneService - Enrico BenderOtfried-Preu\u00dfler Str. 556564 NeuwiedHomebase EDRE - Mendig Kontakt Telefon: +49 (0)<\/p>","protected":false},"author":1,"featured_media":0,"parent":0,"menu_order":99,"comment_status":"closed","ping_status":"closed","template":"","meta":{"_rtcl_gb_attr":"","ngg_post_thumbnail":0,"footnotes":""},"class_list":["post-135","page","type-page","status-publish","hentry"],"jetpack_sharing_enabled":true,"_links":{"self":[{"href":"https:\/\/www.aps-eb.de\/cs\/wp-json\/wp\/v2\/pages\/135","targetHints":{"allow":["GET"]}}],"collection":[{"href":"https:\/\/www.aps-eb.de\/cs\/wp-json\/wp\/v2\/pages"}],"about":[{"href":"https:\/\/www.aps-eb.de\/cs\/wp-json\/wp\/v2\/types\/page"}],"author":[{"embeddable":true,"href":"https:\/\/www.aps-eb.de\/cs\/wp-json\/wp\/v2\/users\/1"}],"replies":[{"embeddable":true,"href":"https:\/\/www.aps-eb.de\/cs\/wp-json\/wp\/v2\/comments?post=135"}],"version-history":[{"count":0,"href":"https:\/\/www.aps-eb.de\/cs\/wp-json\/wp\/v2\/pages\/135\/revisions"}],"wp:attachment":[{"href":"https:\/\/www.aps-eb.de\/cs\/wp-json\/wp\/v2\/media?parent=135"}],"curies":[{"name":"wp","href":"https:\/\/api.w.org\/{rel}","templated":true}]}}