{"id":1626,"date":"2024-03-26T13:06:42","date_gmt":"2024-03-26T13:06:42","guid":{"rendered":"https:\/\/aps-eb.de\/?page_id=1626"},"modified":"2024-03-26T14:14:53","modified_gmt":"2024-03-26T14:14:53","slug":"galerie","status":"publish","type":"page","link":"https:\/\/www.aps-eb.de\/cs\/galerie\/","title":{"rendered":"galerie"},"content":{"rendered":"<h3 class=\"wp-block-heading has-text-align-center\"><strong>Zde si m\u016f\u017eete prohl\u00e9dnout fotografie z na\u0161\u00ed pr\u00e1ce. Galerii budeme postupn\u011b roz\u0161i\u0159ovat. <\/strong><br><strong>Pro zv\u011bt\u0161en\u00ed obr\u00e1zk\u016f pros\u00edm klikn\u011bte na n\u011bj!<\/strong><\/h3>\n\n\n\nngg_shortcode_0_placeholder","protected":false},"excerpt":{"rendered":"<p>Zde si m\u016f\u017eete prohl\u00e9dnout fotografie z na\u0161\u00ed pr\u00e1ce. Galerii budeme postupn\u011b roz\u0161i\u0159ovat. Pro zv\u011bt\u0161en\u00ed obr\u00e1zk\u016f pros\u00edm klikn\u011bte na<\/p>","protected":false},"author":1,"featured_media":0,"parent":0,"menu_order":3,"comment_status":"open","ping_status":"closed","template":"","meta":{"_rtcl_gb_attr":"","ngg_post_thumbnail":0,"footnotes":""},"class_list":["post-1626","page","type-page","status-publish","hentry"],"jetpack_sharing_enabled":true,"_links":{"self":[{"href":"https:\/\/www.aps-eb.de\/cs\/wp-json\/wp\/v2\/pages\/1626","targetHints":{"allow":["GET"]}}],"collection":[{"href":"https:\/\/www.aps-eb.de\/cs\/wp-json\/wp\/v2\/pages"}],"about":[{"href":"https:\/\/www.aps-eb.de\/cs\/wp-json\/wp\/v2\/types\/page"}],"author":[{"embeddable":true,"href":"https:\/\/www.aps-eb.de\/cs\/wp-json\/wp\/v2\/users\/1"}],"replies":[{"embeddable":true,"href":"https:\/\/www.aps-eb.de\/cs\/wp-json\/wp\/v2\/comments?post=1626"}],"version-history":[{"count":0,"href":"https:\/\/www.aps-eb.de\/cs\/wp-json\/wp\/v2\/pages\/1626\/revisions"}],"wp:attachment":[{"href":"https:\/\/www.aps-eb.de\/cs\/wp-json\/wp\/v2\/media?parent=1626"}],"curies":[{"name":"wp","href":"https:\/\/api.w.org\/{rel}","templated":true}]}}