{"id":2425,"date":"2025-06-16T10:20:58","date_gmt":"2025-06-16T10:20:58","guid":{"rendered":"https:\/\/aps-eb.de\/?page_id=2425"},"modified":"2025-06-16T10:20:58","modified_gmt":"2025-06-16T10:20:58","slug":"barrierefreiheitserklaerung","status":"publish","type":"page","link":"https:\/\/www.aps-eb.de\/cs\/barrierefreiheitserklaerung\/","title":{"rendered":"Prohl\u00e1\u0161en\u00ed o p\u0159\u00edstupnosti"},"content":{"rendered":"<h1>Prohl\u00e1\u0161en\u00ed o p\u0159\u00edstupnosti<\/h1>\n<h5>Stav: 16.06.2025<\/h5>\n<p>Informace o p\u0159\u00edstupnosti t\u011bchto webov\u00fdch str\u00e1nek v souladu s \u00a7 9b NBGG a o<br \/>\nmo\u017enost kontaktu v tomto ohledu.<\/p>\n<p>Toto prohl\u00e1\u0161en\u00ed o p\u0159\u00edstupnosti se vztahuje na: <a href=\"https:\/\/www.aps-eb.de\/cs\/\">https:\/\/www.aps-eb.de<\/a>\/.<\/p>\n<p>Tyto internetov\u00e9 str\u00e1nky spl\u0148uj\u00ed po\u017eadavky harmonizovan\u00e9 evropsk\u00e9 normy EN 301 549<br \/>\nV2.1.2 (08-2018) v\u011bt\u0161inou kompatibiln\u00ed.<\/p>\n<h3 id=\"unsere-internetseiten-bieten-folgende-moeglichkeiten-f0b3cbcc\" class=\"paragraph h3\">Na\u0161e webov\u00e9 str\u00e1nky nab\u00edzej\u00ed n\u00e1sleduj\u00edc\u00ed mo\u017enosti:<\/h3>\n<h5 id=\"textgroesse-f0b3cbcc\" class=\"paragraph h3\">Velikost textu<\/h5>\n<p class=\"paragraph\">Text m\u016f\u017eete zv\u011bt\u0161it kl\u00e1vesami CTRL a + (zcela vpravo od \u010d\u00edseln\u00e9ho pole). Obraz se automaticky uprav\u00ed. Ctrl a \u2013 text se op\u011bt zmen\u0161uje.<\/p>\n<h5 id=\"vorlesen-lassen-f0b3cbcc\" class=\"paragraph h3\">Nechte je \u010d\u00edst nahlas<\/h5>\n<p class=\"paragraph\">S \u010dtec\u00edmi programy m\u016f\u017eete nechat obsah na\u0161ich str\u00e1nek \u010d\u00edst nahlas. Str\u00e1nky jsou strukturov\u00e1ny tak, abyste na za\u010d\u00e1tku mohli naj\u00edt ty nejd\u016fle\u017eit\u011bj\u0161\u00ed informace. Obr\u00e1zky a grafika jsou opat\u0159eny alternativn\u00edmi texty. Dokumenty se nahr\u00e1vaj\u00ed ve form\u00e1tu PDF, nikoli jako obr\u00e1zky.<\/p>\n<h5 id=\"ohne-maus-navigieren-f0b3cbcc\" class=\"paragraph h3\">Navigace bez my\u0161i<\/h5>\n<p class=\"paragraph\">Na\u0161e menu m\u016f\u017eete pou\u017e\u00edt nejen my\u0161\u00ed, ale tak\u00e9 tla\u010d\u00edtkem z\u00e1lo\u017eky. Ka\u017ed\u00e9 kliknut\u00ed na kl\u00e1vesu Tab v\u00e1s posune o krok d\u00e1le v navigaci. A\u017e se dostanete na str\u00e1nku, kterou chcete otev\u0159\u00edt, stiskn\u011bte kl\u00e1vesu Enter. Chcete-li posouvat, pou\u017eijte kl\u00e1vesy se \u0161ipkami.<\/p>\n<h3 id=\"xf0b3cbcc\" class=\"paragraph h3\">&nbsp;<\/h3>\n<h5 id=\"brotkrumen-navigation-f0b3cbcc\" class=\"paragraph h3\">Drobe\u010dkov\u00e1 navigace<\/h5>\n<p class=\"paragraph\">Krom\u011b nab\u00eddky m\u016f\u017eete na ka\u017ed\u00e9 str\u00e1nce proch\u00e1zet tak\u00e9 tzv. strouhanku. drobky chleba). Navigaci najdete pod velk\u00fdm obr\u00e1zkem. Zde m\u016f\u017eete p\u0159esko\u010dit zp\u011bt na jin\u00e9 nad\u0159azen\u00e9 str\u00e1nky.<\/p>\n<h5 id=\"links-f0b3cbcc\" class=\"paragraph h3\">vlevo<\/h5>\n<p class=\"paragraph\">Intern\u00ed a extern\u00ed odkazy jsou barevn\u011b odli\u0161eny. Dopl\u0148uj\u00edc\u00ed informace zahrnuj\u00ed tzv. atribut title, kter\u00fd se zobraz\u00ed v grafick\u00fdch prohl\u00ed\u017ee\u010d\u00edch, jakmile my\u0161 uk\u00e1\u017ee na odkaz. U\u017eivatel\u00e9 asisten\u010dn\u00edch program\u016f mohou pot\u0159ebovat povolit dal\u0161\u00ed funkce pro p\u0159\u00edjem t\u011bchto informac\u00ed.<\/p>\n<p>&nbsp;<\/p>\n<h5>Nep\u0159\u00edstupn\u00fd obsah:<\/h5>\n<ul class=\"unordered-list\">\n<li class=\"list-item unordered-list-item\">Nem\u00e1 verzi v jednoduch\u00e9m jazyce<\/li>\n<li class=\"list-item unordered-list-item\">Nem\u00e1 znakovou jazykovou verzi<\/li>\n<li class=\"list-item unordered-list-item\">Nem\u00e1 funkci pouze pro \u010dten\u00ed (readspeaker)<\/li>\n<li class=\"list-item unordered-list-item\">Nelze zobrazit titulky vide\u00ed<\/li>\n<\/ul>\n<p class=\"paragraph\">Bohu\u017eel ne v\u0161echny prvky na na\u0161ich webov\u00fdch str\u00e1nk\u00e1ch mohou b\u00fdt zcela bezbari\u00e9rov\u00e9.\u00a0P\u0159\u00edstupnost vn\u00edm\u00e1me jako neust\u00e1l\u00fd proces a na\u0161i internetovou nab\u00eddku budeme i nad\u00e1le p\u0159izp\u016fsobovat. A\u017e do op\u011btovn\u00e9ho spu\u0161t\u011bn\u00ed webov\u00fdch str\u00e1nek neust\u00e1le pracujeme na p\u0159im\u011b\u0159en\u00fdch a cenov\u011b dostupn\u00fdch opat\u0159en\u00edch k optimalizaci p\u0159\u00edstupnosti.&nbsp;<\/p>\n<p class=\"paragraph\">Pokud m\u00e1te n\u011bjak\u00e9 n\u00e1vrhy na zlep\u0161en\u00ed na na\u0161ich webov\u00fdch str\u00e1nk\u00e1ch, nev\u00e1hejte a dejte n\u00e1m v\u011bd\u011bt.<\/p>\n<h5>Zp\u011btn\u00e1 vazba a kontaktn\u00ed \u00fadaje<\/h5>\n<p>Prost\u0159ednictv\u00edm n\u00e1sleduj\u00edc\u00edho kontaktu m\u016f\u017eete zkontrolovat p\u0159\u00edpadn\u00e9 nedostatky v souvislosti s dodr\u017eov\u00e1n\u00edm<br \/>\nPoskytnout po\u017eadavky na p\u0159\u00edstupnost:<br \/>\nPo\u0161tovn\u00ed z\u00e1silka: <strong>enrico.bender@aps-eb.de<\/strong><\/p>\n<h5>Dohodovac\u00ed \u0159\u00edzen\u00ed<\/h5>\n<p>V p\u0159\u00edpad\u011b neuspokojiv\u00fdch odpov\u011bd\u00ed z v\u00fd\u0161e uveden\u00e9 kontaktn\u00ed mo\u017enosti m\u016f\u017eete<br \/>\nu sm\u00edr\u010d\u00edho org\u00e1nu z\u0159\u00edzen\u00e9ho st\u00e1tn\u00edm komisa\u0159em pro osoby s<br \/>\nZdravotn\u00ed posti\u017een\u00ed v Doln\u00edm Sasku, \u017e\u00e1dost o zah\u00e1jen\u00ed sm\u00edr\u010d\u00edho \u0159\u00edzen\u00ed.<\/p>\n<h5 id=\"durchsetzungsverfahren-f0b3cbcc\" class=\"paragraph h3\">Vykon\u00e1vac\u00ed \u0159\u00edzen\u00ed<\/h5>\n<p class=\"paragraph\">Podle \u00a7 3 odst. 1 BITV RP je vykon\u00e1vac\u00ed \u0159\u00edzen\u00ed v z\u00e1jmu zdravotn\u011b posti\u017een\u00fdch osob ve spolkov\u00e9 zemi Por\u00fdn\u00ed-Falc v kompetenci zemsk\u00e9ho komisa\u0159e.<\/p>\n<h5 id=\"landesbeauftragte-r-fuer-menschen-mit-behinderung-f0b3cbcc\" class=\"paragraph h3\">St\u00e1tn\u00ed z\u00e1stupce pro osoby se zdravotn\u00edm posti\u017een\u00edm<\/h5>\n<p class=\"paragraph\">Ministerstvo soci\u00e1ln\u00edch v\u011bc\u00ed, pr\u00e1ce, zdravotnictv\u00ed a demografie spolkov\u00e9 zem\u011b Por\u00fdn\u00ed-Falc<br \/>\nBauhofstra\u00dfe 9<br \/>\n55116 Mohu\u010d<br \/>\nTel.: 06131 165342<br \/>\nFax: 06131 16175342<br \/>\nE-mailov\u00e1 adresa:&nbsp;<a class=\"hyperlink functional-link\" title=\"Za\u0161lete e-mail na adresu lb@msagd.rlp.de\" href=\"mailto:lb@msagd.rlp.de\" target=\"_blank\" rel=\"noopener\">lb@msagd.rlp.de<\/a><br \/>\n\u00davodn\u00ed str\u00e1nka:&nbsp;<a class=\"hyperlink external-link\" title=\"P\u0159ejd\u011bte na https:\/\/inklusion.rlp.de\/index.php?id=5191 (t\u00edmto opou\u0161t\u00edte internetov\u00e9 str\u00e1nky \u201eWaste Purpose Association Rhein-Mosel-Eifel\u201c. Provozovatel &quot;Waste Purpose Association Rhein-Mosel-Eifel&quot; nen\u00ed zodpov\u011bdn\u00fd za n\u00e1sleduj\u00edc\u00ed str\u00e1nku.)\" href=\"https:\/\/inklusion.rlp.de\/index.php?id=5191\" target=\"_blank\" rel=\"noopener\">https:\/\/inklusion.rlp.de<\/a><\/p>\n<h5 id=\"schlichtungsstelle-bgg-f0b3cbcc\" class=\"paragraph h3\">Sm\u00edr\u010d\u00ed org\u00e1n BGG<u><strong><br \/>\n<\/strong><\/u><\/h5>\n<p class=\"paragraph\">Komisa\u0159 spolkov\u00e9 vl\u00e1dy pro sm\u00edr\u010d\u00ed \u0159\u00edzen\u00ed osob se zdravotn\u00edm posti\u017een\u00edm z\u0159\u00eddil sm\u00edr\u010d\u00ed org\u00e1n v souladu s \u00a7 16 BGG.\u00a0Na po\u017e\u00e1d\u00e1n\u00ed m\u016f\u017ee&nbsp;<strong><a class=\"hyperlink external-link\" title=\"P\u0159ejd\u011bte na https:\/\/www.behindertenbeauftragter.de\/DE\/SchlichtungsstelleBGG\/SchlichtungsstelleBGG_node.html (opou\u0161t\u00edte internetov\u00e9 str\u00e1nky \u201eWaste Purpose Association Rhein-Mosel-Eifel\u201c). Provozovatel &quot;Waste Purpose Association Rhein-Mosel-Eifel&quot; nen\u00ed zodpov\u011bdn\u00fd za n\u00e1sleduj\u00edc\u00ed str\u00e1nku.)\" href=\"https:\/\/www.behindertenbeauftragter.de\/DE\/SchlichtungsstelleBGG\/SchlichtungsstelleBGG_node.html\" target=\"_blank\" rel=\"noopener\">zde<\/a>&nbsp;<\/strong>je zah\u00e1jeno dohodovac\u00ed \u0159\u00edzen\u00ed.<\/p>\n<p class=\"paragraph\">Sm\u00edr\u010d\u00ed org\u00e1n podle \u00a7 16 BGG m\u00e1 za \u00fakol mimosoudn\u00ed \u0159e\u0161en\u00ed spor\u016f mezi osobami se zdravotn\u00edm posti\u017een\u00edm a org\u00e1ny ve\u0159ejn\u00e9 moci v oblasti p\u0159\u00edstupnosti. Na rozd\u00edl od mnoha soudn\u00edch \u0159\u00edzen\u00ed je sm\u00edr\u010d\u00ed \u0159\u00edzen\u00ed bezplatn\u00e9. Pr\u00e1vn\u00ed pomoc nen\u00ed nutn\u00e1.<\/p>\n<p class=\"paragraph\">Nejde v prvn\u00ed \u0159ad\u011b o nalezen\u00ed v\u00edt\u011bz\u016f nebo pora\u017een\u00fdch, ale o vy\u0159e\u0161en\u00ed konfliktu spole\u010dn\u011b s pomoc\u00ed rozhod\u010d\u00edho soudu.<\/p>\n<p class=\"paragraph\">Dal\u0161\u00ed informace o dohodovac\u00edm \u0159\u00edzen\u00ed jsou k dispozici<strong>&nbsp;<a class=\"hyperlink external-link\" title=\"P\u0159ejd\u011bte na https:\/\/www.behindertenbeauftragter.de\/DE\/SchlichtungsstelleBGG\/Schlichtungverfahren\/Schlichtungverfahren_node.html (odch\u00e1z\u00edte z internetov\u00e9 str\u00e1nky \u201eWaste Purpose Association Rhein-Mosel-Eifel\u201c). Provozovatel &quot;Waste Purpose Association Rhein-Mosel-Eifel&quot; nen\u00ed zodpov\u011bdn\u00fd za n\u00e1sleduj\u00edc\u00ed str\u00e1nku.)\" href=\"https:\/\/www.behindertenbeauftragter.de\/DE\/SchlichtungsstelleBGG\/Schlichtungsverfahren\/Schlichtungsverfahren_node.html\" target=\"_blank\" rel=\"noopener\">Tady jsem.<\/a><\/strong><\/p>\n<p>Toto prohl\u00e1\u0161en\u00ed bylo vypracov\u00e1no dne 24. listopadu 2020.<\/p>","protected":false},"excerpt":{"rendered":"<p>Prohl\u00e1\u0161en\u00ed o p\u0159\u00edstupnosti od: 16.06.2025 Informace o p\u0159\u00edstupnosti t\u011bchto webov\u00fdch str\u00e1nek v souladu s \u00a7 9b NBGG a o mo\u017enostech kontaktu v tomto ohledu. Tyto<\/p>","protected":false},"author":1,"featured_media":0,"parent":0,"menu_order":0,"comment_status":"closed","ping_status":"closed","template":"","meta":{"_rtcl_gb_attr":"","ngg_post_thumbnail":0,"footnotes":""},"class_list":["post-2425","page","type-page","status-publish","hentry"],"jetpack_sharing_enabled":true,"_links":{"self":[{"href":"https:\/\/www.aps-eb.de\/cs\/wp-json\/wp\/v2\/pages\/2425","targetHints":{"allow":["GET"]}}],"collection":[{"href":"https:\/\/www.aps-eb.de\/cs\/wp-json\/wp\/v2\/pages"}],"about":[{"href":"https:\/\/www.aps-eb.de\/cs\/wp-json\/wp\/v2\/types\/page"}],"author":[{"embeddable":true,"href":"https:\/\/www.aps-eb.de\/cs\/wp-json\/wp\/v2\/users\/1"}],"replies":[{"embeddable":true,"href":"https:\/\/www.aps-eb.de\/cs\/wp-json\/wp\/v2\/comments?post=2425"}],"version-history":[{"count":0,"href":"https:\/\/www.aps-eb.de\/cs\/wp-json\/wp\/v2\/pages\/2425\/revisions"}],"wp:attachment":[{"href":"https:\/\/www.aps-eb.de\/cs\/wp-json\/wp\/v2\/media?parent=2425"}],"curies":[{"name":"wp","href":"https:\/\/api.w.org\/{rel}","templated":true}]}}