{"id":2601,"date":"2025-10-02T15:09:17","date_gmt":"2025-10-02T15:09:17","guid":{"rendered":"https:\/\/aps-eb.de\/?page_id=2601"},"modified":"2025-10-02T15:22:49","modified_gmt":"2025-10-02T15:22:49","slug":"kleinanzeigen-flugzeugmarkt","status":"publish","type":"page","link":"https:\/\/www.aps-eb.de\/cs\/kleinanzeigen-flugzeugmarkt\/","title":{"rendered":"Inzerce - Leteck\u00fd trh"},"content":{"rendered":"<div data-elementor-type=\"wp-post\" data-elementor-id=\"2601\" class=\"elementor elementor-2601\" data-elementor-post-type=\"page\">\n\t\t\t\t<div class=\"elementor-element elementor-element-d872a2f e-flex e-con-boxed e-con e-parent\" data-id=\"d872a2f\" data-element_type=\"container\" data-e-type=\"container\">\n\t\t\t\t\t<div class=\"e-con-inner\">\n\t\t\t\t<div class=\"elementor-element elementor-element-d93af36 elementor-widget elementor-widget-heading\" data-id=\"d93af36\" data-element_type=\"widget\" data-e-type=\"widget\" data-widget_type=\"heading.default\">\n\t\t\t\t\t<h2 class=\"elementor-heading-title elementor-size-default\">Na t\u00e9to str\u00e1nce najdete zdarma inzer\u00e1ty na n\u00e1kup a prodej letadel<\/h2>\t\t\t\t<\/div>\n\t\t\t\t<div class=\"elementor-element elementor-element-af8aa53 elementor-widget elementor-widget-rtcl-listing-headerbtn\" data-id=\"af8aa53\" data-element_type=\"widget\" data-e-type=\"widget\" data-widget_type=\"rtcl-listing-headerbtn.default\">\n\t\t\t\t<div class=\"elementor-widget-container\">\n\t\t\t\t\t<div class=\"rtcl-el-listing-header-action listing-header-action\">\n\t<ul class=\"rtcl-el-header-btn\">\n\t\t\t\t\t\t\n\t\t\t\t\t\t<li class=\"rtcl-el-add-listing-btn\" style=\"order:5\">\n\t\t\t<a href=\"https:\/\/www.aps-eb.de\/cs\/listing-form\/\" class=\"rtcl-el-item-btn\">\n\t\t\t\t<span>\n\t\t\t\t\t<i aria-hidden=\"true\" class=\"fas fa-plus-circle\"><\/i>\t\t\t\t<\/span> \n\t\t\t\t\t\t\t\t\t<div class=\"rtcl-el-btn-text\"> Zve\u0159ejnit inzer\u00e1t <\/div>\n\t\t\t\t\t\t\t<\/a>\n\t\t<\/li>\n\t\t\t\t\n\t<\/ul>\n<\/div>\n\t\t\t\t<\/div>\n\t\t\t\t<\/div>\n\t\t\t\t\t<\/div>\n\t\t\t\t<\/div>\n\t\t<div class=\"elementor-element elementor-element-bbb6790 e-flex e-con-boxed e-con e-parent\" data-id=\"bbb6790\" data-element_type=\"container\" data-e-type=\"container\">\n\t\t\t\t\t<div class=\"e-con-inner\">\n\t\t\t\t<div class=\"elementor-element elementor-element-8a72f8f elementor-widget elementor-widget-rtcl-listing-search-form\" data-id=\"8a72f8f\" data-element_type=\"widget\" data-e-type=\"widget\" data-widget_type=\"rtcl-listing-search-form.default\">\n\t\t\t\t<div class=\"elementor-widget-container\">\n\t\t\t\t\t\n<div class=\"rtcl rtcl-widget-search rtcl-widget-search-inline rtcl-widget-search-style-dependency rtcl-elementor-widget-search\">\n\t<form action=\"\" class=\"rtcl-widget-search-form\" data-etm-original-action=\"\">\n        <input type=\"hidden\" id=\"rtcl_widget_search_nonce\" name=\"rtcl_widget_search_nonce\" value=\"d7ac9d83ac\" \/><input type=\"hidden\" name=\"_wp_http_referer\" value=\"\/cs\/wp-json\/wp\/v2\/pages\/2601\" \/>\t\t<div class=\"rtcl-row rtcl-no-margin active-field-4\">\n\t\t\t\n\t\t\t\t\t\t\n\t\t\t\n    <div class=\"rtcl-form-group ws-item ws-category ws-category-dependency rtcl-col-sm-6 rtcl-col-12\">\n                    <label class=\"screen-reader-text\" for=\"rtcl-category-search-1436780906\">Kategorie<\/label>\n                <div class=\"rtcl-terms\"><input type=\"hidden\" class=\"rtcl-term-hidden rtcl-term-rtcl_category\" data-slug=\"\" value=\"0\" \/><input type=\"hidden\" name=\"rtcl_category\" class=\"rtcl-term-hidden-value rtcl-term-rtcl_category\" value=\"\" \/><select id=\"rtcl-category-search-1436780906\" class=\"rtcl-form-control rtcl-category-search\" data-taxonomy=\"rtcl_category\" data-parent=\"0\"><option value=\"-1\">Vyberte kategorii<\/option><option data-slug=\"beech\" value=\"316\">Buk<\/option><option data-slug=\"cessna\" value=\"308\">Cessna<\/option><option data-slug=\"cirrus\" value=\"317\">Cirrus<\/option><option data-slug=\"diamond\" value=\"318\">Diamant<\/option><option data-slug=\"extra\" value=\"326\">Extra<\/option><option data-slug=\"mooney\" value=\"319\">Mooney<\/option><option data-slug=\"piper\" value=\"309\">Piper<\/option><option data-slug=\"pitts\" value=\"325\">Pitts<\/option><option data-slug=\"pzl\" value=\"324\">PZL<\/option><option data-slug=\"robin\" value=\"320\">Robin<\/option><option data-slug=\"tecnam\" value=\"323\">Tecnam<\/option><option data-slug=\"ultraleicht\" value=\"310\">Ultralehk\u00e9<\/option><option data-slug=\"yakovlev\" value=\"321\">Jakovlev<\/option><option data-slug=\"zlin\" value=\"322\">Zlin<\/option><\/select><\/div>    <\/div>\n\t\t\t\n\t\t\t\n    <div class=\"rtcl-form-group ws-item ws-type rtcl-col-sm-6 rtcl-col-12\">\n                    <label class=\"screen-reader-text\" for=\"rtcl-search-type-1436780906\">Type<\/label>\n                <select class=\"rtcl-form-control\" id=\"rtcl-search-type-1436780906\" name=\"filters[ad_type]\">\n            <option value=\"\">Vybrat typ<\/option>\n                                <option value=\"sell\" >Prodej<\/option>\n                                        <option value=\"buy\" >Koupit<\/option>\n                            <\/select>\n    <\/div>\n\t\t\t\n\t\t\t\n\t\t\t\n\t\t\t    <div class=\"rtcl-form-group ws-item ws-text rtcl-col-sm-6\">\n                    <label class=\"screen-reader-text\" for=\"rtcl-search-keyword-1436780906\">Kl\u00ed\u010dov\u00e9 slovo<\/label>\n                <div class=\"rt-autocomplete-wrapper\">\n                                    <div class=\"keywords-field-wrapper\">\n                <input id=\"rtcl-search-keyword-1436780906\" type=\"text\" name=\"q\" data-type=\"listing\" class=\"rtcl-autocomplete rtcl-form-control\" placeholder=\"Zadejte kl\u00ed\u010dov\u00e9 slovo zde...\" value=\"\">\n            <\/div>\n        <\/div>\n    <\/div>\n\t\t\t\n\t\t\t<div class=\"rtcl-form-group ws-item ws-button  rtcl-col-sm-6\">\n\t\t<div class=\"rtcl-action-buttons button-left\">\n\t\t<button type=\"submit\" class=\"rtcl-btn\">Vyhled\u00e1v\u00e1n\u00ed<\/button>\n\t<\/div>\n<\/div>\t\t\t\n\t\t<\/div>\n\t\t\t<input type=\"hidden\" name=\"etm-form-language\" value=\"cs\"\/><\/form>\n<\/div>\n\t\t\t\t<\/div>\n\t\t\t\t<\/div>\n\t\t\t\t<div class=\"elementor-element elementor-element-ca74eea title-show-full elementor-widget elementor-widget-rtcl-listing-items\" data-id=\"ca74eea\" data-element_type=\"widget\" data-e-type=\"widget\" data-widget_type=\"rtcl-listing-items.default\">\n\t\t\t\t<div class=\"elementor-widget-container\">\n\t\t\t\t\t\n<div class=\"rtcl rtcl-listings-sc-wrapper rtcl-elementor-widget\">\n\t<div class=\"rtcl-listings-wrapper\">\n\t\t\t\t<div class=\"rtcl-listings rtcl-ajax-listings rtcl-grid-view rtcl-style-1-view columns-5  tab-columns-2 mobile-columns-2\">\n\t\t\t\n\t\t\t\t<div class=\"rtcl-widget-listing-item listing-item rtcl-listing-item post-18372 status-publish is-sell rtcl_category-yakovlev\">\n\t\t\t\t\t\n\t\t\t\t\t\n\t\t\t\t\t<div class='listing-thumb'><div class='listing-thumb-inner'><a href='https:\/\/www.aps-eb.de\/cs\/rtcl_listing\/18372\/' title='Legendary soviet trainer YAK-52'><img fetchpriority=\"high\" decoding=\"async\" width=\"320\" height=\"240\" src=\"https:\/\/www.aps-eb.de\/wp-content\/uploads\/classified-listing\/2026\/01\/YAK-52-02-320x240.png\" class=\"rtcl-thumbnail\" alt=\"YAK-52-02\" title=\"\" \/><\/a><div class=\"rtcl-meta-buttons-wrap horizontal-layout meta-button-count-1\">\t\t\t\t\t\t<div class=\"rtcl-fav rtcl-el-button\">\n\t\t\t\t\t\t\t<a href=\"\/cs\/void(0)\/\" class=\"rtcl-require-login\"><span class=\"rtcl-icon rtcl-icon-heart-empty\"><\/span><span class=\"favourite-label\">P\u0159idat k obl\u00edben\u00fdm<\/span><\/a>\t\t\t\t\t\t<\/div>\n\t\t\t\t\t\t\t\t\t\t  \t\t\t\t\t\t\t\t\t\t<\/div><\/div><\/div> <div class=\"rtin-content-area\"><div class=\"item-content\"><div class='rtcl-listing-badge-wrap'><\/div>\n <div class=\"category\"><a href=\"https:\/\/www.aps-eb.de\/cs\/listing-category\/yakovlev\/\">Jakovlev<\/a><\/div> <h3 class=\"listing-title rtcl-listing-title\"><a href=\"https:\/\/www.aps-eb.de\/cs\/rtcl_listing\/18372\/\" title=\"Legendary soviet trainer YAK-52\">Legendary soviet trainer YAK-52<\/a><\/h3>  <ul class=\"rtcl-listing-meta-data\"><li class=\"rtin-type\"><i class=\"rtcl-icon-tags\" aria-hidden=\"true\"><\/i>Prodej<\/li>  <li class=\"date\"><i class=\"rtcl-icon rtcl-icon-clock\" aria-hidden=\"true\"><\/i>3 m\u011bs\u00edce ago<\/li>  <li class=\"view\"><i class=\"rtcl-icon rtcl-icon-eye\" aria-hidden=\"true\"><\/i>105 views<\/li><\/ul>  <div class=\"rtin-right\"><div class=\"item-price\"><div class=\"rtcl-price price-type-regular\"><span class=\"rtcl-price-amount amount\">69.000&nbsp;<span class=\"rtcl-price-currencySymbol\">EUR<\/span><\/span><\/div><\/div> <\/div><\/div><\/div>\n\t\t\t\t<\/div>\n\n\t\t\t\n\t\t\t\t<div class=\"rtcl-widget-listing-item listing-item rtcl-listing-item post-18368 status-publish is-sell rtcl_category-cessna\">\n\t\t\t\t\t\n\t\t\t\t\t\n\t\t\t\t\t<div class='listing-thumb'><div class='listing-thumb-inner'><a href='https:\/\/www.aps-eb.de\/cs\/rtcl_listing\/garmin-gns\/' title='Garmin GNS'><img decoding=\"async\" width=\"320\" height=\"240\" src=\"https:\/\/www.aps-eb.de\/wp-content\/uploads\/classified-listing\/2025\/12\/650-320x240.jpg\" class=\"rtcl-thumbnail\" alt=\"650\" title=\"\" \/><\/a><div class=\"rtcl-meta-buttons-wrap horizontal-layout meta-button-count-1\">\t\t\t\t\t\t<div class=\"rtcl-fav rtcl-el-button\">\n\t\t\t\t\t\t\t<a href=\"\/cs\/void(0)\/\" class=\"rtcl-require-login\"><span class=\"rtcl-icon rtcl-icon-heart-empty\"><\/span><span class=\"favourite-label\">P\u0159idat k obl\u00edben\u00fdm<\/span><\/a>\t\t\t\t\t\t<\/div>\n\t\t\t\t\t\t\t\t\t\t  \t\t\t\t\t\t\t\t\t\t<\/div><\/div><\/div> <div class=\"rtin-content-area\"><div class=\"item-content\"><div class='rtcl-listing-badge-wrap'><\/div>\n <div class=\"category\"><a href=\"https:\/\/www.aps-eb.de\/cs\/listing-category\/cessna\/\">Cessna<\/a><\/div> <h3 class=\"listing-title rtcl-listing-title\"><a href=\"https:\/\/www.aps-eb.de\/cs\/rtcl_listing\/garmin-gns\/\" title=\"Garmin GNS\">Garmin GNS<\/a><\/h3>  <ul class=\"rtcl-listing-meta-data\"><li class=\"rtin-type\"><i class=\"rtcl-icon-tags\" aria-hidden=\"true\"><\/i>Prodej<\/li>  <li class=\"date\"><i class=\"rtcl-icon rtcl-icon-clock\" aria-hidden=\"true\"><\/i>3 m\u011bs\u00edce ago<\/li>  <li class=\"view\"><i class=\"rtcl-icon rtcl-icon-eye\" aria-hidden=\"true\"><\/i>103 views<\/li><\/ul>  <div class=\"rtin-right\"><div class=\"item-price\"><div class=\"rtcl-price price-type-regular\"><span class=\"rtcl-price-amount amount\">5.000&nbsp;<span class=\"rtcl-price-currencySymbol\">EUR<\/span><\/span><\/div><\/div> <\/div><\/div><\/div>\n\t\t\t\t<\/div>\n\n\t\t\t\n\t\t\t\t<div class=\"rtcl-widget-listing-item listing-item rtcl-listing-item post-3427 status-publish is-sell rtcl_category-ultraleicht\">\n\t\t\t\t\t\n\t\t\t\t\t\n\t\t\t\t\t<div class='listing-thumb'><div class='listing-thumb-inner'><a href='https:\/\/www.aps-eb.de\/cs\/rtcl_listing\/flight-design-ct\/' title='Letov\u00fd design CT'><img decoding=\"async\" width=\"320\" height=\"240\" src=\"https:\/\/www.aps-eb.de\/wp-content\/uploads\/classified-listing\/2025\/10\/WhatsApp-Image-2025-10-30-at-09.36.05-1-320x240.webp\" class=\"rtcl-thumbnail\" alt=\"WhatsApp-Image-2025-10-30-na-09.36.05-1\" title=\"\" \/><\/a><div class=\"rtcl-meta-buttons-wrap horizontal-layout meta-button-count-1\">\t\t\t\t\t\t<div class=\"rtcl-fav rtcl-el-button\">\n\t\t\t\t\t\t\t<a href=\"\/cs\/void(0)\/\" class=\"rtcl-require-login\"><span class=\"rtcl-icon rtcl-icon-heart-empty\"><\/span><span class=\"favourite-label\">P\u0159idat k obl\u00edben\u00fdm<\/span><\/a>\t\t\t\t\t\t<\/div>\n\t\t\t\t\t\t\t\t\t\t  \t\t\t\t\t\t\t\t\t\t<\/div><\/div><\/div> <div class=\"rtin-content-area\"><div class=\"item-content\"><div class='rtcl-listing-badge-wrap'><\/div>\n <div class=\"category\"><a href=\"https:\/\/www.aps-eb.de\/cs\/listing-category\/ultraleicht\/\">Ultralehk\u00e9<\/a><\/div> <h3 class=\"listing-title rtcl-listing-title\"><a href=\"https:\/\/www.aps-eb.de\/cs\/rtcl_listing\/flight-design-ct\/\" title=\"Letov\u00fd design CT\">Letov\u00fd design CT<\/a><\/h3>  <ul class=\"rtcl-listing-meta-data\"><li class=\"rtin-type\"><i class=\"rtcl-icon-tags\" aria-hidden=\"true\"><\/i>Prodej<\/li>  <li class=\"date\"><i class=\"rtcl-icon rtcl-icon-clock\" aria-hidden=\"true\"><\/i>5 m\u011bs\u00edc\u016f ago<\/li>  <li class=\"view\"><i class=\"rtcl-icon rtcl-icon-eye\" aria-hidden=\"true\"><\/i>328 views<\/li><\/ul>  <div class=\"rtin-right\"><div class=\"item-price\"><div class=\"rtcl-price price-type-regular\"><span class=\"rtcl-price-amount amount\">68.000&nbsp;<span class=\"rtcl-price-currencySymbol\">EUR<\/span><\/span><\/div><\/div> <\/div><\/div><\/div>\n\t\t\t\t<\/div>\n\n\t\t\t\t\t\t\n\t\t<\/div>\n\t\t\t<\/div>\n<\/div>\n\t\t\t\t<\/div>\n\t\t\t\t<\/div>\n\t\t\t\t\t<\/div>\n\t\t\t\t<\/div>\n\t\t\t\t<\/div>","protected":false},"excerpt":{"rendered":"<p>Na t\u00e9to str\u00e1nce najdete zdarma inzer\u00e1ty na n\u00e1kup a prodej letadel Inzerce Vyberte kategoriiCessnaPiperUltralight Vyberte typSellBuy<\/p>","protected":false},"author":1,"featured_media":0,"parent":0,"menu_order":0,"comment_status":"closed","ping_status":"closed","template":"","meta":{"_rtcl_gb_attr":"","ngg_post_thumbnail":0,"footnotes":""},"class_list":["post-2601","page","type-page","status-publish","hentry"],"jetpack_sharing_enabled":true,"_links":{"self":[{"href":"https:\/\/www.aps-eb.de\/cs\/wp-json\/wp\/v2\/pages\/2601","targetHints":{"allow":["GET"]}}],"collection":[{"href":"https:\/\/www.aps-eb.de\/cs\/wp-json\/wp\/v2\/pages"}],"about":[{"href":"https:\/\/www.aps-eb.de\/cs\/wp-json\/wp\/v2\/types\/page"}],"author":[{"embeddable":true,"href":"https:\/\/www.aps-eb.de\/cs\/wp-json\/wp\/v2\/users\/1"}],"replies":[{"embeddable":true,"href":"https:\/\/www.aps-eb.de\/cs\/wp-json\/wp\/v2\/comments?post=2601"}],"version-history":[{"count":0,"href":"https:\/\/www.aps-eb.de\/cs\/wp-json\/wp\/v2\/pages\/2601\/revisions"}],"wp:attachment":[{"href":"https:\/\/www.aps-eb.de\/cs\/wp-json\/wp\/v2\/media?parent=2601"}],"curies":[{"name":"wp","href":"https:\/\/api.w.org\/{rel}","templated":true}]}}