{"id":3163,"date":"2025-10-14T08:44:50","date_gmt":"2025-10-14T08:44:50","guid":{"rendered":"https:\/\/aps-eb.de\/?page_id=3163"},"modified":"2026-02-12T14:55:47","modified_gmt":"2026-02-12T14:55:47","slug":"home","status":"publish","type":"page","link":"https:\/\/www.aps-eb.de\/cs\/","title":{"rendered":"AirPlaneService - Enrico Bender"},"content":{"rendered":"<div data-elementor-type=\"wp-page\" data-elementor-id=\"3163\" class=\"elementor elementor-3163\" data-elementor-post-type=\"page\">\n\t\t\t\t<div class=\"elementor-element elementor-element-b229545 e-flex e-con-boxed e-con e-parent\" data-id=\"b229545\" data-element_type=\"container\" data-e-type=\"container\">\n\t\t\t\t\t<div class=\"e-con-inner\">\n\t\t\t\t<div class=\"elementor-element elementor-element-da69b6e elementor-widget elementor-widget-heading\" data-id=\"da69b6e\" data-element_type=\"widget\" data-e-type=\"widget\" data-widget_type=\"heading.default\">\n\t\t\t\t\t<h2 class=\"elementor-heading-title elementor-size-default\">Nejnov\u011bj\u0161\u00ed p\u0159\u00edsp\u011bvky<\/h2>\t\t\t\t<\/div>\n\t\t\t\t\t<\/div>\n\t\t\t\t<\/div>\n\t\t<div class=\"elementor-element elementor-element-d408b7d e-flex e-con-boxed e-con e-parent\" data-id=\"d408b7d\" data-element_type=\"container\" data-e-type=\"container\">\n\t\t\t\t\t<div class=\"e-con-inner\">\n\t\t\t\t\t<\/div>\n\t\t\t\t<\/div>\n\t\t\t\t<\/div>","protected":false},"excerpt":{"rendered":"<p>Nejnov\u011bj\u0161\u00ed p\u0159\u00edsp\u011bvky<\/p>","protected":false},"author":1,"featured_media":0,"parent":0,"menu_order":0,"comment_status":"closed","ping_status":"closed","template":"","meta":{"_rtcl_gb_attr":"","ngg_post_thumbnail":0,"footnotes":""},"class_list":["post-3163","page","type-page","status-publish","hentry"],"jetpack_sharing_enabled":true,"_links":{"self":[{"href":"https:\/\/www.aps-eb.de\/cs\/wp-json\/wp\/v2\/pages\/3163","targetHints":{"allow":["GET"]}}],"collection":[{"href":"https:\/\/www.aps-eb.de\/cs\/wp-json\/wp\/v2\/pages"}],"about":[{"href":"https:\/\/www.aps-eb.de\/cs\/wp-json\/wp\/v2\/types\/page"}],"author":[{"embeddable":true,"href":"https:\/\/www.aps-eb.de\/cs\/wp-json\/wp\/v2\/users\/1"}],"replies":[{"embeddable":true,"href":"https:\/\/www.aps-eb.de\/cs\/wp-json\/wp\/v2\/comments?post=3163"}],"version-history":[{"count":21,"href":"https:\/\/www.aps-eb.de\/cs\/wp-json\/wp\/v2\/pages\/3163\/revisions"}],"predecessor-version":[{"id":20852,"href":"https:\/\/www.aps-eb.de\/cs\/wp-json\/wp\/v2\/pages\/3163\/revisions\/20852"}],"wp:attachment":[{"href":"https:\/\/www.aps-eb.de\/cs\/wp-json\/wp\/v2\/media?parent=3163"}],"curies":[{"name":"wp","href":"https:\/\/api.w.org\/{rel}","templated":true}]}}