{"id":4,"date":"2021-02-09T06:58:34","date_gmt":"2021-02-09T06:58:34","guid":{"rendered":"http:\/\/aps-eb.de\/willkommen-auf-http-aps-eb-de\/"},"modified":"2025-10-27T15:01:17","modified_gmt":"2025-10-27T15:01:17","slug":"airpartsservice-enrico-bender","status":"publish","type":"page","link":"https:\/\/www.aps-eb.de\/cs\/airpartsservice-enrico-bender\/","title":{"rendered":"\u00dadr\u017eba &amp; amp; Oprava"},"content":{"rendered":"<p class=\"has-text-align-center has-vivid-red-color has-text-color has-link-color has-medium-font-size wp-elements-d4a4f8ca4045f429552f3930cd8b0115\"><p class=\"has-text-align-center has-vivid-red-color has-text-color has-link-color has-medium-font-size\"><img fetchpriority=\"high\" decoding=\"async\" width=\"1400\" height=\"298\" class=\"aligncenter wp-image-133\" style=\"width: 299px\" src=\"https:\/\/www.aps-eb.de\/wp-content\/uploads\/2021\/03\/Logo_AirPlaneService-edited.webp\" alt=\"\">\u00a0 \u00a0 \u00a0 \u00a0<img decoding=\"async\" width=\"300\" height=\"131\" class=\"wp-image-2313 size-medium aligncenter\" style=\"font-weight: bold\" src=\"https:\/\/www.aps-eb.de\/wp-content\/uploads\/2025\/04\/SCREEN_Rotax_Air_Repair-Centre_white_lowres-1-300x131.webp\" alt=\"\" srcset=\"https:\/\/www.aps-eb.de\/wp-content\/uploads\/2025\/04\/SCREEN_Rotax_Air_Repair-Centre_white_lowres-1-300x131.webp 300w, https:\/\/www.aps-eb.de\/wp-content\/uploads\/2025\/04\/SCREEN_Rotax_Air_Repair-Centre_white_lowres-1-18x8.webp 18w, https:\/\/www.aps-eb.de\/wp-content\/uploads\/2025\/04\/SCREEN_Rotax_Air_Repair-Centre_white_lowres-1.webp 500w\" sizes=\"(max-width: 300px) 100vw, 300px\" \/><\/p><br><div class=\"mceTemp\">\u00a0<\/div><\/p>\n\n\n\n\n\n<p class=\"has-text-align-center has-medium-font-size\">Odkaz: <a href=\"https:\/\/www.aps-eb.de\/cs\/shop\/\">ONLINESHOP<\/a><br>Odkaz: <a href=\"https:\/\/aip.dfs.de\/basicAIP\/\">AIP N\u011bmecko<\/a><br>Odkaz: <a href=\"https:\/\/www.flugzeugueberfuehrungen.de\/\">Trajektov\u00e9 lety<\/a><\/p>\n\n\n\n<p class=\"has-text-align-center has-large-font-size\"><strong>ELA 1 \u2013 \u00dadr\u017eba a ARC (ro\u010dn\u00ed inspekce)<br>UL - \u00dadr\u017eba a ro\u010dn\u00ed prohl\u00eddky<br>Centrum oprav ROTAX\u00ae<br>Domovsk\u00e1 z\u00e1kladna: EDRE - leti\u0161t\u011b Mendig<\/strong><\/p>\n\n\n\n<p class=\"has-text-align-center has-medium-font-size\" style=\"letter-spacing:0px\">Prov\u00e1d\u00edme \u00fadr\u017ebu motorov\u00fdch letadel do 1200 kg MTOW a motorov\u00fdch kluz\u00e1k\u016f po cel\u00e9 Evrop\u011b profesion\u00e1ln\u011b a n\u00e1kladov\u011b efektivn\u011b v souladu s EASA Part-ML.<\/p>\n\n\n\n<p class=\"has-text-align-center has-medium-font-size\" style=\"letter-spacing:0px\"><strong>Na\u0161e slu\u017eby zahrnuj\u00ed n\u00e1sleduj\u00edc\u00ed:<\/strong><br>\u2013 \u00dadr\u017eba v\u0161ech typ\u016f letadel ELA 1 (nap\u0159. Cessna, Aquilla, Robin DR400, DA40, Piper atd.)<br>\u2013 \u00dadr\u017eba v\u0161ech typ\u016f vybaven\u00ed pro leteck\u00e9 sporty (nap\u0159. Dynamic WT-9, Bristell, C42 atd.)<br>\u2013 Ka\u017edoro\u010dn\u00ed kontroly vybaven\u00ed pro leteck\u00e9 sporty<br>\u2013 Ro\u010dn\u00ed prohl\u00eddky (ARC) motorov\u00fdch letoun\u016f, kluz\u00e1k\u016f, motorov\u00fdch kluz\u00e1k\u016f<br>\u2013 Transferov\u00e9 lety<br>\u2013 P\u0159edplacen\u00e1 kontrola<br>\u2013 Zaveden\u00ed programu \u00fadr\u017eby letadel (AMP)<br>\u2013 P\u0159\u00edprava p\u0159ehled\u016f provozn\u00edch hodin (BZ\u00dc)<br>\u2013 P\u0159\u00edprava p\u0159ehled\u016f TM a EMZ<br>\u2013 Vytvo\u0159en\u00ed p\u0159ehled\u016f dlouhodob\u00fdch investic\/AD<br>\u2013 Rotax Motor Specialist iRMT 00032\/22 (\u0159ada Rotax 912 \/ 914 \/ 912i \/ 915i)<br>\u2013 Specialista Continental Diesel Motor (d\u0159\u00edve Thielert)<br>\u2013 Opravy \u010dl\u00e1nk\u016f (kovov\u00e9 konstrukce)<br><br>&#8211; <a href=\"http:\/\/www.flugzeugueberfuehrungen.de\">P\u0159elety nad letadly<\/a><\/p>\n\n\n\n<hr class=\"wp-block-separator has-alpha-channel-opacity\" \/>\n\n\n\n<p class=\"has-text-align-center has-large-font-size\"><strong>ELA 1 \u2013 \u00fadr\u017eba<br>Centrum oprav ROTAX\u00ae<br><\/strong><\/p>\n\n\n\n<p class=\"has-text-align-center has-medium-font-size\">Prov\u00e1d\u00edme celoevropskou \u00fadr\u017ebu motorov\u00fdch letadel do 1200 kg MTOW a motorov\u00fdch kluz\u00e1k\u016f profesion\u00e1ln\u011b a hospod\u00e1rn\u011b v souladu s EASA Part-ML.<\/p>\n\n\n\n<p class=\"has-text-align-center has-medium-font-size\"><strong>Na\u0161e slu\u017eby zahrnuj\u00ed n\u00e1sleduj\u00edc\u00ed body: <\/strong><br>\u2013 V\u0161echny typy \u00fadr\u017eby letadel ELA 1 (nap\u0159. Cessna, Aquilla, Robin DR400, DA40, Piper atd.)<br>\u2013 V\u0161echny druhy \u00fadr\u017eby vybaven\u00ed pro leteck\u00e9 sporty (nap\u0159. Dynamic WT-9, Bristell, C42 atd.)<br>\u2013 Ka\u017edoro\u010dn\u00ed kontroly leteck\u00e9ho sportovn\u00edho vybaven\u00ed<br>\u2013 Ro\u010dn\u00ed prohl\u00eddky motorov\u00fdch letadel, kluz\u00e1k\u016f, motorov\u00fdch kluz\u00e1k\u016f<br>\u2013 Trajektov\u00e9 lety<br>\u2013 P\u0159edplacen\u00e1 kontrola<br>\u2013 Vytvo\u0159en\u00ed programu \u00fadr\u017eby letadel (AMP)<br>\u2013 Vytvo\u0159en\u00ed p\u0159ehled\u016f provozn\u00ed doby (BZ\u00dc)<br>\u2013 Vytvo\u0159en\u00ed p\u0159ehled\u016f TM a EMZ<br>\u2013 Vytvo\u0159en\u00ed p\u0159ehled\u016f dlouhodob\u00fdch investic\/AD<br>\u2013 Specialista na rota\u010dn\u00ed motory iRMT 00032\/22 (\u0159ada Rotax 912 \/ 914 \/ 912i \/ 915i)<br>\u2013 Specialista na vzn\u011btov\u00e9 motory Continental (d\u0159\u00edve Thielert)<br>\u2013 Opravy drak\u016f letadel (kovov\u00e1 konstrukce)<br><br>\u2013 <a href=\"https:\/\/www.flugzeugueberfuehrungen.de\/\">Transfery letadel<\/a><\/p>\n\n\n\n<hr class=\"wp-block-separator has-alpha-channel-opacity\" \/>\n\n\n\n<p class=\"has-text-align-center\">Kontaktn\u00ed osoba:<br><strong>po\u0161tovn\u00ed<\/strong><br>Enrico Bender<br>Otfried-Preu\u00dfler Str. 5<br>56564 Neuwied<br>Kontaktn\u00ed osoba: 0173 90 91 92 6<br>enrico.bender@aps-eb.de<br><strong>Domovsk\u00e1 z\u00e1kladna: N\u00e1kupn\u00ed Ko\u0161\u00edk - Mendig<\/strong><br>Podporujeme v\u00e1s i v cel\u00e9 Evrop\u011b <strong><a href=\"https:\/\/www.flugzeugueberfuehrungen.de\/\" target=\"_blank\" rel=\"noreferrer noopener\" data-type=\"URL\">P\u0159elety nad letadly<\/a><\/strong>!<\/p>","protected":false},"excerpt":{"rendered":"<p>\u00a0 \u00a0 \u00a0 \u00a0 \u00a0 Odkaz: ONLINESHOPOdkaz: AIP GermanyOdkaz: Trajektov\u00e9 lety ELA 1 - \u00fadr\u017eba a ARC (ro\u010dn\u00ed inspekce)UL -<\/p>","protected":false},"author":1,"featured_media":0,"parent":0,"menu_order":1,"comment_status":"closed","ping_status":"closed","template":"","meta":{"_rtcl_gb_attr":"","ngg_post_thumbnail":0,"footnotes":""},"class_list":["post-4","page","type-page","status-publish","hentry"],"jetpack_sharing_enabled":true,"_links":{"self":[{"href":"https:\/\/www.aps-eb.de\/cs\/wp-json\/wp\/v2\/pages\/4","targetHints":{"allow":["GET"]}}],"collection":[{"href":"https:\/\/www.aps-eb.de\/cs\/wp-json\/wp\/v2\/pages"}],"about":[{"href":"https:\/\/www.aps-eb.de\/cs\/wp-json\/wp\/v2\/types\/page"}],"author":[{"embeddable":true,"href":"https:\/\/www.aps-eb.de\/cs\/wp-json\/wp\/v2\/users\/1"}],"replies":[{"embeddable":true,"href":"https:\/\/www.aps-eb.de\/cs\/wp-json\/wp\/v2\/comments?post=4"}],"version-history":[{"count":0,"href":"https:\/\/www.aps-eb.de\/cs\/wp-json\/wp\/v2\/pages\/4\/revisions"}],"wp:attachment":[{"href":"https:\/\/www.aps-eb.de\/cs\/wp-json\/wp\/v2\/media?parent=4"}],"curies":[{"name":"wp","href":"https:\/\/api.w.org\/{rel}","templated":true}]}}