{"id":9,"date":"2021-02-09T07:35:29","date_gmt":"2021-02-09T07:35:29","guid":{"rendered":"http:\/\/aps-eb.de\/shop\/"},"modified":"2026-03-05T19:34:17","modified_gmt":"2026-03-05T19:34:17","slug":"shop","status":"publish","type":"page","link":"https:\/\/www.aps-eb.de\/cs\/shop\/","title":{"rendered":"Obchod"},"content":{"rendered":"<div data-elementor-type=\"wp-page\" data-elementor-id=\"9\" class=\"elementor elementor-9\" data-elementor-post-type=\"page\">\n\t\t\t\t<div class=\"elementor-element elementor-element-1c416348 e-flex e-con-boxed e-con e-parent\" data-id=\"1c416348\" data-element_type=\"container\" data-e-type=\"container\">\n\t\t\t\t\t<div class=\"e-con-inner\">\n\t\t\t\t<div class=\"elementor-element elementor-element-3ebbacf6 elementor-widget elementor-widget-text-editor\" data-id=\"3ebbacf6\" data-element_type=\"widget\" data-e-type=\"widget\" data-widget_type=\"text-editor.default\">\n\t\t\t\t\t\t\t\t\t\n<p class=\"has-text-align-center has-vivid-red-color has-text-color has-link-color has-medium-font-size wp-elements-fcf13fbe7e291f181347101ed49508c8\"><strong>Levn\u011bj\u0161\u00ed ceny pro registrovan\u00e9 u\u017eivatele na vybran\u00e9 polo\u017eky!<br \/><\/strong><strong>Atraktivn\u00ed ceny pro leteck\u00e9 \u0161koly a LTB - Registrujte se!<\/strong><\/p>\n<div class=\"woocommerce columns-4\">\n<ul class=\"products columns-4\">\n<li class=\"product-category product first\">\n\t<a aria-label=\"Nav\u0161tivte kategorii produktu Dekoration\" href=\"https:\/\/www.aps-eb.de\/cs\/kategorie-produktu\/online-shop\/dekoration\/\"><\/p>\n<div class=\"product-image-wrap\"><img fetchpriority=\"high\" decoding=\"async\" src=\"https:\/\/www.aps-eb.de\/wp-content\/uploads\/2026\/03\/Dekoration-300x375.png\" alt=\"Dekoration\" width=\"300\" height=\"375\" \/><\/div>\n<p><!-- .product-image-wrap -->\t\t<\/p>\n<h2 class=\"woocommerce-loop-category__title\">\n\t\t\tDekoration <mark class=\"count\">(6)<\/mark>\t\t<\/h2>\n<p>\t\t<\/a><\/li>\n<li class=\"product-category product\">\n\t<a aria-label=\"Nav\u0161tivte kategorii produktu Flaggen\" href=\"https:\/\/www.aps-eb.de\/cs\/kategorie-produktu\/online-shop\/flaggen\/\"><\/p>\n<div class=\"product-image-wrap\"><img decoding=\"async\" src=\"https:\/\/www.aps-eb.de\/wp-content\/uploads\/2026\/03\/Flaggen-300x375.png\" alt=\"Flaggen\" width=\"300\" height=\"375\" \/><\/div>\n<p><!-- .product-image-wrap -->\t\t<\/p>\n<h2 class=\"woocommerce-loop-category__title\">\n\t\t\tFlaggen <mark class=\"count\">(107)<\/mark>\t\t<\/h2>\n<p>\t\t<\/a><\/li>\n<li class=\"product-category product\">\n\t<a aria-label=\"Nav\u0161tivte kategorii produktu Oble\u010den\u00ed\" href=\"https:\/\/www.aps-eb.de\/cs\/kategorie-produktu\/online-shop\/kleidung\/\"><\/p>\n<div class=\"product-image-wrap\"><img decoding=\"async\" src=\"https:\/\/www.aps-eb.de\/wp-content\/uploads\/2025\/10\/Kleidung-1-300x375.webp\" alt=\"oble\u010den\u00ed\" width=\"300\" height=\"375\" \/><\/div>\n<p><!-- .product-image-wrap -->\t\t<\/p>\n<h2 class=\"woocommerce-loop-category__title\">\n\t\t\toble\u010den\u00ed <mark class=\"count\">(1925)<\/mark>\t\t<\/h2>\n<p>\t\t<\/a><\/li>\n<li class=\"product-category product last\">\n\t<a aria-label=\"P\u0159ej\u00edt na produkt Aircraft parts\" href=\"https:\/\/www.aps-eb.de\/cs\/kategorie-produktu\/online-shop\/luftfahrzeugteile\/\"><\/p>\n<div class=\"product-image-wrap\"><img loading=\"lazy\" decoding=\"async\" src=\"https:\/\/www.aps-eb.de\/wp-content\/uploads\/2025\/10\/Flugzeugteile-2-300x375.webp\" alt=\"\u010c\u00e1sti a sou\u010d\u00e1sti letadel\" width=\"300\" height=\"375\" \/><\/div>\n<p><!-- .product-image-wrap -->\t\t<\/p>\n<h2 class=\"woocommerce-loop-category__title\">\n\t\t\t\u010c\u00e1sti a sou\u010d\u00e1sti letadel <mark class=\"count\">(237)<\/mark>\t\t<\/h2>\n<p>\t\t<\/a><\/li>\n<\/ul>\n<\/div>\n\t\t\t\t\t\t\t\t<\/div>\n\t\t\t\t\t<\/div>\n\t\t\t\t<\/div>\n\t\t\t\t<\/div>","protected":false},"excerpt":{"rendered":"<p>G\u00fcnstigere Preise f\u00fcr registrierte Nutzer auf ausgew\u00e4hlte Artikel!Attraktive Preise f\u00fcr Flugschulen und LTB &#8211; Registrieren Sie sich!<\/p>","protected":false},"author":1,"featured_media":0,"parent":0,"menu_order":2,"comment_status":"closed","ping_status":"closed","template":"","meta":{"_rtcl_gb_attr":"","ngg_post_thumbnail":0,"footnotes":""},"class_list":["post-9","page","type-page","status-publish","hentry"],"jetpack_sharing_enabled":true,"_links":{"self":[{"href":"https:\/\/www.aps-eb.de\/cs\/wp-json\/wp\/v2\/pages\/9","targetHints":{"allow":["GET"]}}],"collection":[{"href":"https:\/\/www.aps-eb.de\/cs\/wp-json\/wp\/v2\/pages"}],"about":[{"href":"https:\/\/www.aps-eb.de\/cs\/wp-json\/wp\/v2\/types\/page"}],"author":[{"embeddable":true,"href":"https:\/\/www.aps-eb.de\/cs\/wp-json\/wp\/v2\/users\/1"}],"replies":[{"embeddable":true,"href":"https:\/\/www.aps-eb.de\/cs\/wp-json\/wp\/v2\/comments?post=9"}],"version-history":[{"count":3,"href":"https:\/\/www.aps-eb.de\/cs\/wp-json\/wp\/v2\/pages\/9\/revisions"}],"predecessor-version":[{"id":20887,"href":"https:\/\/www.aps-eb.de\/cs\/wp-json\/wp\/v2\/pages\/9\/revisions\/20887"}],"wp:attachment":[{"href":"https:\/\/www.aps-eb.de\/cs\/wp-json\/wp\/v2\/media?parent=9"}],"curies":[{"name":"wp","href":"https:\/\/api.w.org\/{rel}","templated":true}]}}