{"id":1058,"date":"2023-06-14T12:04:02","date_gmt":"2023-06-14T12:04:02","guid":{"rendered":"https:\/\/aps-eb.de\/?post_type=product&#038;p=1058"},"modified":"2025-03-10T10:00:35","modified_gmt":"2025-03-10T10:00:35","slug":"bremsbelag-066-14100","status":"publish","type":"product","link":"https:\/\/www.aps-eb.de\/cs\/categorie\/bremsbelag-066-14100\/","title":{"rendered":"Brzdov\u00e1 desti\u010dka Cleveland 066-14100"},"content":{"rendered":"<h1 class=\"product-info-title\">Brzdov\u00e1 desti\u010dka Cleveland 066-14100<\/h1>\n<p>Polokovov\u00e1\/organick\u00e1 (abrazivn\u00ed) brzdov\u00e1 desti\u010dka<\/p>\n<p>Kovov\u00e9 a polokovov\u00e9 brzdov\u00e9 desti\u010dky<br \/>\nK dispozici jsou dva typy brzdov\u00fdch desti\u010dek: polokovov\u00e9\/organick\u00e9 (abrazivn\u00ed) a kovov\u00e9 (adhezivn\u00ed). \u010c\u00edslo d\u00edlu brzdov\u00e9 soupravy stanoven\u00e9 v\u00fdrobcem p\u016fvodn\u00edho za\u0159\u00edzen\u00ed ur\u010duje, kter\u00fd typ oblo\u017een\u00ed se m\u00e1 pou\u017e\u00edt.<\/p>\n<p>Polokovov\u00e1 oblo\u017een\u00ed se skl\u00e1daj\u00ed z kevlarov\u00fdch vl\u00e1ken integrovan\u00fdch do materi\u00e1lu, kter\u00e1 zaji\u0161\u0165uj\u00ed maxim\u00e1ln\u00ed brzdnou s\u00edlu a dlouhou \u017eivotnost oblo\u017een\u00ed. Optim\u00e1ln\u00ed provozn\u00ed teplota polokovov\u00fdch brzdov\u00fdch desti\u010dek je 600-900 \u00b0F.<\/p>\n<p>Hlavn\u00ed slo\u017ekou kovov\u00fdch brzdov\u00fdch desti\u010dek je \u017eelezo. V adhezn\u00edm syst\u00e9mu se tenk\u00e1 vrstva materi\u00e1lu brzdov\u00fdch desti\u010dek p\u0159enese na kotou\u010d, kdy\u017e vstoup\u00ed a p\u0159ilne k n\u011bmu. Optim\u00e1ln\u00ed rozsah provozn\u00edch teplot kovov\u00fdch brzdov\u00fdch desti\u010dek je 950-1200 \u00b0F.<\/p>\n<p>Kryty mohou b\u00fdt pou\u017eity se v\u0161emi disky OEM nebo PMA.<\/p>","protected":false},"excerpt":{"rendered":"<h1 class=\"product-info-title\">Brzdov\u00e1 desti\u010dka Cleveland 066-14100<\/h1>","protected":false},"featured_media":1737,"comment_status":"open","ping_status":"closed","template":"","meta":{"_rtcl_gb_attr":"","ngg_post_thumbnail":0},"product_brand":[],"product_cat":[19],"product_tag":[73,72],"class_list":{"0":"post-1058","1":"product","2":"type-product","3":"status-publish","4":"has-post-thumbnail","6":"product_cat-bremskomponenten","7":"product_tag-06-14100","8":"product_tag-cleevland","10":"first","11":"instock","12":"taxable","13":"shipping-taxable","14":"purchasable","15":"product-type-simple"},"bundled_by":[],"bundle_stock_status":"instock","bundle_stock_quantity":10,"bundle_virtual":false,"bundle_layout":"","bundle_add_to_cart_form_location":"","bundle_editable_in_cart":false,"bundle_sold_individually_context":"","bundle_item_grouping":"","bundle_min_size":"","bundle_max_size":"","bundle_price":[],"bundled_items":[],"bundle_sell_ids":[],"jetpack_sharing_enabled":true,"_links":{"self":[{"href":"https:\/\/www.aps-eb.de\/cs\/wp-json\/wp\/v2\/product\/1058","targetHints":{"allow":["GET"]}}],"collection":[{"href":"https:\/\/www.aps-eb.de\/cs\/wp-json\/wp\/v2\/product"}],"about":[{"href":"https:\/\/www.aps-eb.de\/cs\/wp-json\/wp\/v2\/types\/product"}],"replies":[{"embeddable":true,"href":"https:\/\/www.aps-eb.de\/cs\/wp-json\/wp\/v2\/comments?post=1058"}],"wp:featuredmedia":[{"embeddable":true,"href":"https:\/\/www.aps-eb.de\/cs\/wp-json\/wp\/v2\/media\/1737"}],"wp:attachment":[{"href":"https:\/\/www.aps-eb.de\/cs\/wp-json\/wp\/v2\/media?parent=1058"}],"wp:term":[{"taxonomy":"product_brand","embeddable":true,"href":"https:\/\/www.aps-eb.de\/cs\/wp-json\/wp\/v2\/product_brand?post=1058"},{"taxonomy":"product_cat","embeddable":true,"href":"https:\/\/www.aps-eb.de\/cs\/wp-json\/wp\/v2\/product_cat?post=1058"},{"taxonomy":"product_tag","embeddable":true,"href":"https:\/\/www.aps-eb.de\/cs\/wp-json\/wp\/v2\/product_tag?post=1058"}],"curies":[{"name":"wp","href":"https:\/\/api.w.org\/{rel}","templated":true}]}}