{"id":1070,"date":"2023-06-15T18:35:46","date_gmt":"2023-06-15T18:35:46","guid":{"rendered":"https:\/\/aps-eb.de\/?post_type=product&#038;p=1070"},"modified":"2025-12-20T07:16:33","modified_gmt":"2025-12-20T07:16:33","slug":"bremsscheibe-164-30440","status":"publish","type":"product","link":"https:\/\/www.aps-eb.de\/cs\/categorie\/bremsscheibe-164-30440\/","title":{"rendered":"Brzdov\u00fd kotou\u010d 164-30440"},"content":{"rendered":"<h1 class=\"product-info-title\">Brzdov\u00fd kotou\u010d 164-30440<\/h1>\n<p>Brzdov\u00e9 kotou\u010de BlackSteel jsou CNC obr\u00e1b\u011bny pomoc\u00ed nejmodern\u011bj\u0161\u00ed technologie z jednod\u00edln\u00e9ho kov\u00e1n\u00ed.<br \/>\nP\u0159i kov\u00e1n\u00ed kovu se vytvo\u0159\u00ed sm\u011brovan\u00fd tok zrna, kter\u00fd sleduje obrys disku. To umo\u017e\u0148uje mnohem siln\u011bj\u0161\u00ed disk, kde je ni\u017e\u0161\u00ed riziko prasklin a katastrofick\u00fdch poruch spojen\u00fdch s pod\u0159adn\u00fdmi sva\u0159ovan\u00fdmi konstrukcemi.<\/p>\n<p>Vlastn\u00ed tepeln\u00e9 zpracov\u00e1n\u00ed APS m\u00e1 dvoj\u00ed \u00fa\u010del. Tepeln\u00e9 zpracov\u00e1n\u00ed posiluje ocel vazbou uhl\u00edku, kysl\u00edku a dus\u00edku v horn\u00ed kovov\u00e9 vrstv\u011b. Nejedn\u00e1 se o povlak, kter\u00fd se m\u016f\u017ee opot\u0159ebovat, proto\u017ee samotn\u00e1 ocel je p\u0159em\u011bn\u011bna. Tepeln\u00e9 zpracov\u00e1n\u00ed dod\u00e1v\u00e1 oceli jej\u00ed \u010dern\u00fd vzhled a d\u00e1v\u00e1 povrchu vysokou odolnost proti korozi a oxidaci, co\u017e je doprov\u00e1zeno extr\u00e9mn\u00edmi zm\u011bnami teploty v brzdov\u00fdch syst\u00e9mech letadel. D\u00edky tomu je vynikaj\u00edc\u00ed volbou pro zem\u011bd\u011blsk\u00e1 letadla provozovan\u00e1 v drsn\u00e9m chemick\u00e9m prost\u0159ed\u00ed, stejn\u011b jako pro ka\u017ed\u00e9ho, kdo opou\u0161t\u00ed sv\u00e9 letadlo mimo v\u011bt\u0161inu \u010dasu.<\/p>\n<p>Vhodn\u00e9 pro:<\/p>\n<div class=\"tab-content\">\n<div id=\"eligibility-records\" class=\"eligibility-records tab-pane active\">\n<div class=\"table-responsive\">\n<table class=\"table table-striped table-bordered\">\n<thead>\n<tr>\n<td>ud\u011blat<\/td>\n<td>S\u00e9rie<\/td>\n<td>modelka<\/td>\n<td>Za\u010d\u00e1tek S\/N<\/td>\n<td>Ukon\u010den\u00ed S\/N<\/td>\n<td>Koment\u00e1\u0159<\/td>\n<td>Tabulka zp\u016fsobilosti<\/td>\n<\/tr>\n<\/thead>\n<tbody>\n<tr>\n<td>Cessna<\/td>\n<td>150<\/td>\n<td>150 milion\u016f<\/td>\n<td>15077404<\/td>\n<td>15079113<\/td>\n<td>Sestava kola P\/N 40-113 nebo D30291-6, Sestava brzdy P\/N 30-75, C30018 nebo C30018-4. Majitel mus\u00ed ov\u011b\u0159it \u010d\u00edslo d\u00edlu kola nebo \u010d\u00e1sti brzdov\u00e9 soupravy.<\/td>\n<td>&nbsp;<\/td>\n<\/tr>\n<tr>\n<td>Cessna<\/td>\n<td>150<\/td>\n<td>A150M<\/td>\n<td>A15000642<\/td>\n<td>A1500717<\/td>\n<td>Sestava kola P\/N 40-113 nebo D30291-6, Sestava brzdy P\/N 30-75, C30018 nebo C30018-4. Majitel mus\u00ed ov\u011b\u0159it \u010d\u00edslo d\u00edlu kola nebo \u010d\u00e1sti brzdov\u00e9 soupravy.<\/td>\n<td>&nbsp;<\/td>\n<\/tr>\n<tr>\n<td>Cessna<\/td>\n<td>152<\/td>\n<td>FA152<\/td>\n<td>FA1520337<\/td>\n<td>FA1520425<\/td>\n<td>Sestava kola P\/N D-30291-6, Sestava brzdy P\/N C-30018-4. Vlastn\u00edk mus\u00ed ov\u011b\u0159it \u010d\u00edsla d\u00edl\u016f kola nebo \u010d\u00e1sti brzdov\u00e9 soustavy, aby ur\u010dil p\u0159\u00edslu\u0161n\u00e1 \u010d\u00edsla d\u00edl\u016f kotou\u010de a oblo\u017een\u00ed.<\/td>\n<td>&nbsp;<\/td>\n<\/tr>\n<tr>\n<td>Cessna<\/td>\n<td>177<\/td>\n<td>177<\/td>\n<td>17700001<\/td>\n<td>17701164<\/td>\n<td>&nbsp;<\/td>\n<td>&nbsp;<\/td>\n<\/tr>\n<tr>\n<td>Cessna<\/td>\n<td>177<\/td>\n<td>177B<\/td>\n<td>17702314<\/td>\n<td>17702522<\/td>\n<td>Sestava kola P\/N D-30291-6, Sestava brzdy P\/N C-30018-4. Vlastn\u00edk mus\u00ed ov\u011b\u0159it \u010d\u00edsla d\u00edl\u016f kola nebo \u010d\u00e1sti brzdov\u00e9 soustavy, aby ur\u010dil p\u0159\u00edslu\u0161n\u00e1 \u010d\u00edsla d\u00edl\u016f kotou\u010de a oblo\u017een\u00ed.<\/td>\n<td>&nbsp;<\/td>\n<\/tr>\n<tr>\n<td>Cessna<\/td>\n<td>177<\/td>\n<td>177RG<\/td>\n<td>177RG0788<\/td>\n<td>177RG1051<\/td>\n<td>Sestava kola P\/N D-30291-6, Sestava brzdy P\/N 30018-4. Vlastn\u00edk mus\u00ed ov\u011b\u0159it \u010d\u00edsla d\u00edl\u016f kola nebo \u010d\u00e1sti brzdov\u00e9 soustavy, aby ur\u010dil p\u0159\u00edslu\u0161n\u00e1 \u010d\u00edsla d\u00edl\u016f kotou\u010de a oblo\u017een\u00ed.<\/td>\n<td>&nbsp;<\/td>\n<\/tr>\n<tr>\n<td>Cessna<\/td>\n<td>177<\/td>\n<td>F177RG<\/td>\n<td>F77RG0139<\/td>\n<td>F177RG0160<\/td>\n<td>Sestava kola P\/N D-30291-6, Sestava brzdy P\/N 30018-4. Vlastn\u00edk mus\u00ed ov\u011b\u0159it \u010d\u00edsla d\u00edl\u016f kola nebo \u010d\u00e1sti brzdov\u00e9 soustavy, aby ur\u010dil p\u0159\u00edslu\u0161n\u00e1 \u010d\u00edsla d\u00edl\u016f kotou\u010de a oblo\u017een\u00ed.<\/td>\n<td>&nbsp;<\/td>\n<\/tr>\n<tr>\n<td>Cessna<\/td>\n<td>182<\/td>\n<td>182<\/td>\n<td>33000<\/td>\n<td>33842<\/td>\n<td>&nbsp;<\/td>\n<td>&nbsp;<\/td>\n<\/tr>\n<tr>\n<td>Cessna<\/td>\n<td>182<\/td>\n<td>182A<\/td>\n<td>33843<\/td>\n<td>51556<\/td>\n<td>&nbsp;<\/td>\n<td>&nbsp;<\/td>\n<\/tr>\n<tr>\n<td>Cessna<\/td>\n<td>182<\/td>\n<td>182B<\/td>\n<td>51557<\/td>\n<td>52358<\/td>\n<td>&nbsp;<\/td>\n<td>&nbsp;<\/td>\n<\/tr>\n<tr>\n<td>Cessna<\/td>\n<td>182<\/td>\n<td>182C<\/td>\n<td>52359<\/td>\n<td>53007<\/td>\n<td>&nbsp;<\/td>\n<td>&nbsp;<\/td>\n<\/tr>\n<tr>\n<td>Cessna<\/td>\n<td>182<\/td>\n<td>182D<\/td>\n<td>18253008<\/td>\n<td>18253598<\/td>\n<td>&nbsp;<\/td>\n<td>&nbsp;<\/td>\n<\/tr>\n<tr>\n<td>Cessna<\/td>\n<td>182<\/td>\n<td>182E<\/td>\n<td>18253599<\/td>\n<td>18254423<\/td>\n<td>&nbsp;<\/td>\n<td>&nbsp;<\/td>\n<\/tr>\n<tr>\n<td>Cessna<\/td>\n<td>182<\/td>\n<td>182F<\/td>\n<td>18254424<\/td>\n<td>18255058<\/td>\n<td>&nbsp;<\/td>\n<td>&nbsp;<\/td>\n<\/tr>\n<tr>\n<td>Cessna<\/td>\n<td>182<\/td>\n<td>182G<\/td>\n<td>18255059<\/td>\n<td>18255844<\/td>\n<td>&nbsp;<\/td>\n<td>&nbsp;<\/td>\n<\/tr>\n<tr>\n<td>Cessna<\/td>\n<td>182<\/td>\n<td>182H<\/td>\n<td>18255846<\/td>\n<td>18256684<\/td>\n<td>&nbsp;<\/td>\n<td>&nbsp;<\/td>\n<\/tr>\n<tr>\n<td>Cessna<\/td>\n<td>182<\/td>\n<td>182J<\/td>\n<td>18256685<\/td>\n<td>18257625<\/td>\n<td>&nbsp;<\/td>\n<td>&nbsp;<\/td>\n<\/tr>\n<tr>\n<td>Cessna<\/td>\n<td>182<\/td>\n<td>182K<\/td>\n<td>18257626<\/td>\n<td>18258505<\/td>\n<td>&nbsp;<\/td>\n<td>&nbsp;<\/td>\n<\/tr>\n<tr>\n<td>Cessna<\/td>\n<td>182<\/td>\n<td>182L<\/td>\n<td>18258506<\/td>\n<td>18259305<\/td>\n<td>&nbsp;<\/td>\n<td>&nbsp;<\/td>\n<\/tr>\n<tr>\n<td>Cessna<\/td>\n<td>182<\/td>\n<td>182M<\/td>\n<td>18259306<\/td>\n<td>18260055<\/td>\n<td>&nbsp;<\/td>\n<td>&nbsp;<\/td>\n<\/tr>\n<tr>\n<td>Cessna<\/td>\n<td>182<\/td>\n<td>182N<\/td>\n<td>18260056<\/td>\n<td>18260825<\/td>\n<td>&nbsp;<\/td>\n<td>&nbsp;<\/td>\n<\/tr>\n<tr>\n<td>Cessna<\/td>\n<td>182<\/td>\n<td>182P<\/td>\n<td>18260826<\/td>\n<td>18262465<\/td>\n<td>&nbsp;<\/td>\n<td>&nbsp;<\/td>\n<\/tr>\n<tr>\n<td>Cessna<\/td>\n<td>182<\/td>\n<td>182P<\/td>\n<td>18264296<\/td>\n<td>18265175<\/td>\n<td>Sestava kola P\/N D-30291-6, Sestava brzdy P\/N C-30018-4. Vlastn\u00edk mus\u00ed ov\u011b\u0159it \u010d\u00edsla d\u00edl\u016f kola nebo \u010d\u00e1sti brzdov\u00e9 soustavy, aby ur\u010dil p\u0159\u00edslu\u0161n\u00e1 \u010d\u00edsla d\u00edl\u016f kotou\u010de a oblo\u017een\u00ed.<\/td>\n<td>&nbsp;<\/td>\n<\/tr>\n<tr>\n<td>Cessna<\/td>\n<td>182<\/td>\n<td>182Q<\/td>\n<td>18265176<\/td>\n<td>18267715<\/td>\n<td>&nbsp;<\/td>\n<td>&nbsp;<\/td>\n<\/tr>\n<tr>\n<td>Cessna<\/td>\n<td>182<\/td>\n<td>182R<\/td>\n<td>18267716<\/td>\n<td>18268586<\/td>\n<td>&nbsp;<\/td>\n<td>&nbsp;<\/td>\n<\/tr>\n<tr>\n<td>Cessna<\/td>\n<td>182<\/td>\n<td>182S<\/td>\n<td>18280001<\/td>\n<td>18280944<\/td>\n<td>&nbsp;<\/td>\n<td>&nbsp;<\/td>\n<\/tr>\n<tr>\n<td>Cessna<\/td>\n<td>182<\/td>\n<td>182T<\/td>\n<td>18280945<\/td>\n<td>182999999<\/td>\n<td>&nbsp;<\/td>\n<td>&nbsp;<\/td>\n<\/tr>\n<tr>\n<td>Cessna<\/td>\n<td>182<\/td>\n<td>F182P<\/td>\n<td>F18200001<\/td>\n<td>F18200025<\/td>\n<td>Sestava kola P\/N 30291-6, Sestava brzdy P\/N C-30018-4. Vlastn\u00edk mus\u00ed ov\u011b\u0159it \u010d\u00edsla d\u00edl\u016f kola nebo \u010d\u00e1sti brzdov\u00e9 soustavy, aby ur\u010dil p\u0159\u00edslu\u0161n\u00e1 \u010d\u00edsla d\u00edl\u016f kotou\u010de a oblo\u017een\u00ed.<\/td>\n<td>&nbsp;<\/td>\n<\/tr>\n<tr>\n<td>Cessna<\/td>\n<td>182<\/td>\n<td>F182Q<\/td>\n<td>F18200026<\/td>\n<td>F18200169<\/td>\n<td>&nbsp;<\/td>\n<td>&nbsp;<\/td>\n<\/tr>\n<\/tbody>\n<\/table>\n<\/div>\n<\/div>\n<\/div>\n<div class=\"box box-gray product-showcase\">\n<h3>Souvisej\u00edc\u00ed polo\u017eky<\/h3>\n<\/div>","protected":false},"excerpt":{"rendered":"<p>Brzdov\u00e9 kotou\u010de 164-30440 BlackSteel jsou CNC obr\u00e1b\u011bny nejmodern\u011bj\u0161\u00ed technologi\u00ed z jednod\u00edln\u00e9ho kov\u00e1n\u00ed. Kdy\u017e je kov kovan\u00fd<\/p>","protected":false},"featured_media":1069,"comment_status":"open","ping_status":"closed","template":"","meta":{"_rtcl_gb_attr":"","ngg_post_thumbnail":0},"product_brand":[],"product_cat":[19],"product_tag":[76,77,72],"class_list":{"0":"post-1070","1":"product","2":"type-product","3":"status-publish","4":"has-post-thumbnail","6":"product_cat-bremskomponenten","7":"product_tag-164-04000","8":"product_tag-cessna","9":"product_tag-cleevland","11":"first","12":"instock","13":"taxable","14":"shipping-taxable","15":"purchasable","16":"product-type-simple"},"bundled_by":[],"bundle_stock_status":"instock","bundle_stock_quantity":10,"bundle_virtual":false,"bundle_layout":"","bundle_add_to_cart_form_location":"","bundle_editable_in_cart":false,"bundle_sold_individually_context":"","bundle_item_grouping":"","bundle_min_size":"","bundle_max_size":"","bundle_price":[],"bundled_items":[],"bundle_sell_ids":[],"jetpack_sharing_enabled":true,"_links":{"self":[{"href":"https:\/\/www.aps-eb.de\/cs\/wp-json\/wp\/v2\/product\/1070","targetHints":{"allow":["GET"]}}],"collection":[{"href":"https:\/\/www.aps-eb.de\/cs\/wp-json\/wp\/v2\/product"}],"about":[{"href":"https:\/\/www.aps-eb.de\/cs\/wp-json\/wp\/v2\/types\/product"}],"replies":[{"embeddable":true,"href":"https:\/\/www.aps-eb.de\/cs\/wp-json\/wp\/v2\/comments?post=1070"}],"wp:featuredmedia":[{"embeddable":true,"href":"https:\/\/www.aps-eb.de\/cs\/wp-json\/wp\/v2\/media\/1069"}],"wp:attachment":[{"href":"https:\/\/www.aps-eb.de\/cs\/wp-json\/wp\/v2\/media?parent=1070"}],"wp:term":[{"taxonomy":"product_brand","embeddable":true,"href":"https:\/\/www.aps-eb.de\/cs\/wp-json\/wp\/v2\/product_brand?post=1070"},{"taxonomy":"product_cat","embeddable":true,"href":"https:\/\/www.aps-eb.de\/cs\/wp-json\/wp\/v2\/product_cat?post=1070"},{"taxonomy":"product_tag","embeddable":true,"href":"https:\/\/www.aps-eb.de\/cs\/wp-json\/wp\/v2\/product_tag?post=1070"}],"curies":[{"name":"wp","href":"https:\/\/api.w.org\/{rel}","templated":true}]}}