{"id":1073,"date":"2023-06-15T18:48:07","date_gmt":"2023-06-15T18:48:07","guid":{"rendered":"https:\/\/aps-eb.de\/?post_type=product&#038;p=1073"},"modified":"2024-08-23T09:35:40","modified_gmt":"2024-08-23T09:35:40","slug":"tempest-oil-filter-ch48103-2","status":"publish","type":"product","link":"https:\/\/www.aps-eb.de\/cs\/categorie\/tempest-oil-filter-ch48103-2\/","title":{"rendered":"Tempest olejov\u00fd filtr AA48103-2"},"content":{"rendered":"<h1 class=\"product-info-title\">Tempest olejov\u00fd filtr AA48103-2<\/h1>\n<ul>\n<li>Zes\u00edlen\u00e1 pouzdra<\/li>\n<li>zv\u00fd\u0161en\u00e1 pevnost p\u0159i roztr\u017een\u00ed<\/li>\n<li>Pln\u011b slo\u017een\u00e1 m\u00e9dia pro rovnom\u011brn\u00fd pr\u016ftok a odolnost proti zhroucen\u00ed<\/li>\n<li>Spin EZ\u00ae mazivo pro snadn\u00e9 odstran\u011bn\u00ed filtru<\/li>\n<li>Lep\u0161\u00ed hodnota bypassu<\/li>\n<\/ul>\n<p><strong>vylep\u0161en\u00e9 svarov\u00e9 \u0161vy matice<\/strong><br \/>\nMatice jsou sva\u0159eny tak pevn\u011b, \u017ee pouzdro trh\u00e1 p\u0159ed svarov\u00fdm \u0161vem. Zastavte frustraci, \u017ee mont\u00e1\u017en\u00ed matice se uvol\u0148uj\u00ed!<\/p>\n<p><strong>Spl\u0148uje specifikaci obtoku TCM<\/strong> 12-14 psi, \u010d\u00edm\u017e se sni\u017euje riziko p\u0159ed\u010dasn\u00e9ho obtoku, kter\u00fd m\u016f\u017ee zp\u016fsobit tok nefiltrovan\u00e9ho oleje do motoru.<\/p>\n<p><strong>Pevnost p\u0159i roztr\u017een\u00ed 600 psi<\/strong><br \/>\nV\u00fdrazn\u00e9 zlep\u0161en\u00ed procesu v\u00e1lcov\u00e1n\u00ed \u0161v\u016f na dn\u011b plechovky v\u00fdrazn\u011b zlep\u0161ilo pevnost konstrukce na v\u00edce ne\u017e 600 liber na \u010dtvere\u010dn\u00ed palec, co\u017e p\u0159ekonalo standardy ARP 1400 o 50 procent. Dodate\u010dn\u00e1 pevnost poskytuje dal\u0161\u00ed z\u00e1ruku, \u017ee olejov\u00e9 filtry Tempest vydr\u017e\u00ed i ty nejn\u00e1ro\u010dn\u011bj\u0161\u00ed provozn\u00ed podm\u00ednky.<\/p>\n<p><strong>Nep\u0159ilnav\u00e1 t\u011bsn\u011bn\u00ed<\/strong><br \/>\nIntegrujte speci\u00e1ln\u011b mazan\u00e1 t\u011bsn\u011bn\u00ed na b\u00e1zi syntetick\u00e9ho kau\u010duku, abyste zajistili spr\u00e1vn\u00fd to\u010div\u00fd moment b\u011bhem instalace a snadn\u00e9 odstran\u011bn\u00ed.<\/p>","protected":false},"excerpt":{"rendered":"<p>Olejov\u00fd filtr Tempest AA48103-2 Zes\u00edlen\u00fd kryt Zv\u00fd\u0161en\u00e1 pevnost p\u0159i roztr\u017een\u00ed Pln\u011b slo\u017een\u00e1 m\u00e9dia pro rovnom\u011brn\u00fd pr\u016ftok a odolnost proti zhroucen\u00ed Spin EZ\u00ae Lubricant<\/p>","protected":false},"featured_media":1074,"comment_status":"open","ping_status":"closed","template":"","meta":{"_rtcl_gb_attr":"","ngg_post_thumbnail":0},"product_brand":[],"product_cat":[27],"product_tag":[68,70,71,69,75],"class_list":{"0":"post-1073","1":"product","2":"type-product","3":"status-publish","4":"has-post-thumbnail","6":"product_cat-ersatzteile","7":"product_tag-champion","8":"product_tag-lycomming","9":"product_tag-oilfilter","10":"product_tag-oelfilter","11":"product_tag-tempest","13":"first","14":"instock","15":"taxable","16":"shipping-taxable","17":"purchasable","18":"product-type-simple"},"bundled_by":[],"bundle_stock_status":"instock","bundle_stock_quantity":8,"bundle_virtual":false,"bundle_layout":"","bundle_add_to_cart_form_location":"","bundle_editable_in_cart":false,"bundle_sold_individually_context":"","bundle_item_grouping":"","bundle_min_size":"","bundle_max_size":"","bundle_price":[],"bundled_items":[],"bundle_sell_ids":[],"jetpack_sharing_enabled":true,"_links":{"self":[{"href":"https:\/\/www.aps-eb.de\/cs\/wp-json\/wp\/v2\/product\/1073","targetHints":{"allow":["GET"]}}],"collection":[{"href":"https:\/\/www.aps-eb.de\/cs\/wp-json\/wp\/v2\/product"}],"about":[{"href":"https:\/\/www.aps-eb.de\/cs\/wp-json\/wp\/v2\/types\/product"}],"replies":[{"embeddable":true,"href":"https:\/\/www.aps-eb.de\/cs\/wp-json\/wp\/v2\/comments?post=1073"}],"wp:featuredmedia":[{"embeddable":true,"href":"https:\/\/www.aps-eb.de\/cs\/wp-json\/wp\/v2\/media\/1074"}],"wp:attachment":[{"href":"https:\/\/www.aps-eb.de\/cs\/wp-json\/wp\/v2\/media?parent=1073"}],"wp:term":[{"taxonomy":"product_brand","embeddable":true,"href":"https:\/\/www.aps-eb.de\/cs\/wp-json\/wp\/v2\/product_brand?post=1073"},{"taxonomy":"product_cat","embeddable":true,"href":"https:\/\/www.aps-eb.de\/cs\/wp-json\/wp\/v2\/product_cat?post=1073"},{"taxonomy":"product_tag","embeddable":true,"href":"https:\/\/www.aps-eb.de\/cs\/wp-json\/wp\/v2\/product_tag?post=1073"}],"curies":[{"name":"wp","href":"https:\/\/api.w.org\/{rel}","templated":true}]}}