{"id":1093,"date":"2023-07-12T11:42:03","date_gmt":"2023-07-12T11:42:03","guid":{"rendered":"https:\/\/aps-eb.de\/?post_type=product&#038;p=1093"},"modified":"2026-04-15T09:23:45","modified_gmt":"2026-04-15T09:23:45","slug":"reifen-good-year-flight-custom-iii-5-00-5-505c66-5","status":"publish","type":"product","link":"https:\/\/www.aps-eb.de\/cs\/categorie\/reifen-good-year-flight-custom-iii-5-00-5-505c66-5\/","title":{"rendered":"Pneumatika Good Year Flight Custom III 5.00-5 \u2013 505C66-5"},"content":{"rendered":"<h1>Pneumatika Good Year Flight Custom III 5.00-5 \u2013 505C66-5<\/h1>\n<p>Absolutn\u00ed vysoce v\u00fdkonn\u00e1 leteck\u00e1 pneumatika 5.00-5 se 6 vrstvami Goodyear v\u010detn\u011b Form8130-3.<\/p>\n<ul>\n<li>Rychlost (MPH): 160<\/li>\n<\/ul>","protected":false},"excerpt":{"rendered":"<p>Absolutn\u00ed vysoce v\u00fdkonn\u00e1 leteck\u00e1 pneumatika 5.00-5 se 6 vrstvami Goodyear v\u010detn\u011b Form8130-3.<\/p>","protected":false},"featured_media":1091,"comment_status":"open","ping_status":"closed","template":"","meta":{"_rtcl_gb_attr":"","ngg_post_thumbnail":0},"product_brand":[],"product_cat":[26],"product_tag":[172,195,81,82,80,35],"class_list":{"0":"post-1093","1":"product","2":"type-product","3":"status-publish","4":"has-post-thumbnail","6":"product_cat-reifen","7":"product_tag-5-00-5","8":"product_tag-505c66-5","9":"product_tag-6-00-6","10":"product_tag-flight-custom-iii","11":"product_tag-good-year","12":"product_tag-reifen","14":"first","15":"instock","16":"taxable","17":"shipping-taxable","18":"purchasable","19":"product-type-simple"},"bundled_by":[],"bundle_stock_status":"instock","bundle_stock_quantity":null,"bundle_virtual":false,"bundle_layout":"","bundle_add_to_cart_form_location":"","bundle_editable_in_cart":false,"bundle_sold_individually_context":"","bundle_item_grouping":"","bundle_min_size":"","bundle_max_size":"","bundle_price":[],"bundled_items":[],"bundle_sell_ids":[],"jetpack_sharing_enabled":true,"_links":{"self":[{"href":"https:\/\/www.aps-eb.de\/cs\/wp-json\/wp\/v2\/product\/1093","targetHints":{"allow":["GET"]}}],"collection":[{"href":"https:\/\/www.aps-eb.de\/cs\/wp-json\/wp\/v2\/product"}],"about":[{"href":"https:\/\/www.aps-eb.de\/cs\/wp-json\/wp\/v2\/types\/product"}],"replies":[{"embeddable":true,"href":"https:\/\/www.aps-eb.de\/cs\/wp-json\/wp\/v2\/comments?post=1093"}],"wp:featuredmedia":[{"embeddable":true,"href":"https:\/\/www.aps-eb.de\/cs\/wp-json\/wp\/v2\/media\/1091"}],"wp:attachment":[{"href":"https:\/\/www.aps-eb.de\/cs\/wp-json\/wp\/v2\/media?parent=1093"}],"wp:term":[{"taxonomy":"product_brand","embeddable":true,"href":"https:\/\/www.aps-eb.de\/cs\/wp-json\/wp\/v2\/product_brand?post=1093"},{"taxonomy":"product_cat","embeddable":true,"href":"https:\/\/www.aps-eb.de\/cs\/wp-json\/wp\/v2\/product_cat?post=1093"},{"taxonomy":"product_tag","embeddable":true,"href":"https:\/\/www.aps-eb.de\/cs\/wp-json\/wp\/v2\/product_tag?post=1093"}],"curies":[{"name":"wp","href":"https:\/\/api.w.org\/{rel}","templated":true}]}}