{"id":1112,"date":"2023-11-15T16:32:12","date_gmt":"2023-11-15T16:32:12","guid":{"rendered":"https:\/\/aps-eb.de\/?post_type=product&#038;p=1112"},"modified":"2024-12-04T10:21:05","modified_gmt":"2024-12-04T10:21:05","slug":"jpi-edm-930","status":"publish","type":"product","link":"https:\/\/www.aps-eb.de\/cs\/categorie\/jpi-edm-930\/","title":{"rendered":"JPI EDM-930"},"content":{"rendered":"<h1>JPI EDM-930<\/h1>\n<p>EDM-930 je standardn\u011b dod\u00e1v\u00e1n s plnobarevn\u00fdm VGA sloupcov\u00fdm grafem, kter\u00fd podporuje sklon (ROP\/LOP). Krom\u011b toho m\u00e1 sloupcov\u00fd graf \u201enormalizovan\u00e9\u201c a digit\u00e1ln\u00ed zobrazen\u00ed EGT a CHT nad ka\u017ed\u00fdm sloupcem a v oblasti zpr\u00e1vy na jedn\u00e9 obrazovce. . \u017d\u00e1dn\u00fd jin\u00fd sloupcov\u00fd graf v oboru nenab\u00edz\u00ed ani t\u00e9m\u011b\u0159 po\u010det funkc\u00ed, kter\u00e9 EDM-930 nab\u00edz\u00ed: 39. V\u0161e m\u016f\u017ee b\u00fdt p\u0159id\u00e1no a zobrazeno.<\/p>\n<p>Specifikace: 6,18\u2032\u2032 x 5,17\u2032\u2032 za panelem.<br \/>\nP\u0159edn\u00ed 5,53\u2032\u2032 x 4,74\u2032\u2032 x 0,9\u2032\u2032 hlubok\u00e1 s 2,8\u2032\u2032<br \/>\nRozli\u0161en\u00ed 1\u00b0F. Linearizovan\u00e1 p\u0159esnost 1 stupe\u0148 ne (1\/2 % = 10 stup\u0148\u016f).<br \/>\nTFT displej s p\u0159\u00edm\u00fdm i nep\u0159\u00edm\u00fdm slune\u010dn\u00edm sv\u011btlem, 1000 nit\u016f.<br \/>\nProvoz od 7,5 do 35 volt\u016f nebo 1\/2 amp\u00e9ru.<\/p>\n<h6>Sada obsahuje:<\/h6>\n<p>\u2022 RPM Prop odes\u00edlatel<br \/>\n\u2022 MAP Manifold Stiskn\u011bte Ode\u010d\u00edst $195 nereq.<br \/>\n\u2022 EGT &amp;teplota v\u00fdfukov\u00e9ho plynu ea Cyl..<br \/>\n\u2022 CHT Hlava v\u00e1lce Temp. ea Cyl.<br \/>\n\u2022 0-T Olej Teplota prim\u00e1rn\u00ed um\u00edst\u011bn\u00ed<br \/>\n\u2022 O-P tlak oleje<br \/>\n\u2022 OA T Venkovn\u00ed teplota vzduchu.<br \/>\n\u2022 Tlak paliva (voliteln\u011b u EDM-900)<br \/>\n\u2022 Nap\u011bt\u00ed VDC(1)<br \/>\n\u2022 AMP proudov\u00e9 zesilova\u010de (2 dvoj\u010data)<br \/>\n\u2022 P\u0159evodn\u00edk pr\u016ftoku paliva FloScan<br \/>\n\u2022 D\u00e1lkov\u00fd displej (RAD) nebo (RAL)<br \/>\n\u2022 % HP Procento ko\u0148sk\u00fdch sil<br \/>\n\u2022 USB pam\u011b\u0165ov\u00e1 karta 1 GB<br \/>\n\u2022 Nahr\u00e1v\u00e1n\u00ed dat 600 hodin ka\u017ed\u00fdch 6 sec.<br \/>\n\u2022 EZTrends Grafov\u00e1n\u00ed a stahov\u00e1n\u00ed Software zdarma<br \/>\n\u2022 Pre-Wired postroje pro v\u0161echny funkce<br \/>\n\u2022 Re\u017eim normalizace EGT<br \/>\n\u2022 LOP\/ROP JPI &amp;clusive Re\u017eim nakl\u00e1p\u011bn\u00ed<br \/>\n\u2022 \u010casova\u010d letu<br \/>\nTach Hobbs<br \/>\n\u2022 M\u00edstn\u00ed \u010das<br \/>\n\u2022 \u010cas na Zulu<br \/>\n\u2022 Zaznamen\u00e1v\u00e1n\u00ed \u00fadaj\u016f<br \/>\n\u2022 USB port<br \/>\n\u2022 fxtemal Bezpe\u010dnostn\u00ed sv\u011btla<br \/>\n\u2022 GPH Galon\u016f za hodinu GPH<br \/>\n\u2022 REQ Po\u017eadov\u00e1no pro wp nebo c\u00edl<br \/>\n\u2022 USD Spot\u0159ebovan\u00e9 palivo<br \/>\n\u2022 H:M Vytrvalostn\u00ed hodiny &amp; amp; Minuty<br \/>\n\u2022 MPG Mi\/es na Gai<br \/>\n\u2022 CLD Shock Chlazen\u00ed na V\u0160ECH v\u00e1lc\u00edch<br \/>\n\u2022 DIFF Rozd\u00edl mezi EGT<br \/>\n\u2022 3let\u00e1 z\u00e1ruka<\/p>\n<h6>Voliteln\u00e9:<\/h6>\n<p>TIT Turb\u00ednov\u00e9 n\u00e1vleky Temp.(2)<br \/>\nTlak paliva F-P<br \/>\nF-P diferenci\u00e1ln\u00ed palivov\u00fd lis. CRB karbur\u00e1tor Temp.<br \/>\nCDT Compressor Discharge IAT induk\u010dn\u00ed teplota vzduchu.<br \/>\nVychyst\u00e1vac\u00ed nap\u011bt\u00ed V-2<br \/>\nZesilova\u010de 2<br \/>\nL\/R-Tank Modul mno\u017estv\u00ed paliva L\/R-Aux Modul mno\u017estv\u00ed paliva Frekvence odes\u00edlatel\u016f mno\u017estv\u00ed paliva<br \/>\nHladina frekven\u010dn\u00edho paliva<\/p>","protected":false},"excerpt":{"rendered":"<h1>JPI EDM-930<\/h1>\n<p>EDM-930 je standardn\u011b dod\u00e1v\u00e1n s plnobarevn\u00fdm VGA sloupcov\u00fdm grafem, kter\u00fd podporuje sklon (ROP\/LOP). Krom\u011b toho m\u00e1 sloupcov\u00fd graf \u201enormalizovan\u00e9\u201c a digit\u00e1ln\u00ed zobrazen\u00ed EGT a CHT nad ka\u017ed\u00fdm sloupcem a v oblasti zpr\u00e1vy na jedn\u00e9 obrazovce. . \u017d\u00e1dn\u00fd jin\u00fd sloupcov\u00fd graf v oboru nenab\u00edz\u00ed ani t\u00e9m\u011b\u0159 po\u010det funkc\u00ed, kter\u00e9 EDM-930 nab\u00edz\u00ed: 39. V\u0161e m\u016f\u017ee b\u00fdt p\u0159id\u00e1no a zobrazeno.<\/p>","protected":false},"featured_media":1130,"comment_status":"open","ping_status":"closed","template":"","meta":{"_rtcl_gb_attr":"","ngg_post_thumbnail":0},"product_brand":[],"product_cat":[53],"product_tag":[150,151,149],"class_list":{"0":"post-1112","1":"product","2":"type-product","3":"status-publish","4":"has-post-thumbnail","6":"product_cat-instrumente","7":"product_tag-edm","8":"product_tag-edm-930","9":"product_tag-jpi","11":"first","12":"instock","13":"taxable","14":"shipping-taxable","15":"purchasable","16":"product-type-variable"},"bundled_by":[],"bundle_stock_status":"instock","bundle_stock_quantity":null,"bundle_virtual":false,"bundle_layout":"","bundle_add_to_cart_form_location":"","bundle_editable_in_cart":false,"bundle_sold_individually_context":"","bundle_item_grouping":"","bundle_min_size":"","bundle_max_size":"","bundle_price":[],"bundled_items":[],"bundle_sell_ids":[],"jetpack_sharing_enabled":true,"_links":{"self":[{"href":"https:\/\/www.aps-eb.de\/cs\/wp-json\/wp\/v2\/product\/1112","targetHints":{"allow":["GET"]}}],"collection":[{"href":"https:\/\/www.aps-eb.de\/cs\/wp-json\/wp\/v2\/product"}],"about":[{"href":"https:\/\/www.aps-eb.de\/cs\/wp-json\/wp\/v2\/types\/product"}],"replies":[{"embeddable":true,"href":"https:\/\/www.aps-eb.de\/cs\/wp-json\/wp\/v2\/comments?post=1112"}],"wp:featuredmedia":[{"embeddable":true,"href":"https:\/\/www.aps-eb.de\/cs\/wp-json\/wp\/v2\/media\/1130"}],"wp:attachment":[{"href":"https:\/\/www.aps-eb.de\/cs\/wp-json\/wp\/v2\/media?parent=1112"}],"wp:term":[{"taxonomy":"product_brand","embeddable":true,"href":"https:\/\/www.aps-eb.de\/cs\/wp-json\/wp\/v2\/product_brand?post=1112"},{"taxonomy":"product_cat","embeddable":true,"href":"https:\/\/www.aps-eb.de\/cs\/wp-json\/wp\/v2\/product_cat?post=1112"},{"taxonomy":"product_tag","embeddable":true,"href":"https:\/\/www.aps-eb.de\/cs\/wp-json\/wp\/v2\/product_tag?post=1112"}],"curies":[{"name":"wp","href":"https:\/\/api.w.org\/{rel}","templated":true}]}}