{"id":1138,"date":"2024-02-06T06:20:12","date_gmt":"2024-02-06T06:20:12","guid":{"rendered":"https:\/\/aps-eb.de\/?post_type=product&#038;p=1138"},"modified":"2025-10-05T09:33:46","modified_gmt":"2025-10-05T09:33:46","slug":"original-us-bdu-tarnhose-propper","status":"publish","type":"product","link":"https:\/\/www.aps-eb.de\/cs\/categorie\/original-us-bdu-tarnhose-propper\/","title":{"rendered":"Origin\u00e1ln\u00ed maskovac\u00ed kalhoty US BDU \u2013 Propper\u00ae"},"content":{"rendered":"<h4>P\u00e1nsk\u00e9 maskovac\u00ed kalhoty Propper\u00ae BDU<\/h4>\n<ul class=\"a-unordered-list a-vertical a-spacing-mini\">\n<li>Battle Rip\u00ae 65 % Polyesterov\u00e1 \/ 35 % Bavln\u011bn\u00fd ripstop<\/li>\n<li>100 % Ripstop bavlna<\/li>\n<li>nastaviteln\u00e9 pasov\u00e9 z\u00e1lo\u017eky pro bezpe\u010dn\u00e9 uchycen\u00ed<\/li>\n<li>Uzav\u0159en\u00e9 \u0161vy pro dlouhou \u017eivotnost<\/li>\n<li>zes\u00edlen\u00e9 sedadlo<\/li>\n<li>sva\u0159ovan\u00e9 kapesn\u00ed klopy pro \u010dist\u00fd, profesion\u00e1ln\u00ed vzhled<\/li>\n<li>6 kapes (\u010dty\u0159i s knofl\u00edkovou li\u0161tou)<\/li>\n<li>Odvod\u0148ovac\u00ed otvory v m\u011bchov\u00fdch kaps\u00e1ch<\/li>\n<li>sva\u0159ovan\u00e9 kapesn\u00ed klopy pro \u010dist\u00fd, profesion\u00e1ln\u00ed vzhled<\/li>\n<li>Dovezen\u00e9<\/li>\n<\/ul>","protected":false},"excerpt":{"rendered":"<h4>P\u00e1nsk\u00e9 maskovac\u00ed kalhoty Propper\u00ae BDU<\/h4>","protected":false},"featured_media":1246,"comment_status":"open","ping_status":"closed","template":"","meta":{"_rtcl_gb_attr":"","ngg_post_thumbnail":0},"product_brand":[],"product_cat":[331],"product_tag":[146,148,147,84,85],"class_list":{"0":"post-1138","1":"product","2":"type-product","3":"status-publish","4":"has-post-thumbnail","6":"product_cat-hosen","7":"product_tag-bdu-tarnhose","8":"product_tag-outdoorhose","9":"product_tag-propper","10":"product_tag-tarnhose","11":"product_tag-us-army","12":"pa_groesse-l","13":"pa_groesse-m","14":"pa_groesse-s","15":"pa_groesse-xl","16":"pa_groesse-xxl","18":"first","19":"instock","20":"taxable","21":"shipping-taxable","22":"purchasable","23":"product-type-variable","24":"has-default-attributes"},"bundled_by":[],"bundle_stock_status":"instock","bundle_stock_quantity":null,"bundle_virtual":false,"bundle_layout":"","bundle_add_to_cart_form_location":"","bundle_editable_in_cart":false,"bundle_sold_individually_context":"","bundle_item_grouping":"","bundle_min_size":"","bundle_max_size":"","bundle_price":[],"bundled_items":[],"bundle_sell_ids":[],"jetpack_sharing_enabled":true,"_links":{"self":[{"href":"https:\/\/www.aps-eb.de\/cs\/wp-json\/wp\/v2\/product\/1138","targetHints":{"allow":["GET"]}}],"collection":[{"href":"https:\/\/www.aps-eb.de\/cs\/wp-json\/wp\/v2\/product"}],"about":[{"href":"https:\/\/www.aps-eb.de\/cs\/wp-json\/wp\/v2\/types\/product"}],"replies":[{"embeddable":true,"href":"https:\/\/www.aps-eb.de\/cs\/wp-json\/wp\/v2\/comments?post=1138"}],"wp:featuredmedia":[{"embeddable":true,"href":"https:\/\/www.aps-eb.de\/cs\/wp-json\/wp\/v2\/media\/1246"}],"wp:attachment":[{"href":"https:\/\/www.aps-eb.de\/cs\/wp-json\/wp\/v2\/media?parent=1138"}],"wp:term":[{"taxonomy":"product_brand","embeddable":true,"href":"https:\/\/www.aps-eb.de\/cs\/wp-json\/wp\/v2\/product_brand?post=1138"},{"taxonomy":"product_cat","embeddable":true,"href":"https:\/\/www.aps-eb.de\/cs\/wp-json\/wp\/v2\/product_cat?post=1138"},{"taxonomy":"product_tag","embeddable":true,"href":"https:\/\/www.aps-eb.de\/cs\/wp-json\/wp\/v2\/product_tag?post=1138"}],"curies":[{"name":"wp","href":"https:\/\/api.w.org\/{rel}","templated":true}]}}