{"id":1249,"date":"2024-02-06T06:41:30","date_gmt":"2024-02-06T06:41:30","guid":{"rendered":"https:\/\/aps-eb.de\/?post_type=product&#038;p=1249"},"modified":"2025-12-20T10:28:33","modified_gmt":"2025-12-20T10:28:33","slug":"kinetic-combat-shirt-long-sleeve-olivegruen","status":"publish","type":"product","link":"https:\/\/www.aps-eb.de\/cs\/categorie\/kinetic-combat-shirt-long-sleeve-olivegruen\/","title":{"rendered":"Kinetic\u00ae Combat Shirt - Dlouh\u00fd ruk\u00e1v - Olivov\u011b zelen\u00e1"},"content":{"rendered":"<h4>Kinetic\u00ae Combat Shirt - Dlouh\u00fd ruk\u00e1v - Olivov\u011b zelen\u00e1<\/h4>\n<ul class=\"a-unordered-list a-vertical a-spacing-mini\">\n<li>T\u011bleso, sedlo a bo\u010dn\u00ed z\u00e1hyby: 5,2 unc\u00ed dvojit\u00e1 piqu\u00e9 pletenina 100 % polyestery<\/li>\n<li>Obojek a ruk\u00e1vy: 4,5 oz 65 % Polyesterov\u00e1 \/ 32 % Bavlna \/ 3 % Elastane NexStretch Ripstop<\/li>\n<li>Ochrana z teflonov\u00e9 tkaniny na l\u00edmci a ruk\u00e1vech odpuzuje skvrny a tekutiny<\/li>\n<li>1\/4 zip vp\u0159edu se stoj\u00e1nkem<\/li>\n<li>Pleten\u00e9 t\u011blo bez t\u0159en\u00ed a odoln\u00e9 proti prask\u00e1n\u00ed<\/li>\n<li>Antimikrobi\u00e1ln\u00ed p\u0159\u00edsada \/ inhibitor z\u00e1pachu<\/li>\n<li>Rychl\u00e9 su\u0161en\u00ed<\/li>\n<li>Kapsy na zip s poutky pro identifikaci a odznaky<\/li>\n<li>Zes\u00edlen\u00e9 lokty<\/li>\n<li>Nastaviteln\u00e9 man\u017eety se zap\u00edn\u00e1n\u00edm na such\u00fd zip<\/li>\n<li>Prodlou\u017een\u00e1 z\u00e1da<\/li>\n<li>Dovezen\u00e9<\/li>\n<\/ul>\n<p>Origin\u00e1ln\u00ed americk\u00e9 zbo\u017e\u00ed!<br \/>\nKo\u0161ile je velmi velk\u00e1, v p\u0159\u00edpad\u011b pochybnost\u00ed objednat \u010d\u00edslo men\u0161\u00ed!!<\/p>\n<p>Kinetic Combat Shirt byl speci\u00e1ln\u011b navr\u017een tak, aby vyhovoval pot\u0159eb\u00e1m donucovac\u00edch org\u00e1n\u016f a vojensk\u00fdch d\u016fstojn\u00edk\u016f, pokud jde o funkci a pohodl\u00ed pod t\u011b\u017ek\u00fdm panc\u00ed\u0159em a zas\u00e1hne zna\u010dku. T\u011blo ko\u0161ile je vyrobeno z na\u0161ich nejlep\u0161\u00edch odoln\u00fdch proti roztr\u017een\u00ed 100 % Polyester s odv\u00e1d\u011bj\u00edc\u00ed vlhkost, rychleschnouc\u00ed a antimikrobi\u00e1ln\u00ed vlastnosti, kter\u00e9 v\u00e1s udr\u017e\u00ed v chladu a sv\u011b\u017e\u00ed po cel\u00fd den. Ruk\u00e1vy a l\u00edmec jsou vyrobeny z na\u0161\u00ed ripstop tkaniny NexStretch, kombinace polyesteru, bavlny a spandexu, kter\u00e1 poskytuje optim\u00e1ln\u00ed volnost pohybu. Tato ko\u0161ile je vybavena praktick\u00fdmi \u00falo\u017en\u00fdmi kapsami, p\u0159ihr\u00e1dkami na pera a kapsami na poutka pro identifikaci a odznaky. Ragl\u00e1nov\u00e9 ruk\u00e1vy s kl\u00edny p\u0159edlokt\u00ed poskytuj\u00ed v\u00fdjime\u010dnou volnost pohybu, zat\u00edmco zes\u00edlen\u00e9 lemy lokt\u016f p\u0159isp\u00edvaj\u00ed k trvanlivosti. Stojanov\u00fd l\u00edmec a 1\/4 zip na p\u0159edn\u00ed stran\u011b jsou lemov\u00e1ny m\u011bkkou, prody\u0161nou s\u00ed\u0165ovinou, kter\u00e1 zabra\u0148uje od\u011bru a zvy\u0161uje pohodl\u00ed.<\/p>","protected":false},"excerpt":{"rendered":"<h4>Kinetic\u00ae Combat Shirt - Dlouh\u00fd ruk\u00e1v - Olivov\u011b zelen\u00e1<\/h4>","protected":false},"featured_media":1262,"comment_status":"open","ping_status":"closed","template":"","meta":{"_rtcl_gb_attr":"","ngg_post_thumbnail":0},"product_brand":[],"product_cat":[332],"product_tag":[87,144,145,85],"class_list":{"0":"post-1249","1":"product","2":"type-product","3":"status-publish","4":"has-post-thumbnail","6":"product_cat-shirts","7":"product_tag-combat-shirt","8":"product_tag-kinetic","9":"product_tag-kinetic-combat-shirt-long-sleeve-olivegruen","10":"product_tag-us-army","11":"pa_groesse-l","12":"pa_groesse-m","13":"pa_groesse-s","14":"pa_groesse-xl","15":"pa_groesse-xs","16":"pa_groesse-xxl","18":"first","19":"instock","20":"taxable","21":"shipping-taxable","22":"purchasable","23":"product-type-variable","24":"has-default-attributes"},"bundled_by":[],"bundle_stock_status":"instock","bundle_stock_quantity":null,"bundle_virtual":false,"bundle_layout":"","bundle_add_to_cart_form_location":"","bundle_editable_in_cart":false,"bundle_sold_individually_context":"","bundle_item_grouping":"","bundle_min_size":"","bundle_max_size":"","bundle_price":[],"bundled_items":[],"bundle_sell_ids":[],"jetpack_sharing_enabled":true,"_links":{"self":[{"href":"https:\/\/www.aps-eb.de\/cs\/wp-json\/wp\/v2\/product\/1249","targetHints":{"allow":["GET"]}}],"collection":[{"href":"https:\/\/www.aps-eb.de\/cs\/wp-json\/wp\/v2\/product"}],"about":[{"href":"https:\/\/www.aps-eb.de\/cs\/wp-json\/wp\/v2\/types\/product"}],"replies":[{"embeddable":true,"href":"https:\/\/www.aps-eb.de\/cs\/wp-json\/wp\/v2\/comments?post=1249"}],"wp:featuredmedia":[{"embeddable":true,"href":"https:\/\/www.aps-eb.de\/cs\/wp-json\/wp\/v2\/media\/1262"}],"wp:attachment":[{"href":"https:\/\/www.aps-eb.de\/cs\/wp-json\/wp\/v2\/media?parent=1249"}],"wp:term":[{"taxonomy":"product_brand","embeddable":true,"href":"https:\/\/www.aps-eb.de\/cs\/wp-json\/wp\/v2\/product_brand?post=1249"},{"taxonomy":"product_cat","embeddable":true,"href":"https:\/\/www.aps-eb.de\/cs\/wp-json\/wp\/v2\/product_cat?post=1249"},{"taxonomy":"product_tag","embeddable":true,"href":"https:\/\/www.aps-eb.de\/cs\/wp-json\/wp\/v2\/product_tag?post=1249"}],"curies":[{"name":"wp","href":"https:\/\/api.w.org\/{rel}","templated":true}]}}