{"id":1402,"date":"2024-02-07T13:11:24","date_gmt":"2024-02-07T13:11:24","guid":{"rendered":"https:\/\/aps-eb.de\/?post_type=product&#038;p=1402"},"modified":"2025-10-29T13:13:50","modified_gmt":"2025-10-29T13:13:50","slug":"poly-cotton-twill-flight-suit-fliegerkombi-freedom-green-neu","status":"publish","type":"product","link":"https:\/\/www.aps-eb.de\/cs\/categorie\/poly-cotton-twill-flight-suit-fliegerkombi-freedom-green-neu\/","title":{"rendered":"Origin\u00e1ln\u00ed US Fliegerkombi - Poly Cotton Twill Flight Suit - Freedom Green - NEU"},"content":{"rendered":"<h4>Barva: Svoboda zelen\u00e1 - NOVINKA<\/h4>\n<p>Origin\u00e1ln\u00ed US aviator combo!<\/p>\n<ul>\n<li>Kontinu\u00e1ln\u011b o\u0159ezan\u00e9 \u0161vy pro zv\u00fd\u0161enou trvanlivost<\/li>\n<li>2-p\u00e1smov\u00fd zip vp\u0159edu<\/li>\n<li>Zes\u00edlen\u00e1 ramena, aby se zabr\u00e1nilo opot\u0159eben\u00ed<\/li>\n<li>Bi-swing zp\u011bt zlep\u0161uje svobodu pohybu, zes\u00edlen\u00e1 ramena, aby se zabr\u00e1nilo opot\u0159eben\u00ed<\/li>\n<li>Nastaviteln\u00fd bedern\u00ed p\u00e1s se such\u00fdm zipem<\/li>\n<li>\u0160est hlavn\u00edch kapes s dodate\u010dn\u00fdmi kapsami na p\u0159\u00edslu\u0161enstv\u00ed<\/li>\n<li>Nastaviteln\u00fd such\u00fd zip na man\u017eet\u00e1ch<\/li>\n<li>Otvory na nohavic\u00edch na zip<\/li>\n<\/ul>\n<h4>K dispozici jsou n\u00e1sleduj\u00edc\u00ed velikosti. Uve\u010fte pros\u00edm p\u0159i objedn\u00e1vce.<\/h4>\n<p>XS<br \/>\nS<br \/>\nM<br \/>\nL<br \/>\nXL<br \/>\nXXL<br \/>\n3XL<\/p>","protected":false},"excerpt":{"rendered":"<p>Origin\u00e1ln\u00ed US Fliegerkombi - Poly Cotton Twill Flight Suit - Freedom Green - NEU<\/p>","protected":false},"featured_media":333,"comment_status":"open","ping_status":"closed","template":"","meta":{"_rtcl_gb_attr":"","ngg_post_thumbnail":0},"product_brand":[],"product_cat":[328],"product_tag":[83],"class_list":{"0":"post-1402","1":"product","2":"type-product","3":"status-publish","4":"has-post-thumbnail","6":"product_cat-fliegerkombis","7":"product_tag-fliegerkombi","9":"first","10":"instock","11":"taxable","12":"shipping-taxable","13":"purchasable","14":"product-type-simple"},"bundled_by":[],"bundle_stock_status":"instock","bundle_stock_quantity":10,"bundle_virtual":false,"bundle_layout":"","bundle_add_to_cart_form_location":"","bundle_editable_in_cart":false,"bundle_sold_individually_context":"","bundle_item_grouping":"","bundle_min_size":"","bundle_max_size":"","bundle_price":[],"bundled_items":[],"bundle_sell_ids":[],"jetpack_sharing_enabled":true,"_links":{"self":[{"href":"https:\/\/www.aps-eb.de\/cs\/wp-json\/wp\/v2\/product\/1402","targetHints":{"allow":["GET"]}}],"collection":[{"href":"https:\/\/www.aps-eb.de\/cs\/wp-json\/wp\/v2\/product"}],"about":[{"href":"https:\/\/www.aps-eb.de\/cs\/wp-json\/wp\/v2\/types\/product"}],"replies":[{"embeddable":true,"href":"https:\/\/www.aps-eb.de\/cs\/wp-json\/wp\/v2\/comments?post=1402"}],"wp:featuredmedia":[{"embeddable":true,"href":"https:\/\/www.aps-eb.de\/cs\/wp-json\/wp\/v2\/media\/333"}],"wp:attachment":[{"href":"https:\/\/www.aps-eb.de\/cs\/wp-json\/wp\/v2\/media?parent=1402"}],"wp:term":[{"taxonomy":"product_brand","embeddable":true,"href":"https:\/\/www.aps-eb.de\/cs\/wp-json\/wp\/v2\/product_brand?post=1402"},{"taxonomy":"product_cat","embeddable":true,"href":"https:\/\/www.aps-eb.de\/cs\/wp-json\/wp\/v2\/product_cat?post=1402"},{"taxonomy":"product_tag","embeddable":true,"href":"https:\/\/www.aps-eb.de\/cs\/wp-json\/wp\/v2\/product_tag?post=1402"}],"curies":[{"name":"wp","href":"https:\/\/api.w.org\/{rel}","templated":true}]}}