{"id":1494,"date":"2024-03-07T06:04:05","date_gmt":"2024-03-07T06:04:05","guid":{"rendered":"https:\/\/aps-eb.de\/?post_type=product&#038;p=1494"},"modified":"2025-10-05T08:59:12","modified_gmt":"2025-10-05T08:59:12","slug":"us-army-gen-iii-polartec-fleece-jacke","status":"publish","type":"product","link":"https:\/\/www.aps-eb.de\/cs\/categorie\/us-army-gen-iii-polartec-fleece-jacke\/","title":{"rendered":"US-Army Gen III Polartec\u00ae Fleecov\u00e1 bunda"},"content":{"rendered":"<h4>US-Army Gen III Polartec\u00ae Fleecov\u00e1 bunda<\/h4>\n<ul>\n<li>100 % Pl\u00e1\u0161t\u011b Polartec\u00ae Thermal Pro\u00ae<\/li>\n<li>Tkanina Polartec\u00ae Thermal Pro\u00ae je 30kr\u00e1t odoln\u011bj\u0161\u00ed ne\u017e b\u011b\u017en\u00e9 fleece<\/li>\n<li>Nylonov\u00e9 v\u00fdztuhy na l\u00edmci, ramenou a loktech<\/li>\n<li>Bo\u010dn\u00ed panely z fleece ze stre\u010dov\u00e9 s\u00ed\u0165oviny zaji\u0161\u0165uj\u00ed pohodl\u00ed a prody\u0161nost<\/li>\n<li>\u0160it\u00e9 podle vojensk\u00e9 specifikace GL\/PD-06-03<\/li>\n<li>Odolnost proti barv\u00e1m a smr\u0161t\u011bn\u00ed<\/li>\n<li>Ru\u010dn\u00ed teplej\u0161\u00ed ta\u0161ky<\/li>\n<li>Dv\u011b vnit\u0159n\u00ed n\u00e1prsn\u00ed kapsy<\/li>\n<li>Ragl\u00e1nov\u00e9 ruk\u00e1vy pro v\u011bt\u0161\u00ed volnost pohybu<\/li>\n<li>Elastick\u00e9 man\u017eety<\/li>\n<li>Dovoz z USA<\/li>\n<\/ul>\n<p>Fleecov\u00e1 bunda Gen III Polartec\u00ae je navr\u017eena pro pou\u017eit\u00ed s roz\u0161\u00ed\u0159en\u00fdm syst\u00e9mem oble\u010den\u00ed za chladn\u00e9ho po\u010das\u00ed a je p\u0159ipravena k aktivn\u00edmu pou\u017eit\u00ed. Je \u0161it\u00fd podle aktu\u00e1ln\u00edch vojensk\u00fdch specifikac\u00ed. Tato bunda je tak\u00e9 skv\u011bl\u00e1 pro kempov\u00e1n\u00ed, turistiku a pr\u00e1ci venku, udr\u017euje v\u00e1s v teple i v chladn\u011bj\u0161\u00edch teplot\u00e1ch d\u00edky vysoce kvalitn\u00ed tkanin\u011b Polartec\u00ae Thermal Pro\u00ae, kter\u00e1 je 30kr\u00e1t odoln\u011bj\u0161\u00ed ne\u017e konven\u010dn\u00ed fleece.<\/p>","protected":false},"excerpt":{"rendered":"<h4>US-Army Gen III Polartec\u00ae Fleecov\u00e1 bunda<\/h4>","protected":false},"featured_media":1496,"comment_status":"open","ping_status":"closed","template":"","meta":{"_rtcl_gb_attr":"","ngg_post_thumbnail":0},"product_brand":[],"product_cat":[329],"product_tag":[160,164,85],"class_list":{"0":"post-1494","1":"product","2":"type-product","3":"status-publish","4":"has-post-thumbnail","6":"product_cat-jacken","7":"product_tag-fleece-jacke","8":"product_tag-polartec","9":"product_tag-us-army","11":"first","12":"instock","13":"taxable","14":"shipping-taxable","15":"purchasable","16":"product-type-variable","17":"has-default-attributes"},"bundled_by":[],"bundle_stock_status":"instock","bundle_stock_quantity":null,"bundle_virtual":false,"bundle_layout":"","bundle_add_to_cart_form_location":"","bundle_editable_in_cart":false,"bundle_sold_individually_context":"","bundle_item_grouping":"","bundle_min_size":"","bundle_max_size":"","bundle_price":[],"bundled_items":[],"bundle_sell_ids":[],"jetpack_sharing_enabled":true,"_links":{"self":[{"href":"https:\/\/www.aps-eb.de\/cs\/wp-json\/wp\/v2\/product\/1494","targetHints":{"allow":["GET"]}}],"collection":[{"href":"https:\/\/www.aps-eb.de\/cs\/wp-json\/wp\/v2\/product"}],"about":[{"href":"https:\/\/www.aps-eb.de\/cs\/wp-json\/wp\/v2\/types\/product"}],"replies":[{"embeddable":true,"href":"https:\/\/www.aps-eb.de\/cs\/wp-json\/wp\/v2\/comments?post=1494"}],"wp:featuredmedia":[{"embeddable":true,"href":"https:\/\/www.aps-eb.de\/cs\/wp-json\/wp\/v2\/media\/1496"}],"wp:attachment":[{"href":"https:\/\/www.aps-eb.de\/cs\/wp-json\/wp\/v2\/media?parent=1494"}],"wp:term":[{"taxonomy":"product_brand","embeddable":true,"href":"https:\/\/www.aps-eb.de\/cs\/wp-json\/wp\/v2\/product_brand?post=1494"},{"taxonomy":"product_cat","embeddable":true,"href":"https:\/\/www.aps-eb.de\/cs\/wp-json\/wp\/v2\/product_cat?post=1494"},{"taxonomy":"product_tag","embeddable":true,"href":"https:\/\/www.aps-eb.de\/cs\/wp-json\/wp\/v2\/product_tag?post=1494"}],"curies":[{"name":"wp","href":"https:\/\/api.w.org\/{rel}","templated":true}]}}