{"id":1818,"date":"2024-06-18T07:16:33","date_gmt":"2024-06-18T07:16:33","guid":{"rendered":"https:\/\/aps-eb.de\/?post_type=product&#038;p=1818"},"modified":"2026-05-15T22:15:10","modified_gmt":"2026-05-15T22:15:10","slug":"champion-spark-plug-rem38e","status":"publish","type":"product","link":"https:\/\/www.aps-eb.de\/cs\/categorie\/champion-spark-plug-rem38e\/","title":{"rendered":"Champion Zapalovac\u00ed sv\u00ed\u010dka RHM38E"},"content":{"rendered":"<h1 class=\"product-info-title\">Champion Zapalovac\u00ed sv\u00ed\u010dka RHM38E<\/h1>\n<p>Zapalovac\u00ed sv\u00ed\u010dky Champion jsou \u010dasto prvn\u00ed volbou pro v\u00fdrobce motor\u016f, techniky \u00fadr\u017eby a piloty v celosv\u011btov\u00e9m letectv\u00ed.<\/p>\n<ul>\n<li>Velikost z\u00e1vitu: 18 mm<\/li>\n<li>D\u00e9lka za\u0161roubov\u00e1n\u00ed: 1,27 cm<\/li>\n<li>Typ z\u00e1vitu: 5\/8\u2032\u2032\u2019\u201324<\/li>\n<li>Standardn\u00ed elektroda: 2-bodov\u00fd<\/li>\n<li>Rozte\u010d elektrod: 0,41\u20130,53 mm<\/li>\n<\/ul>\n<p>D\u016fle\u017eit\u00e9: Zapalovac\u00ed sv\u00ed\u010dky jsou dod\u00e1v\u00e1ny v uzav\u0159en\u00e9m ochrann\u00e9m obalu. Zapalovac\u00ed sv\u00ed\u010dky s otev\u0159en\u00fdm obalem jsou vylou\u010deny z pr\u00e1va na odstoupen\u00ed od smlouvy.<\/p>","protected":false},"excerpt":{"rendered":"<h1 class=\"product-info-title\">Champion Zapalovac\u00ed sv\u00ed\u010dka RHM38E<\/h1>","protected":false},"featured_media":1819,"comment_status":"open","ping_status":"closed","template":"","meta":{"_rtcl_gb_attr":"","ngg_post_thumbnail":0},"product_brand":[],"product_cat":[27],"product_tag":[68,70,130,131,128,129],"class_list":{"0":"post-1818","1":"product","2":"type-product","3":"status-publish","4":"has-post-thumbnail","6":"product_cat-ersatzteile","7":"product_tag-champion","8":"product_tag-lycomming","9":"product_tag-rem38e","10":"product_tag-rhm38e","11":"product_tag-spark-plug","12":"product_tag-zuendkerze","14":"first","15":"instock","16":"sale","17":"taxable","18":"shipping-taxable","19":"purchasable","20":"product-type-simple"},"bundled_by":[],"bundle_stock_status":"instock","bundle_stock_quantity":20,"bundle_virtual":false,"bundle_layout":"","bundle_add_to_cart_form_location":"","bundle_editable_in_cart":false,"bundle_sold_individually_context":"","bundle_item_grouping":"","bundle_min_size":"","bundle_max_size":"","bundle_price":[],"bundled_items":[],"bundle_sell_ids":[],"jetpack_sharing_enabled":true,"_links":{"self":[{"href":"https:\/\/www.aps-eb.de\/cs\/wp-json\/wp\/v2\/product\/1818","targetHints":{"allow":["GET"]}}],"collection":[{"href":"https:\/\/www.aps-eb.de\/cs\/wp-json\/wp\/v2\/product"}],"about":[{"href":"https:\/\/www.aps-eb.de\/cs\/wp-json\/wp\/v2\/types\/product"}],"replies":[{"embeddable":true,"href":"https:\/\/www.aps-eb.de\/cs\/wp-json\/wp\/v2\/comments?post=1818"}],"wp:featuredmedia":[{"embeddable":true,"href":"https:\/\/www.aps-eb.de\/cs\/wp-json\/wp\/v2\/media\/1819"}],"wp:attachment":[{"href":"https:\/\/www.aps-eb.de\/cs\/wp-json\/wp\/v2\/media?parent=1818"}],"wp:term":[{"taxonomy":"product_brand","embeddable":true,"href":"https:\/\/www.aps-eb.de\/cs\/wp-json\/wp\/v2\/product_brand?post=1818"},{"taxonomy":"product_cat","embeddable":true,"href":"https:\/\/www.aps-eb.de\/cs\/wp-json\/wp\/v2\/product_cat?post=1818"},{"taxonomy":"product_tag","embeddable":true,"href":"https:\/\/www.aps-eb.de\/cs\/wp-json\/wp\/v2\/product_tag?post=1818"}],"curies":[{"name":"wp","href":"https:\/\/api.w.org\/{rel}","templated":true}]}}