{"id":18245,"date":"2025-12-23T15:26:47","date_gmt":"2025-12-23T15:26:47","guid":{"rendered":"https:\/\/www.aps-eb.de\/?post_type=product&#038;p=18245"},"modified":"2026-02-07T17:09:57","modified_gmt":"2026-02-07T17:09:57","slug":"f-35-fliegerjacke","status":"publish","type":"product","link":"https:\/\/www.aps-eb.de\/cs\/categorie\/f-35-fliegerjacke\/","title":{"rendered":"F-35 Fliegerjacke"},"content":{"rendered":"<div class=\"info-block--item\">\n<div>Popis:<\/div>\n<div>\n<p><big><strong>F-35 Fliegerjacke<\/strong><br \/>\n________________________________________<\/big><\/p>\n<p><big>Die F-35 Flight Jacket ist eine taktische Bomberjacke aus 100 % Nylon. Eine komfortable und robuste Jacke mit Polyester-Futter. Ausgestattet mit sch\u00f6nen PVC-Aufn\u00e4hern und mehreren praktischen Taschen mit Rei\u00dfverschluss. Die Jacke passt sich dank der elastischen B\u00fcndchen und \u00c4rmel gut an den K\u00f6rper an.<\/big><\/p>\n<p>Das Design dieser Jacke ist sowohl funktional als auch trendig. Das Design einer Bomberjacke ist zeitlos und man sieht sie oft auf der Stra\u00dfe.<\/p>\n<p><strong><big>Charakteristika:<\/big><\/strong><\/p>\n<ul>\n<li><big>Starker YKK-Hauptrei\u00dfverschluss<\/big><\/li>\n<li><big>Inklusive 3 PVC-Aufn\u00e4hern (Airforce)<\/big><\/li>\n<li><big>Elastische B\u00fcndchen (am Bund &amp; am \u00c4rmel)<\/big><\/li>\n<li><big>Elastische N\u00e4hte an den \u00c4rmeln<\/big><\/li>\n<li><big>Elastischer Kragen<\/big><\/li>\n<li><big>Zwei Seitentaschen mit Klettverschluss<\/big><\/li>\n<li><big>Zwei Rei\u00dfverschluss-Taschen mit viel Stauraum<\/big><\/li>\n<li><big>Linker \u00c4rmel mit Rei\u00dfverschlusstasche und Stiftfach<\/big><\/li>\n<li><big>Bel\u00fcftete Achselh\u00f6hlen<\/big><\/li>\n<\/ul>\n<\/div>\n<\/div>\n<div class=\"info-block--item\">&nbsp;<\/div>\n<div class=\"info-block--item\">\n<div>Gewicht (gr):<\/div>\n<\/div>\n<div class=\"info-block--item\">\n<div>950.00<\/div>\n<\/div>\n<div class=\"info-block--item\">\n<div>Marke:<\/div>\n<div>Od\u011bvy Fostex<\/div>\n<\/div>\n<div class=\"info-block--item\">\n<div>Material:<\/div>\n<div>100% Nylon Shell \/ 100% Polyester lining<\/div>\n<\/div>\n<div class=\"info-block--item\">\n<div>Logo:<\/div>\n<div><a class=\"semantic_image_link\" href=\"https:\/\/www.vanosimports.com\/de\/fostex-garments\/f-35-fliegerjacke\/121425.html\" data-bs-toggle=\"modal\" data-bs-target=\".stock-modal\" data-image=\"https:\/\/plm.vanosimports.com\/media\/uploads\/product_files\/10657_75cf89871532893331442c204fc589e2ff8feee7.png\" data-image-title=\"Logo\"><img decoding=\"async\" src=\"https:\/\/plm.vanosimports.com\/media\/uploads\/product_files\/10657_75cf89871532893331442c204fc589e2ff8feee7.png?&amp;height=50\"><\/a><\/div>\n<\/div>","protected":false},"excerpt":{"rendered":"<p>Beschreibung: F-35 Fliegerjacke ________________________________________ Die F-35 Flight Jacket ist eine taktische Bomberjacke aus 100 % Nylon. Eine komfortable und robuste<\/p>","protected":false},"featured_media":14543,"comment_status":"open","ping_status":"closed","template":"","meta":{"_rtcl_gb_attr":"","ngg_post_thumbnail":0},"product_brand":[432],"product_cat":[329],"product_tag":[311,336,421,85],"class_list":{"0":"post-18245","1":"product","2":"type-product","3":"status-publish","4":"has-post-thumbnail","6":"product_brand-fostex-garments","7":"product_cat-jacken","8":"product_tag-fliegerjacke","9":"product_tag-fostex-garments","10":"product_tag-holzfaellerjacke","11":"product_tag-us-army","12":"pa_groesse-l","13":"pa_groesse-m","14":"pa_groesse-s","15":"pa_groesse-xl","16":"pa_groesse-xxl","17":"pa_groesse-xxxl","19":"first","20":"instock","21":"taxable","22":"shipping-taxable","23":"purchasable","24":"product-type-variable"},"bundled_by":[],"bundle_stock_status":"instock","bundle_stock_quantity":5,"bundle_virtual":false,"bundle_layout":"","bundle_add_to_cart_form_location":"","bundle_editable_in_cart":false,"bundle_sold_individually_context":"","bundle_item_grouping":"","bundle_min_size":"","bundle_max_size":"","bundle_price":[],"bundled_items":[],"bundle_sell_ids":[],"jetpack_sharing_enabled":true,"_links":{"self":[{"href":"https:\/\/www.aps-eb.de\/cs\/wp-json\/wp\/v2\/product\/18245","targetHints":{"allow":["GET"]}}],"collection":[{"href":"https:\/\/www.aps-eb.de\/cs\/wp-json\/wp\/v2\/product"}],"about":[{"href":"https:\/\/www.aps-eb.de\/cs\/wp-json\/wp\/v2\/types\/product"}],"replies":[{"embeddable":true,"href":"https:\/\/www.aps-eb.de\/cs\/wp-json\/wp\/v2\/comments?post=18245"}],"wp:featuredmedia":[{"embeddable":true,"href":"https:\/\/www.aps-eb.de\/cs\/wp-json\/wp\/v2\/media\/14543"}],"wp:attachment":[{"href":"https:\/\/www.aps-eb.de\/cs\/wp-json\/wp\/v2\/media?parent=18245"}],"wp:term":[{"taxonomy":"product_brand","embeddable":true,"href":"https:\/\/www.aps-eb.de\/cs\/wp-json\/wp\/v2\/product_brand?post=18245"},{"taxonomy":"product_cat","embeddable":true,"href":"https:\/\/www.aps-eb.de\/cs\/wp-json\/wp\/v2\/product_cat?post=18245"},{"taxonomy":"product_tag","embeddable":true,"href":"https:\/\/www.aps-eb.de\/cs\/wp-json\/wp\/v2\/product_tag?post=18245"}],"curies":[{"name":"wp","href":"https:\/\/api.w.org\/{rel}","templated":true}]}}