{"id":1875,"date":"2024-11-28T08:47:52","date_gmt":"2024-11-28T08:47:52","guid":{"rendered":"https:\/\/aps-eb.de\/?post_type=product&#038;p=1875"},"modified":"2025-10-05T09:14:48","modified_gmt":"2025-10-05T09:14:48","slug":"taktische-tragetasche-2","status":"publish","type":"product","link":"https:\/\/www.aps-eb.de\/cs\/categorie\/taktische-tragetasche-2\/","title":{"rendered":"taktick\u00e1 ta\u0161ka na p\u0159en\u00e1\u0161en\u00ed"},"content":{"rendered":"<h4 id=\"tw-target-text\" class=\"tw-data-text tw-text-large tw-ta\" dir=\"ltr\" data-placeholder=\"Translation\">taktick\u00e1 ta\u0161ka na p\u0159en\u00e1\u0161en\u00ed<\/h4>\n<ul>\n<li>100 % nylonu<\/li>\n<li>MOLLE-kompatibiln\u00ed popruh pro individu\u00e1ln\u00ed design<\/li>\n<li>P\u0159edn\u00ed kapsa na zip a vnit\u0159n\u00ed kapsa na such\u00fd zip<\/li>\n<li>Kontrastn\u00ed pod\u0161\u00edvka pro lep\u0161\u00ed viditelnost<\/li>\n<li>Odoln\u00e9 pogumovan\u00e9 rukojeti na obou stran\u00e1ch Polstrovan\u00fd nastaviteln\u00fd ramenn\u00ed popruh<\/li>\n<li>Extern\u00ed panel na such\u00fd zip pro z\u00e1platy<\/li>\n<li>Tunel na boty<\/li>\n<li>zes\u00edlen\u00e1 p\u016fda<\/li>\n<li>Testov\u00e1no a schv\u00e1leno \u010dleny NTOA<\/li>\n<li>Dovezen\u00e9<\/li>\n<\/ul>\n<p>Robustn\u00ed materi\u00e1ly a dostatek \u00falo\u017en\u00e9ho prostoru, tak\u017ee jste p\u0159ipraveni na jakoukoli cestu nebo misi. Taktick\u00e1 ta\u0161ka je vyrobena z odoln\u00e9ho nylonu Cordura a zes\u00edlen\u00e9ho dna pro v\u011bt\u0161\u00ed stabilitu. D\u00edky polstrovan\u00e9mu ramenn\u00edmu popruhu a pogumovan\u00fdm rukojet\u00edm se tato ta\u0161ka snadno p\u0159en\u00e1\u0161\u00ed, i kdy\u017e je nalo\u017eena v\u0161emi n\u00e1le\u017eitostmi. Udr\u017eujte boty odd\u011blen\u00e9 od ostatn\u00edch p\u0159edm\u011bt\u016f v bo\u010dn\u00edm tunelu, kter\u00fd se roz\u0161i\u0159uje dovnit\u0159, a p\u0159izp\u016fsobte si je pomoc\u00ed dal\u0161\u00edho \u00falo\u017en\u00e9ho prostoru s popruhem kompatibiln\u00edm s MOLLE a vnit\u0159n\u00edmi kapesn\u00edmi panely lemovan\u00fdmi smy\u010dkou.<\/p>","protected":false},"excerpt":{"rendered":"<h4 id=\"tw-target-text\" class=\"tw-data-text tw-text-large tw-ta\" dir=\"ltr\" data-placeholder=\"Translation\">taktick\u00e1 ta\u0161ka na p\u0159en\u00e1\u0161en\u00ed<\/h4>","protected":false},"featured_media":1880,"comment_status":"open","ping_status":"closed","template":"","meta":{"_rtcl_gb_attr":"","ngg_post_thumbnail":0},"product_brand":[],"product_cat":[330],"product_tag":[134,133,132,85],"class_list":{"0":"post-1875","1":"product","2":"type-product","3":"status-publish","4":"has-post-thumbnail","6":"product_cat-taschen-backpacks","7":"product_tag-kartentasche","8":"product_tag-pilotentasche","9":"product_tag-tragetasche","10":"product_tag-us-army","11":"pa_farbe-coyote","12":"pa_farbe-schwarz","14":"first","15":"instock","16":"taxable","17":"shipping-taxable","18":"purchasable","19":"product-type-variable"},"bundled_by":[],"bundle_stock_status":"instock","bundle_stock_quantity":10,"bundle_virtual":false,"bundle_layout":"","bundle_add_to_cart_form_location":"","bundle_editable_in_cart":false,"bundle_sold_individually_context":"","bundle_item_grouping":"","bundle_min_size":"","bundle_max_size":"","bundle_price":[],"bundled_items":[],"bundle_sell_ids":[],"jetpack_sharing_enabled":true,"_links":{"self":[{"href":"https:\/\/www.aps-eb.de\/cs\/wp-json\/wp\/v2\/product\/1875","targetHints":{"allow":["GET"]}}],"collection":[{"href":"https:\/\/www.aps-eb.de\/cs\/wp-json\/wp\/v2\/product"}],"about":[{"href":"https:\/\/www.aps-eb.de\/cs\/wp-json\/wp\/v2\/types\/product"}],"replies":[{"embeddable":true,"href":"https:\/\/www.aps-eb.de\/cs\/wp-json\/wp\/v2\/comments?post=1875"}],"wp:featuredmedia":[{"embeddable":true,"href":"https:\/\/www.aps-eb.de\/cs\/wp-json\/wp\/v2\/media\/1880"}],"wp:attachment":[{"href":"https:\/\/www.aps-eb.de\/cs\/wp-json\/wp\/v2\/media?parent=1875"}],"wp:term":[{"taxonomy":"product_brand","embeddable":true,"href":"https:\/\/www.aps-eb.de\/cs\/wp-json\/wp\/v2\/product_brand?post=1875"},{"taxonomy":"product_cat","embeddable":true,"href":"https:\/\/www.aps-eb.de\/cs\/wp-json\/wp\/v2\/product_cat?post=1875"},{"taxonomy":"product_tag","embeddable":true,"href":"https:\/\/www.aps-eb.de\/cs\/wp-json\/wp\/v2\/product_tag?post=1875"}],"curies":[{"name":"wp","href":"https:\/\/api.w.org\/{rel}","templated":true}]}}