{"id":1938,"date":"2024-12-01T12:31:34","date_gmt":"2024-12-01T12:31:34","guid":{"rendered":"https:\/\/aps-eb.de\/?post_type=product&#038;p=1938"},"modified":"2025-10-04T16:12:48","modified_gmt":"2025-10-04T16:12:48","slug":"rotax-zuendkerzenstecker-912-914-915","status":"publish","type":"product","link":"https:\/\/www.aps-eb.de\/cs\/categorie\/rotax-zuendkerzenstecker-912-914-915\/","title":{"rendered":"Zapalovac\u00ed sv\u00ed\u010dka Rotax 912\/914\/915 \u2013 P\/N: 265249"},"content":{"rendered":"<h1 class=\"product--title\">Zapalovac\u00ed sv\u00ed\u010dka Rotax 912\/914\/915 \u2013 P\/N:265249<\/h1>\n<ul>\n<li>Origin\u00e1ln\u00ed zapalovac\u00ed sv\u00ed\u010dka Rotax (912\/914\/915)<\/li>\n<\/ul>","protected":false},"excerpt":{"rendered":"<h1 class=\"product--title\">Zapalovac\u00ed sv\u00ed\u010dka Rotax 912\/914\/915 \u2013 P\/N:265249<\/h1>","protected":false},"featured_media":0,"comment_status":"open","ping_status":"closed","template":"","meta":{"_rtcl_gb_attr":"","ngg_post_thumbnail":0},"product_brand":[],"product_cat":[27],"product_tag":[69,28,111],"class_list":{"0":"post-1938","1":"product","2":"type-product","3":"status-publish","5":"product_cat-ersatzteile","6":"product_tag-oelfilter","7":"product_tag-rotax","8":"product_tag-rotax-zuendkerze","10":"first","11":"instock","12":"taxable","13":"shipping-taxable","14":"purchasable","15":"product-type-variable","16":"has-default-attributes"},"bundled_by":[],"bundle_stock_status":"instock","bundle_stock_quantity":20,"bundle_virtual":false,"bundle_layout":"","bundle_add_to_cart_form_location":"","bundle_editable_in_cart":false,"bundle_sold_individually_context":"","bundle_item_grouping":"","bundle_min_size":"","bundle_max_size":"","bundle_price":[],"bundled_items":[],"bundle_sell_ids":[],"jetpack_sharing_enabled":true,"_links":{"self":[{"href":"https:\/\/www.aps-eb.de\/cs\/wp-json\/wp\/v2\/product\/1938","targetHints":{"allow":["GET"]}}],"collection":[{"href":"https:\/\/www.aps-eb.de\/cs\/wp-json\/wp\/v2\/product"}],"about":[{"href":"https:\/\/www.aps-eb.de\/cs\/wp-json\/wp\/v2\/types\/product"}],"replies":[{"embeddable":true,"href":"https:\/\/www.aps-eb.de\/cs\/wp-json\/wp\/v2\/comments?post=1938"}],"wp:attachment":[{"href":"https:\/\/www.aps-eb.de\/cs\/wp-json\/wp\/v2\/media?parent=1938"}],"wp:term":[{"taxonomy":"product_brand","embeddable":true,"href":"https:\/\/www.aps-eb.de\/cs\/wp-json\/wp\/v2\/product_brand?post=1938"},{"taxonomy":"product_cat","embeddable":true,"href":"https:\/\/www.aps-eb.de\/cs\/wp-json\/wp\/v2\/product_cat?post=1938"},{"taxonomy":"product_tag","embeddable":true,"href":"https:\/\/www.aps-eb.de\/cs\/wp-json\/wp\/v2\/product_tag?post=1938"}],"curies":[{"name":"wp","href":"https:\/\/api.w.org\/{rel}","templated":true}]}}