{"id":1964,"date":"2025-01-08T13:35:33","date_gmt":"2025-01-08T13:35:33","guid":{"rendered":"https:\/\/aps-eb.de\/?post_type=product&#038;p=1964"},"modified":"2026-05-17T05:54:04","modified_gmt":"2026-05-17T05:54:04","slug":"us-army-gen-iii-fleece-jacke","status":"publish","type":"product","link":"https:\/\/www.aps-eb.de\/cs\/categorie\/us-army-gen-iii-fleece-jacke\/","title":{"rendered":"Americk\u00e1 arm\u00e1da Gen III Fleecov\u00e1 bunda"},"content":{"rendered":"<h4>Americk\u00e1 arm\u00e1da Gen III Fleecov\u00e1 bunda<\/h4>\n<ul>\n<li>100 % polyestery<\/li>\n<li>Taslanov\u00e9 v\u00fdztuhy na l\u00edmci, ramenou a loktech<\/li>\n<li>Odolnost proti barv\u00e1m a smr\u0161t\u011bn\u00ed<\/li>\n<li>Ru\u010dn\u00ed teplej\u0161\u00ed ta\u0161ky<\/li>\n<li>Dv\u011b vnit\u0159n\u00ed n\u00e1prsn\u00ed kapsy<\/li>\n<li>Stre\u010dov\u00e9 s\u00ed\u0165ovan\u00e9 fleecov\u00e9 bo\u010dn\u00ed panely poskytuj\u00ed pohodl\u00ed a prody\u0161nost<\/li>\n<li>Ragl\u00e1nov\u00e9 ruk\u00e1vy pro v\u011bt\u0161\u00ed volnost pohybu<\/li>\n<li>Elastick\u00e9 man\u017eety<\/li>\n<li>Dovoz z USA<\/li>\n<\/ul>\n<p>Fleecov\u00e1 bunda III. generace byla vyvinuta pro pou\u017eit\u00ed v roz\u0161\u00ed\u0159en\u00e9m od\u011bvn\u00edm syst\u00e9mu za chladn\u00e9ho po\u010das\u00ed a vyhovuje sou\u010dasn\u00fdm vojensk\u00fdm specifikac\u00edm. D\u00edky sv\u00e9 vysoce kvalitn\u00ed fleecov\u00e9 konstrukci je tato bunda tak\u00e9 skv\u011blou volbou pro kempov\u00e1n\u00ed, turistiku a pr\u00e1ci venku v chladn\u011bj\u0161\u00edch teplot\u00e1ch.<\/p>","protected":false},"excerpt":{"rendered":"<h4>Americk\u00e1 arm\u00e1da Gen III Fleecov\u00e1 bunda<\/h4>","protected":false},"featured_media":1987,"comment_status":"open","ping_status":"closed","template":"","meta":{"_rtcl_gb_attr":"","ngg_post_thumbnail":0},"product_brand":[],"product_cat":[329],"product_tag":[160,159,147,85],"class_list":{"0":"post-1964","1":"product","2":"type-product","3":"status-publish","4":"has-post-thumbnail","6":"product_cat-jacken","7":"product_tag-fleece-jacke","8":"product_tag-jacke","9":"product_tag-propper","10":"product_tag-us-army","12":"first","13":"instock","14":"taxable","15":"shipping-taxable","16":"purchasable","17":"product-type-variable","18":"has-default-attributes"},"bundled_by":[],"bundle_stock_status":"instock","bundle_stock_quantity":null,"bundle_virtual":false,"bundle_layout":"","bundle_add_to_cart_form_location":"","bundle_editable_in_cart":false,"bundle_sold_individually_context":"","bundle_item_grouping":"","bundle_min_size":"","bundle_max_size":"","bundle_price":[],"bundled_items":[],"bundle_sell_ids":[],"jetpack_sharing_enabled":true,"_links":{"self":[{"href":"https:\/\/www.aps-eb.de\/cs\/wp-json\/wp\/v2\/product\/1964","targetHints":{"allow":["GET"]}}],"collection":[{"href":"https:\/\/www.aps-eb.de\/cs\/wp-json\/wp\/v2\/product"}],"about":[{"href":"https:\/\/www.aps-eb.de\/cs\/wp-json\/wp\/v2\/types\/product"}],"replies":[{"embeddable":true,"href":"https:\/\/www.aps-eb.de\/cs\/wp-json\/wp\/v2\/comments?post=1964"}],"wp:featuredmedia":[{"embeddable":true,"href":"https:\/\/www.aps-eb.de\/cs\/wp-json\/wp\/v2\/media\/1987"}],"wp:attachment":[{"href":"https:\/\/www.aps-eb.de\/cs\/wp-json\/wp\/v2\/media?parent=1964"}],"wp:term":[{"taxonomy":"product_brand","embeddable":true,"href":"https:\/\/www.aps-eb.de\/cs\/wp-json\/wp\/v2\/product_brand?post=1964"},{"taxonomy":"product_cat","embeddable":true,"href":"https:\/\/www.aps-eb.de\/cs\/wp-json\/wp\/v2\/product_cat?post=1964"},{"taxonomy":"product_tag","embeddable":true,"href":"https:\/\/www.aps-eb.de\/cs\/wp-json\/wp\/v2\/product_tag?post=1964"}],"curies":[{"name":"wp","href":"https:\/\/api.w.org\/{rel}","templated":true}]}}