{"id":2027,"date":"2025-02-12T08:58:12","date_gmt":"2025-02-12T08:58:12","guid":{"rendered":"https:\/\/aps-eb.de\/?post_type=product&#038;p=2027"},"modified":"2025-11-17T11:22:14","modified_gmt":"2025-11-17T11:22:14","slug":"m65-field-coat-m65-feldjacke","status":"publish","type":"product","link":"https:\/\/www.aps-eb.de\/cs\/categorie\/m65-field-coat-m65-feldjacke\/","title":{"rendered":"Poln\u00ed kab\u00e1t M65 - Poln\u00ed bunda M65"},"content":{"rendered":"<h4>Poln\u00ed kab\u00e1t M65 - Poln\u00ed bunda M65<\/h4>\n<ul>\n<li>8,5 oz 50 % Nylon \/ 50 % Bavln\u011bn\u00fd sat\u00e9n<\/li>\n<li>Vyrobeno podle vojensk\u00fdch specifikac\u00ed<\/li>\n<li>Odoln\u00e1 \u00faprava odpuzuj\u00edc\u00ed vodu (DWR) odol\u00e1v\u00e1 ne\u010distot\u00e1m a vlhkosti<\/li>\n<li>Pln\u011b lemovan\u00e1 vn\u011bj\u0161\u00ed vrstva s odn\u00edmatelnou pro\u0161\u00edvanou pod\u0161\u00edvkou s knofl\u00edkovou li\u0161tou<\/li>\n<li>Odn\u00edmateln\u00e1 kapuce v l\u00edmci<\/li>\n<li>4-kapesn\u00ed design s lisovac\u00edmi \u010depy<\/li>\n<li>Bou\u0159kov\u00e1 klapka se zipem Vislon\u00ae<\/li>\n<li>Nastaviteln\u00e1 stahovac\u00ed \u0161\u0148\u016frka v pase a lemu<\/li>\n<li>Dvoud\u00edln\u00e1 ramenn\u00ed \u010d\u00e1st pro v\u011bt\u0161\u00ed rozsah pohybuii<\/li>\n<li>Nastaviteln\u00e9 man\u017eety se zap\u00edn\u00e1n\u00edm na such\u00fd zip<\/li>\n<li>Dovoz z USA<\/li>\n<\/ul>\n<p>Jakmile se Propper\u00ae M65 Field Jacket stane prvot\u0159\u00eddn\u00edm od\u011bvem pro vojensk\u00e9 svrchn\u00ed od\u011bvy, stane se ikonou a obl\u00edben\u00fdm z\u00e1kazn\u00edkem! Klasick\u00e9 prvky, jako jsou epaulety, pra\u0161n\u00e1 kapuce, bou\u0159kov\u00e1 klapka a \u010dty\u0159i kapsy s lisovac\u00edmi knofl\u00edky, podtrhuj\u00ed funk\u010dn\u00ed a praktick\u00fd styl. Sm\u011bs 50\/50 z nylonu a bavln\u011bn\u00e9ho sat\u00e9nu a odn\u00edmateln\u00e1 pro\u0161\u00edvan\u00e1 pod\u0161\u00edvka poskytuj\u00ed extra vrstvu tepla p\u0159i n\u00edzk\u00fdch teplot\u00e1ch, zat\u00edmco odoln\u00fd vodoodpudiv\u00fd (DWR) povlak v\u00e1s udr\u017e\u00ed v suchu a vypad\u00e1 skv\u011ble. Perfektn\u00ed jako poln\u00ed bunda ve v\u011btru a po\u010das\u00ed nebo jako le\u017e\u00e9rn\u00ed vrstva ve m\u011bst\u011b.<\/p>","protected":false},"excerpt":{"rendered":"<h4>Poln\u00ed kab\u00e1t M65 - Poln\u00ed bunda M65<\/h4>","protected":false},"featured_media":2125,"comment_status":"open","ping_status":"closed","template":"","meta":{"_rtcl_gb_attr":"","ngg_post_thumbnail":0},"product_brand":[],"product_cat":[329],"product_tag":[168,167,166,163,161,147,85,162],"class_list":{"0":"post-2027","1":"product","2":"type-product","3":"status-publish","4":"has-post-thumbnail","6":"product_cat-jacken","7":"product_tag-armeejacke","8":"product_tag-feldjacke","9":"product_tag-m65","10":"product_tag-multicam","11":"product_tag-parka","12":"product_tag-propper","13":"product_tag-us-army","14":"product_tag-wasserdicht","15":"pa_farbe-black","16":"pa_farbe-lapd-navy","17":"pa_farbe-olive","18":"pa_farbe-woodland","20":"first","21":"instock","22":"taxable","23":"shipping-taxable","24":"purchasable","25":"product-type-variable","26":"has-default-attributes"},"bundled_by":[],"bundle_stock_status":"instock","bundle_stock_quantity":10,"bundle_virtual":false,"bundle_layout":"","bundle_add_to_cart_form_location":"","bundle_editable_in_cart":false,"bundle_sold_individually_context":"","bundle_item_grouping":"","bundle_min_size":"","bundle_max_size":"","bundle_price":[],"bundled_items":[],"bundle_sell_ids":[],"jetpack_sharing_enabled":true,"_links":{"self":[{"href":"https:\/\/www.aps-eb.de\/cs\/wp-json\/wp\/v2\/product\/2027","targetHints":{"allow":["GET"]}}],"collection":[{"href":"https:\/\/www.aps-eb.de\/cs\/wp-json\/wp\/v2\/product"}],"about":[{"href":"https:\/\/www.aps-eb.de\/cs\/wp-json\/wp\/v2\/types\/product"}],"replies":[{"embeddable":true,"href":"https:\/\/www.aps-eb.de\/cs\/wp-json\/wp\/v2\/comments?post=2027"}],"wp:featuredmedia":[{"embeddable":true,"href":"https:\/\/www.aps-eb.de\/cs\/wp-json\/wp\/v2\/media\/2125"}],"wp:attachment":[{"href":"https:\/\/www.aps-eb.de\/cs\/wp-json\/wp\/v2\/media?parent=2027"}],"wp:term":[{"taxonomy":"product_brand","embeddable":true,"href":"https:\/\/www.aps-eb.de\/cs\/wp-json\/wp\/v2\/product_brand?post=2027"},{"taxonomy":"product_cat","embeddable":true,"href":"https:\/\/www.aps-eb.de\/cs\/wp-json\/wp\/v2\/product_cat?post=2027"},{"taxonomy":"product_tag","embeddable":true,"href":"https:\/\/www.aps-eb.de\/cs\/wp-json\/wp\/v2\/product_tag?post=2027"}],"curies":[{"name":"wp","href":"https:\/\/api.w.org\/{rel}","templated":true}]}}