{"id":2150,"date":"2025-02-14T10:02:35","date_gmt":"2025-02-14T10:02:35","guid":{"rendered":"https:\/\/aps-eb.de\/?post_type=product&#038;p=2150"},"modified":"2026-04-07T10:51:26","modified_gmt":"2026-04-07T10:51:26","slug":"aeroshell-oil-w100-plus","status":"publish","type":"product","link":"https:\/\/www.aps-eb.de\/cs\/categorie\/aeroshell-oil-w100-plus\/","title":{"rendered":"Olej AeroShell W100 PLUS"},"content":{"rendered":"<h1 class=\"product-detail-name\">Olej AeroShell W100 PLUS<\/h1>\n<p>AeroShell Oil W100 Plus je prvot\u0159\u00eddn\u00ed bezpopelov\u00fd jednostup\u0148ov\u00fd olej pro leteck\u00e9 motory s nekovov\u00fdm disperg\u00e1torem a p\u0159\u00edsadami proti p\u011bn\u011bn\u00ed.<\/p>\n<p>US \u010dtvrtlet\u00ed, 0,95 litru<\/p>","protected":false},"excerpt":{"rendered":"<h1 class=\"product--title\">Olej AeroShell W100 PLUS<\/h1>","protected":false},"featured_media":2153,"comment_status":"open","ping_status":"closed","template":"","meta":{"_rtcl_gb_attr":"","ngg_post_thumbnail":0},"product_brand":[],"product_cat":[169],"product_tag":[170,183,70,182,69,28,111],"class_list":{"0":"post-2150","1":"product","2":"type-product","3":"status-publish","4":"has-post-thumbnail","6":"product_cat-oele","7":"product_tag-continental","8":"product_tag-flugzeugmotorenoel","9":"product_tag-lycomming","10":"product_tag-motoroel","11":"product_tag-oelfilter","12":"product_tag-rotax","13":"product_tag-rotax-zuendkerze","15":"first","16":"instock","17":"taxable","18":"shipping-taxable","19":"purchasable","20":"product-type-variable","21":"has-default-attributes"},"bundled_by":[],"bundle_stock_status":"instock","bundle_stock_quantity":20,"bundle_virtual":false,"bundle_layout":"","bundle_add_to_cart_form_location":"","bundle_editable_in_cart":false,"bundle_sold_individually_context":"","bundle_item_grouping":"","bundle_min_size":"","bundle_max_size":"","bundle_price":[],"bundled_items":[],"bundle_sell_ids":[],"jetpack_sharing_enabled":true,"_links":{"self":[{"href":"https:\/\/www.aps-eb.de\/cs\/wp-json\/wp\/v2\/product\/2150","targetHints":{"allow":["GET"]}}],"collection":[{"href":"https:\/\/www.aps-eb.de\/cs\/wp-json\/wp\/v2\/product"}],"about":[{"href":"https:\/\/www.aps-eb.de\/cs\/wp-json\/wp\/v2\/types\/product"}],"replies":[{"embeddable":true,"href":"https:\/\/www.aps-eb.de\/cs\/wp-json\/wp\/v2\/comments?post=2150"}],"wp:featuredmedia":[{"embeddable":true,"href":"https:\/\/www.aps-eb.de\/cs\/wp-json\/wp\/v2\/media\/2153"}],"wp:attachment":[{"href":"https:\/\/www.aps-eb.de\/cs\/wp-json\/wp\/v2\/media?parent=2150"}],"wp:term":[{"taxonomy":"product_brand","embeddable":true,"href":"https:\/\/www.aps-eb.de\/cs\/wp-json\/wp\/v2\/product_brand?post=2150"},{"taxonomy":"product_cat","embeddable":true,"href":"https:\/\/www.aps-eb.de\/cs\/wp-json\/wp\/v2\/product_cat?post=2150"},{"taxonomy":"product_tag","embeddable":true,"href":"https:\/\/www.aps-eb.de\/cs\/wp-json\/wp\/v2\/product_tag?post=2150"}],"curies":[{"name":"wp","href":"https:\/\/api.w.org\/{rel}","templated":true}]}}