{"id":2154,"date":"2025-02-14T13:17:01","date_gmt":"2025-02-14T13:17:01","guid":{"rendered":"https:\/\/aps-eb.de\/?post_type=product&#038;p=2154"},"modified":"2026-04-15T05:47:44","modified_gmt":"2026-04-15T05:47:44","slug":"shell-aeroshell-sport-plus-4","status":"publish","type":"product","link":"https:\/\/www.aps-eb.de\/cs\/categorie\/shell-aeroshell-sport-plus-4\/","title":{"rendered":"Shell Aeroshell Sport Plus 4"},"content":{"rendered":"<h1 id=\"title\" class=\"a-size-large a-spacing-none\"><span id=\"productTitle\" class=\"a-size-large product-title-word-break\">Shell Aeroshell Sport Plus 4<\/span><\/h1>\n<p>AeroShell Oil Sport Plus 4 v kostce:<\/p>\n<ul>\n<li>V\u00edcestup\u0148ov\u00fd olej pro celosv\u011btov\u00e9 pou\u017eit\u00ed ve v\u0161ech klimatick\u00fdch podm\u00ednk\u00e1ch.<\/li>\n<li>&nbsp; &nbsp;Aditivn\u00ed technologie \u2013 dokonale spl\u0148uje po\u017eadavky integrovan\u00fdch p\u0159evodovek a spojek p\u0159et\u00ed\u017een\u00ed (\u0159ady ROTAX 912 a 914).<\/li>\n<li>Vysok\u00e1 tepeln\u00e1 stabilita pro del\u0161\u00ed a bezpe\u010dn\u00e9 maz\u00e1n\u00ed.<\/li>\n<li>Vysok\u00e1 stabilita odpa\u0159ov\u00e1n\u00ed pro ni\u017e\u0161\u00ed spot\u0159ebu oleje.<\/li>\n<li>Lep\u0161\u00ed vlastnosti proud\u011bn\u00ed chladu pro snadn\u011bj\u0161\u00ed studen\u00fd start a lep\u0161\u00ed ochranu motoru.<\/li>\n<li>Siln\u00fd antioxidant chr\u00e1n\u00ed slo\u017eky a udr\u017euje je \u010dist\u00e9 po del\u0161\u00ed dobu.<\/li>\n<li>Vybran\u00e9 disperga\u010dn\u00ed p\u0159\u00edsady zabra\u0148uj\u00ed tvorb\u011b ropn\u00fdch kal\u016f a usazenin.<\/li>\n<li>Speci\u00e1ln\u00ed vysoce kvalitn\u00ed z\u00e1kladov\u00e9 oleje zabra\u0148uj\u00ed tvorb\u011b ropn\u00fdch kal\u016f p\u0159i provozu s olovnat\u00fdmi palivy.<\/li>\n<li>P\u0159\u00edsady proti p\u011bn\u011b maximalizuj\u00ed maz\u00e1n\u00ed.<\/li>\n<li>Vynikaj\u00edc\u00ed elastomerov\u00e1 kompatibilita pro ochranu hadic a t\u011bsn\u011bn\u00ed.<\/li>\n<li>Speci\u00e1ln\u00ed p\u0159\u00edsady p\u016fsob\u00ed jako regul\u00e1tory kyselosti.<\/li>\n<li>Lze pou\u017e\u00edt s bezolovnat\u00fdm palivem a Avgas 100LL.<\/li>\n<\/ul>\n<p>Pozn\u00e1mka:\u00a0Nepou\u017e\u00edvejte AeroShell Oil Sport Plus 4 pro motory ur\u010den\u00e9 pro pou\u017eit\u00ed s disperga\u010dn\u00edmi p\u00edstov\u00fdmi motorov\u00fdmi oleji bez obsahu popela, jako jsou oleje AeroShell W. To plat\u00ed jak pro vzduchem chlazen\u00e9 motory Teledyne Continental, tak pro motory Textron Lycoming a Jabiru.<\/p>","protected":false},"excerpt":{"rendered":"<h1 id=\"title\" class=\"a-size-large a-spacing-none\"><span id=\"productTitle\" class=\"a-size-large product-title-word-break\">Shell Aeroshell Sport Plus 4<\/span><\/h1>","protected":false},"featured_media":2162,"comment_status":"open","ping_status":"closed","template":"","meta":{"_rtcl_gb_attr":"","ngg_post_thumbnail":0},"product_brand":[],"product_cat":[169],"product_tag":[184,183,182,69,28,185,186,111],"class_list":{"0":"post-2154","1":"product","2":"type-product","3":"status-publish","4":"has-post-thumbnail","6":"product_cat-oele","7":"product_tag-184","8":"product_tag-flugzeugmotorenoel","9":"product_tag-motoroel","10":"product_tag-oelfilter","11":"product_tag-rotax","12":"product_tag-rotax-912","13":"product_tag-rotax-914","14":"product_tag-rotax-zuendkerze","16":"first","17":"instock","18":"taxable","19":"shipping-taxable","20":"purchasable","21":"product-type-simple"},"bundled_by":[],"bundle_stock_status":"instock","bundle_stock_quantity":4,"bundle_virtual":false,"bundle_layout":"","bundle_add_to_cart_form_location":"","bundle_editable_in_cart":false,"bundle_sold_individually_context":"","bundle_item_grouping":"","bundle_min_size":"","bundle_max_size":"","bundle_price":[],"bundled_items":[],"bundle_sell_ids":[],"jetpack_sharing_enabled":true,"_links":{"self":[{"href":"https:\/\/www.aps-eb.de\/cs\/wp-json\/wp\/v2\/product\/2154","targetHints":{"allow":["GET"]}}],"collection":[{"href":"https:\/\/www.aps-eb.de\/cs\/wp-json\/wp\/v2\/product"}],"about":[{"href":"https:\/\/www.aps-eb.de\/cs\/wp-json\/wp\/v2\/types\/product"}],"replies":[{"embeddable":true,"href":"https:\/\/www.aps-eb.de\/cs\/wp-json\/wp\/v2\/comments?post=2154"}],"wp:featuredmedia":[{"embeddable":true,"href":"https:\/\/www.aps-eb.de\/cs\/wp-json\/wp\/v2\/media\/2162"}],"wp:attachment":[{"href":"https:\/\/www.aps-eb.de\/cs\/wp-json\/wp\/v2\/media?parent=2154"}],"wp:term":[{"taxonomy":"product_brand","embeddable":true,"href":"https:\/\/www.aps-eb.de\/cs\/wp-json\/wp\/v2\/product_brand?post=2154"},{"taxonomy":"product_cat","embeddable":true,"href":"https:\/\/www.aps-eb.de\/cs\/wp-json\/wp\/v2\/product_cat?post=2154"},{"taxonomy":"product_tag","embeddable":true,"href":"https:\/\/www.aps-eb.de\/cs\/wp-json\/wp\/v2\/product_tag?post=2154"}],"curies":[{"name":"wp","href":"https:\/\/api.w.org\/{rel}","templated":true}]}}