{"id":2174,"date":"2025-02-14T14:26:04","date_gmt":"2025-02-14T14:26:04","guid":{"rendered":"https:\/\/aps-eb.de\/?post_type=product&#038;p=2174"},"modified":"2026-04-07T10:54:42","modified_gmt":"2026-04-07T10:54:42","slug":"total-oil-aero-xpd-80","status":"publish","type":"product","link":"https:\/\/www.aps-eb.de\/cs\/categorie\/total-oil-aero-xpd-80\/","title":{"rendered":"Celkov\u00fd olej AERO XPD 80"},"content":{"rendered":"<h1 class=\"product-detail-name\">Celkov\u00fd olej AERO XPD 80<\/h1>\n<p>Bezpopelov\u00fd olej pro maz\u00e1n\u00ed p\u00edstov\u00fdch motor\u016f v n\u00e1ro\u010dn\u00fdch podm\u00ednk\u00e1ch s p\u0159\u00edsadou ochrany proti opot\u0159eben\u00ed LW 16703.<br \/>\nAERO XPD se pou\u017e\u00edv\u00e1 pro maz\u00e1n\u00ed leteck\u00fdch p\u00edstov\u00fdch motor\u016f, kter\u00e9 jsou provozov\u00e1ny za t\u011b\u017ek\u00fdch a velmi t\u011b\u017ek\u00fdch podm\u00ednek a pro kter\u00e9 je p\u0159edeps\u00e1n disperzn\u00ed olej.<\/p>\n<p>US \u010dtvrtlet\u00ed, 0,95 litru<\/p>","protected":false},"excerpt":{"rendered":"<h1 class=\"product-detail-name\">Celkov\u00fd olej AERO XPD 80<\/h1>","protected":false},"featured_media":2172,"comment_status":"open","ping_status":"closed","template":"","meta":{"_rtcl_gb_attr":"","ngg_post_thumbnail":0},"product_brand":[],"product_cat":[169],"product_tag":[170,183,70,182,69,28,111],"class_list":{"0":"post-2174","1":"product","2":"type-product","3":"status-publish","4":"has-post-thumbnail","6":"product_cat-oele","7":"product_tag-continental","8":"product_tag-flugzeugmotorenoel","9":"product_tag-lycomming","10":"product_tag-motoroel","11":"product_tag-oelfilter","12":"product_tag-rotax","13":"product_tag-rotax-zuendkerze","15":"first","16":"instock","17":"taxable","18":"shipping-taxable","19":"purchasable","20":"product-type-variable","21":"has-default-attributes"},"bundled_by":[],"bundle_stock_status":"instock","bundle_stock_quantity":20,"bundle_virtual":false,"bundle_layout":"","bundle_add_to_cart_form_location":"","bundle_editable_in_cart":false,"bundle_sold_individually_context":"","bundle_item_grouping":"","bundle_min_size":"","bundle_max_size":"","bundle_price":[],"bundled_items":[],"bundle_sell_ids":[],"jetpack_sharing_enabled":true,"_links":{"self":[{"href":"https:\/\/www.aps-eb.de\/cs\/wp-json\/wp\/v2\/product\/2174","targetHints":{"allow":["GET"]}}],"collection":[{"href":"https:\/\/www.aps-eb.de\/cs\/wp-json\/wp\/v2\/product"}],"about":[{"href":"https:\/\/www.aps-eb.de\/cs\/wp-json\/wp\/v2\/types\/product"}],"replies":[{"embeddable":true,"href":"https:\/\/www.aps-eb.de\/cs\/wp-json\/wp\/v2\/comments?post=2174"}],"wp:featuredmedia":[{"embeddable":true,"href":"https:\/\/www.aps-eb.de\/cs\/wp-json\/wp\/v2\/media\/2172"}],"wp:attachment":[{"href":"https:\/\/www.aps-eb.de\/cs\/wp-json\/wp\/v2\/media?parent=2174"}],"wp:term":[{"taxonomy":"product_brand","embeddable":true,"href":"https:\/\/www.aps-eb.de\/cs\/wp-json\/wp\/v2\/product_brand?post=2174"},{"taxonomy":"product_cat","embeddable":true,"href":"https:\/\/www.aps-eb.de\/cs\/wp-json\/wp\/v2\/product_cat?post=2174"},{"taxonomy":"product_tag","embeddable":true,"href":"https:\/\/www.aps-eb.de\/cs\/wp-json\/wp\/v2\/product_tag?post=2174"}],"curies":[{"name":"wp","href":"https:\/\/api.w.org\/{rel}","templated":true}]}}