{"id":2208,"date":"2025-03-06T09:33:22","date_gmt":"2025-03-06T09:33:22","guid":{"rendered":"https:\/\/aps-eb.de\/?post_type=product&#038;p=2208"},"modified":"2025-10-05T08:58:04","modified_gmt":"2025-10-05T08:58:04","slug":"tactical-vest-taktische-weste","status":"publish","type":"product","link":"https:\/\/www.aps-eb.de\/cs\/categorie\/tactical-vest-taktische-weste\/","title":{"rendered":"Taktick\u00e1 vesta"},"content":{"rendered":"<h1 class=\"text-lg mt-4 mb-3 md:text-28 font-bold text-bluepropper font-Opensans\">Taktick\u00e1 vesta<\/h1>\n<p>Udr\u017eujte v\u0161e d\u016fle\u017eit\u00e9 na dosah \u2013 ani\u017e byste si st\u011b\u017eovali. A\u0165 u\u017e sout\u011b\u017e\u00edte v z\u00e1pase IDPA nebo si jen u\u017e\u00edv\u00e1te p\u0159\u00edrodu, tato vesta je vyztu\u017eena pro v\u011bt\u0161\u00ed trvanlivost a v\u0161estrannost. Taktick\u00e1 vesta Propper\u00ae v\u00e1s udr\u017e\u00ed v pohybu.<\/p>\n<ul>\n<li>6,4 oz 65 % Polyesterov\u00e1 \/ 35 % Bavlna, lehk\u00fd ripstop<\/li>\n<li>16 kapesn\u00ed design<\/li>\n<li>Vnit\u0159n\u00ed kapsy s pod\u0161\u00edvkou<\/li>\n<li>Kompatibiln\u00ed s MOLLE<\/li>\n<li>V\u011btran\u00fd zadn\u00ed panel<\/li>\n<li>Pole na such\u00fd zip pro identifikaci nebo mor\u00e1lku n\u00e1plast\u00ed<\/li>\n<li>Lev\u00e1 p\u0159edn\u00ed kapsa m\u00e1 p\u0159ep\u00e1\u017eky pro bezpe\u010dn\u00e9 ulo\u017een\u00ed pistolov\u00fdch z\u00e1sobn\u00edk\u016f<\/li>\n<li>Velk\u00e9 s\u00ed\u0165ovan\u00e9 kapsy za ka\u017edou vnit\u0159n\u00ed kapsou<\/li>\n<li>Popruhy pro nastaven\u00ed bok\u016f se such\u00fdm zipem<\/li>\n<li>Kapsa na pero na hrudi<\/li>\n<li>Testov\u00e1no a schv\u00e1leno \u010dleny NTOA<\/li>\n<li>V souladu s IDPA pro kryty za\u0159\u00edzen\u00ed<\/li>\n<li>Dovoz z USA<\/li>\n<\/ul>","protected":false},"excerpt":{"rendered":"<h4>Taktick\u00e1 vesta<\/h4>","protected":false},"featured_media":2256,"comment_status":"open","ping_status":"closed","template":"","meta":{"_rtcl_gb_attr":"","ngg_post_thumbnail":0},"product_brand":[],"product_cat":[329],"product_tag":[163,161,147,180,85,162,179],"class_list":{"0":"post-2208","1":"product","2":"type-product","3":"status-publish","4":"has-post-thumbnail","6":"product_cat-jacken","7":"product_tag-multicam","8":"product_tag-parka","9":"product_tag-propper","10":"product_tag-taktische-weste","11":"product_tag-us-army","12":"product_tag-wasserdicht","13":"product_tag-weste","14":"pa_farbe-black","15":"pa_farbe-khaki","17":"first","18":"instock","19":"taxable","20":"shipping-taxable","21":"purchasable","22":"product-type-variable","23":"has-default-attributes"},"bundled_by":[],"bundle_stock_status":"instock","bundle_stock_quantity":2,"bundle_virtual":false,"bundle_layout":"","bundle_add_to_cart_form_location":"","bundle_editable_in_cart":false,"bundle_sold_individually_context":"","bundle_item_grouping":"","bundle_min_size":"","bundle_max_size":"","bundle_price":[],"bundled_items":[],"bundle_sell_ids":[],"jetpack_sharing_enabled":true,"_links":{"self":[{"href":"https:\/\/www.aps-eb.de\/cs\/wp-json\/wp\/v2\/product\/2208","targetHints":{"allow":["GET"]}}],"collection":[{"href":"https:\/\/www.aps-eb.de\/cs\/wp-json\/wp\/v2\/product"}],"about":[{"href":"https:\/\/www.aps-eb.de\/cs\/wp-json\/wp\/v2\/types\/product"}],"replies":[{"embeddable":true,"href":"https:\/\/www.aps-eb.de\/cs\/wp-json\/wp\/v2\/comments?post=2208"}],"wp:featuredmedia":[{"embeddable":true,"href":"https:\/\/www.aps-eb.de\/cs\/wp-json\/wp\/v2\/media\/2256"}],"wp:attachment":[{"href":"https:\/\/www.aps-eb.de\/cs\/wp-json\/wp\/v2\/media?parent=2208"}],"wp:term":[{"taxonomy":"product_brand","embeddable":true,"href":"https:\/\/www.aps-eb.de\/cs\/wp-json\/wp\/v2\/product_brand?post=2208"},{"taxonomy":"product_cat","embeddable":true,"href":"https:\/\/www.aps-eb.de\/cs\/wp-json\/wp\/v2\/product_cat?post=2208"},{"taxonomy":"product_tag","embeddable":true,"href":"https:\/\/www.aps-eb.de\/cs\/wp-json\/wp\/v2\/product_tag?post=2208"}],"curies":[{"name":"wp","href":"https:\/\/api.w.org\/{rel}","templated":true}]}}