{"id":224,"date":"2023-04-24T12:47:52","date_gmt":"2023-04-24T12:47:52","guid":{"rendered":"https:\/\/aps-eb.de\/?post_type=product&#038;p=224"},"modified":"2024-05-16T08:23:45","modified_gmt":"2024-05-16T08:23:45","slug":"insight-g3-graphic-engine-monitor","status":"publish","type":"product","link":"https:\/\/www.aps-eb.de\/cs\/categorie\/insight-g3-graphic-engine-monitor\/","title":{"rendered":"INSIGHT G3 GRAPHIC ENGINE MONITOR (kompletn\u00ed sada)"},"content":{"rendered":"<p><strong>Grafick\u00fd monitor Insight G3<\/strong><\/p>\n<p>Po\u017eadovan\u00fd objedn\u00e1vkov\u00fd formul\u00e1\u0159 mus\u00ed b\u00fdt vypln\u011bn p\u0159ed objedn\u00e1vkou.<\/p>\n<p>P\u016fvodn\u00ed GEM byl osam\u011bl\u00fd hr\u00e1\u010d. P\u0159\u00edstroj G3 m\u00e1 dva ovl\u00e1dac\u00ed knofl\u00edky, kter\u00e9 ovl\u00e1daj\u00ed kombinaci oto\u010dn\u00fdch a tla\u010d\u00edtkov\u00fdch sp\u00edna\u010d\u016f. Horn\u00ed knofl\u00edk ve v\u00fdb\u011bru obrazovky obecn\u00fdch ovl\u00e1dac\u00edch prvk\u016f, zat\u00edmco spodn\u00ed knofl\u00edk ovl\u00e1d\u00e1 polo\u017eky v dan\u00e9 obrazovce. Ka\u017ed\u00e1 obrazovka p\u0159i\u0159azuje ovl\u00e1dac\u00edm prvk\u016fm sv\u00e9 vlastn\u00ed funk\u010dn\u00ed pot\u0159eby, kter\u00e9 se mohou m\u011bnit v z\u00e1vislosti na kontextu. Obrazovka m\u016f\u017ee tak\u00e9 ozna\u010dovat ovl\u00e1dac\u00ed prvky nav\u00e1d\u011bc\u00edmi informacemi, jako je \u201ePush to exit\u201c. G3 je navr\u017een tak, aby se roz\u0161i\u0159oval a rostl s dobou. V tuto chv\u00edli byla uvoln\u011bna m\u00e9n\u011b ne\u017e polovina jeho skute\u010dn\u00e9ho potenci\u00e1lu. P\u0159\u00edstroj lze aktualizovat tak, aby z\u00edskal nov\u00e9 funkce na\u010dten\u00edm karty SD p\u0159es internet.<\/p>\n<p>Dal\u0161\u00edm skv\u011bl\u00fdm rysem je, pro\u010d nemaj\u00ed n\u00e1stroj G3 diagnostikovat s\u00e1m? Pak nemus\u00edte rozeb\u00edrat letadlo ani se dot\u00fdkat kabel\u00e1\u017ee. Indikace na str\u00e1nce Diagnostika sondy jsou zelen\u00e9 pro norm\u00e1ln\u00ed hodnoty a \u010derven\u00e9 pro hodnoty, kter\u00e9 nespl\u0148uj\u00ed krit\u00e9ria stanoven\u00e1 v doln\u00ed \u010d\u00e1sti obrazovky.<\/p>\n<table class=\"auto-style1\" width=\"500\">\n<tbody>\n<tr>\n<td colspan=\"2\" valign=\"top\">\n<div align=\"center\"><u><strong>\u00davod do \u0159ady G3<\/strong><\/u><\/div>\n<\/td>\n<\/tr>\n<tr>\n<td valign=\"top\"><strong>Speci\u00e1ln\u00ed Lean of Peak Funk\u010dnost<\/strong><\/p>\n<p>Bezkonkuren\u010dn\u00ed snadn\u00e1 obsluha<br \/>\nAnal\u00fdza vyv\u00e1\u017een\u00ed trysek poka\u017ed\u00e9<\/td>\n<td><strong>Rozs\u00e1hl\u00e9 pokryt\u00ed m\u011b\u0159en\u00edm<\/strong><\/p>\n<p>Simult\u00e1nn\u00ed EGT, CHT, TIT<br \/>\nNap\u011bt\u00ed sb\u011brnice, p\u0159\u00edstrojov\u00e9 vakuum<br \/>\nPr\u016ftok paliva, pou\u017eit\u00e9 palivo, teplota altern\u00e1toru, OAT<br \/>\nTlak v potrub\u00ed, ot\u00e1\u010dky, teplota oleje, tlak oleje<\/td>\n<\/tr>\n<tr>\n<td valign=\"top\"><strong>Pr\u016fb\u011b\u017en\u00e1 diagnostika vzork\u016f<\/strong><\/p>\n<p>Potvrdit integritu syst\u00e9mu<br \/>\nU\u0161et\u0159ete \u010das p\u0159i probl\u00e9mech se st\u0159elbou<\/td>\n<td><strong>Sofistikovan\u00e9 protokolov\u00e1n\u00ed dat<\/strong><\/p>\n<p>Neomezen\u00e9 \u00falo\u017ei\u0161t\u011b na standardn\u00ed SD kart\u011b fotoapar\u00e1tu<br \/>\nIntegruje data z v\u00edce zdroj\u016f<br \/>\nPC kompatibiln\u00ed soubory a adres\u00e1\u0159e<\/td>\n<\/tr>\n<tr>\n<td><strong>Podrobn\u00e1 anal\u00fdza vibrac\u00ed<\/strong><\/p>\n<p>Bezpe\u010dn\u011b pracovat lean of peak<br \/>\nDetekce ran\u00fdch stadi\u00ed mechanick\u00fdch probl\u00e9m\u016f<br \/>\nZabr\u00e1nit katastrofick\u00fdm poruch\u00e1m motoru<\/td>\n<td><strong>Pln\u011b kompatibiln\u00ed upgrade<\/strong><\/p>\n<p>Plug &amp; hr\u00e1t se v\u0161emi n\u00e1stroji GEM<br \/>\nNov\u00e9 instalace nebo upgrady jsou rychl\u00e9 a snadn\u00e9<br \/>\nGEM trade-in nab\u00eddky k dispozici<\/td>\n<\/tr>\n<\/tbody>\n<\/table>\n<p>Barevn\u011b k\u00f3dovan\u00fd \u010d\u00e1rov\u00fd graf a digit\u00e1ln\u00ed hodnoty grafick\u00e9ho monitoru motoru (G3) spole\u010dnosti Insight mohou b\u00fdt prim\u00e1rn\u00ed pro CHT , EGT a TIT. V\u0161echny ostatn\u00ed \u00fadaje zobrazen\u00e9 v azurov\u00e9 barv\u011b v horn\u00ed \u010d\u00e1sti displeje mus\u00ed b\u00fdt dopl\u0148kov\u00e9. Soubory datov\u00fdch protokol\u016f ulo\u017een\u00e9 na SD kart\u011b mohou b\u00fdt snadno na\u010dteny pilotem, za letu nebo po letu, pro okam\u017eit\u00e9 prohl\u00ed\u017een\u00ed nebo trval\u00e9 veden\u00ed z\u00e1znam\u016f. G3 je sofistikovan\u00fd n\u00e1stroj pro \u0159\u00edzen\u00ed motoru. Jeho mikroprocesor prov\u00e1d\u00ed mnoho \u00fakol\u016f, kter\u00e9 byly d\u0159\u00edve \u0159e\u0161eny pilotem.<\/p>","protected":false},"excerpt":{"rendered":"<p><strong>Grafick\u00fd monitor Insight G3<\/strong><\/p>\n<p>Barevn\u011b k\u00f3dovan\u00fd \u010d\u00e1rov\u00fd graf a digit\u00e1ln\u00ed hodnoty grafick\u00e9ho monitoru motoru (G3) spole\u010dnosti Insight mohou b\u00fdt prim\u00e1rn\u00ed pro CHT , EGT a TIT. V\u0161echny ostatn\u00ed \u00fadaje zobrazen\u00e9 v azurov\u00e9 barv\u011b v horn\u00ed \u010d\u00e1sti displeje mus\u00ed b\u00fdt dopl\u0148kov\u00e9. Soubory datov\u00fdch protokol\u016f ulo\u017een\u00e9 na SD kart\u011b mohou b\u00fdt snadno na\u010dteny pilotem, za letu nebo po letu, pro okam\u017eit\u00e9 prohl\u00ed\u017een\u00ed nebo trval\u00e9 veden\u00ed z\u00e1znam\u016f. G3 je sofistikovan\u00fd n\u00e1stroj pro \u0159\u00edzen\u00ed motoru. Jeho mikroprocesor prov\u00e1d\u00ed mnoho \u00fakol\u016f, kter\u00e9 byly d\u0159\u00edve \u0159e\u0161eny pilotem.<\/p>","protected":false},"featured_media":234,"comment_status":"open","ping_status":"closed","template":"","meta":{"_rtcl_gb_attr":"","ngg_post_thumbnail":0},"product_brand":[],"product_cat":[53],"product_tag":[],"class_list":{"0":"post-224","1":"product","2":"type-product","3":"status-publish","4":"has-post-thumbnail","6":"product_cat-instrumente","8":"first","9":"instock","10":"taxable","11":"shipping-taxable","12":"purchasable","13":"product-type-variable","14":"has-default-attributes"},"bundled_by":[],"bundle_stock_status":"instock","bundle_stock_quantity":null,"bundle_virtual":false,"bundle_layout":"","bundle_add_to_cart_form_location":"","bundle_editable_in_cart":false,"bundle_sold_individually_context":"","bundle_item_grouping":"","bundle_min_size":"","bundle_max_size":"","bundle_price":[],"bundled_items":[],"bundle_sell_ids":[],"jetpack_sharing_enabled":true,"_links":{"self":[{"href":"https:\/\/www.aps-eb.de\/cs\/wp-json\/wp\/v2\/product\/224","targetHints":{"allow":["GET"]}}],"collection":[{"href":"https:\/\/www.aps-eb.de\/cs\/wp-json\/wp\/v2\/product"}],"about":[{"href":"https:\/\/www.aps-eb.de\/cs\/wp-json\/wp\/v2\/types\/product"}],"replies":[{"embeddable":true,"href":"https:\/\/www.aps-eb.de\/cs\/wp-json\/wp\/v2\/comments?post=224"}],"wp:featuredmedia":[{"embeddable":true,"href":"https:\/\/www.aps-eb.de\/cs\/wp-json\/wp\/v2\/media\/234"}],"wp:attachment":[{"href":"https:\/\/www.aps-eb.de\/cs\/wp-json\/wp\/v2\/media?parent=224"}],"wp:term":[{"taxonomy":"product_brand","embeddable":true,"href":"https:\/\/www.aps-eb.de\/cs\/wp-json\/wp\/v2\/product_brand?post=224"},{"taxonomy":"product_cat","embeddable":true,"href":"https:\/\/www.aps-eb.de\/cs\/wp-json\/wp\/v2\/product_cat?post=224"},{"taxonomy":"product_tag","embeddable":true,"href":"https:\/\/www.aps-eb.de\/cs\/wp-json\/wp\/v2\/product_tag?post=224"}],"curies":[{"name":"wp","href":"https:\/\/api.w.org\/{rel}","templated":true}]}}