{"id":2264,"date":"2025-03-09T13:15:32","date_gmt":"2025-03-09T13:15:32","guid":{"rendered":"https:\/\/aps-eb.de\/?post_type=product&#038;p=2264"},"modified":"2025-10-05T09:14:11","modified_gmt":"2025-10-05T09:14:11","slug":"us-marines-usmc-rucksack-assault-3-day-pack-army-coyote-brown","status":"publish","type":"product","link":"https:\/\/www.aps-eb.de\/cs\/categorie\/us-marines-usmc-rucksack-assault-3-day-pack-army-coyote-brown\/","title":{"rendered":"US Marines USMC Batoh Assault 3 Day Pack Arm\u00e1dn\u00ed kojot hn\u011bd\u00fd"},"content":{"rendered":"<h4 id=\"tw-target-text\" class=\"tw-data-text tw-text-large tw-ta\" dir=\"ltr\" data-placeholder=\"Translation\">US Marines USMC Batoh Assault 3 Day Pack Arm\u00e1dn\u00ed kojot hn\u011bd\u00fd<\/h4>\n<ul>\n<li>NSN: 8465-01-600-7830<\/li>\n<li>Kompatibiln\u00ed s USMC Pack System<\/li>\n<li>20 x 14 x 5 palcov\u00fd hlavn\u00ed prostor s kapsou ze s\u00ed\u0165oviny na zip, dv\u011b kapsy na poln\u00ed l\u00e1hev, velk\u00fd \u00falo\u017en\u00fd vak s kompresn\u00edm popruhem<\/li>\n<li>11 x 11 x 3 palcov\u00e1 bo\u010dn\u00ed p\u0159ihr\u00e1dka se s\u00ed\u0165ovanou kapsou na zip<\/li>\n<li>Odn\u00edmateln\u00e1 vlo\u017eka nosn\u00e9 desky (p\u0159\u00edstup p\u0159es hlavn\u00ed prostor)<\/li>\n<li>Panel na such\u00fd zip pro p\u0159ipevn\u011bn\u00ed identifika\u010dn\u00edch z\u00e1plat<\/li>\n<li>V\u0161it\u00e9 kompresn\u00ed popruhy \/ p\u0159ipev\u0148ovac\u00ed popruhy k batohu<\/li>\n<li>Post\u0159ikovateln\u00e9, nastaviteln\u00e9, polstrovan\u00e9 ramenn\u00ed popruhy s poutky na popruhy pro veden\u00ed vybaven\u00ed a rychloup\u00ednac\u00ed spojovac\u00ed prvky<\/li>\n<li>Nastaviteln\u00fd, rychleschnouc\u00ed hrudn\u00ed popruh<\/li>\n<li>Prody\u0161n\u00fd, nastaviteln\u00fd pasov\u00fd p\u00e1s<\/li>\n<li>Popruh PALS<\/li>\n<li>Horn\u00ed ta\u017en\u00e1 rukoje\u0165 se dv\u011bma bezpe\u010dn\u00fdmi otvory pro pit\u00ed na z\u00e1kladn\u011b<\/li>\n<li>Vypou\u0161t\u011bc\u00ed o\u010dka ve spodn\u00ed \u010d\u00e1sti v\u0161ech p\u0159ihr\u00e1dek<\/li>\n<li>Dovoz z USA<\/li>\n<\/ul>\n<p>Propper USMC Assault Pack je v\u0161estrann\u00fd a robustn\u00ed batoh, kter\u00fd se bez probl\u00e9m\u016f integruje do syst\u00e9mu USMC Pack. S n\u011bkolika p\u0159ihr\u00e1dkami, kompresn\u00edmi popruhy a skl\u00e1dac\u00edmi polstrovan\u00fdmi ramenn\u00edmi popruhy nab\u00edz\u00ed tento batoh dostatek \u00falo\u017en\u00e9ho prostoru a pohodl\u00ed pro ka\u017edou misi.<\/p>","protected":false},"excerpt":{"rendered":"<h4 id=\"tw-target-text\" class=\"tw-data-text tw-text-large tw-ta\" dir=\"ltr\" data-placeholder=\"Translation\">US Marines USMC Batoh Assault 3 Day Pack Arm\u00e1dn\u00ed kojot hn\u011bd\u00fd<\/h4>","protected":false},"featured_media":2270,"comment_status":"open","ping_status":"closed","template":"","meta":{"_rtcl_gb_attr":"","ngg_post_thumbnail":0},"product_brand":[],"product_cat":[330],"product_tag":[188,187,152,85,138],"class_list":{"0":"post-2264","1":"product","2":"type-product","3":"status-publish","4":"has-post-thumbnail","6":"product_cat-taschen-backpacks","7":"product_tag-assault","8":"product_tag-backpack","9":"product_tag-rucksack","10":"product_tag-us-army","11":"product_tag-usmc","13":"first","14":"instock","15":"taxable","16":"shipping-taxable","17":"purchasable","18":"product-type-simple"},"bundled_by":[],"bundle_stock_status":"instock","bundle_stock_quantity":10,"bundle_virtual":false,"bundle_layout":"","bundle_add_to_cart_form_location":"","bundle_editable_in_cart":false,"bundle_sold_individually_context":"","bundle_item_grouping":"","bundle_min_size":"","bundle_max_size":"","bundle_price":[],"bundled_items":[],"bundle_sell_ids":[],"jetpack_sharing_enabled":true,"_links":{"self":[{"href":"https:\/\/www.aps-eb.de\/cs\/wp-json\/wp\/v2\/product\/2264","targetHints":{"allow":["GET"]}}],"collection":[{"href":"https:\/\/www.aps-eb.de\/cs\/wp-json\/wp\/v2\/product"}],"about":[{"href":"https:\/\/www.aps-eb.de\/cs\/wp-json\/wp\/v2\/types\/product"}],"replies":[{"embeddable":true,"href":"https:\/\/www.aps-eb.de\/cs\/wp-json\/wp\/v2\/comments?post=2264"}],"wp:featuredmedia":[{"embeddable":true,"href":"https:\/\/www.aps-eb.de\/cs\/wp-json\/wp\/v2\/media\/2270"}],"wp:attachment":[{"href":"https:\/\/www.aps-eb.de\/cs\/wp-json\/wp\/v2\/media?parent=2264"}],"wp:term":[{"taxonomy":"product_brand","embeddable":true,"href":"https:\/\/www.aps-eb.de\/cs\/wp-json\/wp\/v2\/product_brand?post=2264"},{"taxonomy":"product_cat","embeddable":true,"href":"https:\/\/www.aps-eb.de\/cs\/wp-json\/wp\/v2\/product_cat?post=2264"},{"taxonomy":"product_tag","embeddable":true,"href":"https:\/\/www.aps-eb.de\/cs\/wp-json\/wp\/v2\/product_tag?post=2264"}],"curies":[{"name":"wp","href":"https:\/\/api.w.org\/{rel}","templated":true}]}}