{"id":2273,"date":"2025-03-10T09:38:02","date_gmt":"2025-03-10T09:38:02","guid":{"rendered":"https:\/\/aps-eb.de\/?post_type=product&#038;p=2273"},"modified":"2026-05-15T22:16:11","modified_gmt":"2026-05-15T22:16:11","slug":"goldfren-bremsbelag-900-dynamic-wt9-din-236-ii-eurostar-sportstar-harmony-lsa-2-stueck","status":"publish","type":"product","link":"https:\/\/www.aps-eb.de\/cs\/categorie\/goldfren-bremsbelag-900-dynamic-wt9-din-236-ii-eurostar-sportstar-harmony-lsa-2-stueck\/","title":{"rendered":"Brzdov\u00e1 desti\u010dka Goldfren\u00ae 900 DYNAMIC WT9, DIN 236-II, EUROSTAR, SPORTSTAR, HARMONY LSA (2 kusy)"},"content":{"rendered":"<h1>Brzdov\u00e1 desti\u010dka Goldfren\u00ae 900 (2 kusy)<\/h1>\n<p>\u0160pi\u010dkov\u00e1 brzdov\u00e1 desti\u010dka pro ultralehk\u00e1 letadla DYNAMIC WT9, DIN 236-II, EUROSTAR, SPORTSTAR, HARMONY LSA.<br \/>\nCena za p\u00e1r (2 kusy)<\/p>","protected":false},"excerpt":{"rendered":"<h1>Brzdov\u00e1 desti\u010dka Goldfren\u00ae 900 DYNAMIC WT9, DIN 236-II, EUROSTAR, SPORTSTAR, HARMONY LSA (2 kusy)<\/h1>","protected":false},"featured_media":2274,"comment_status":"open","ping_status":"closed","template":"","meta":{"_rtcl_gb_attr":"","ngg_post_thumbnail":0},"product_brand":[],"product_cat":[19],"product_tag":[121,117,123,122,118,120,178,191,177,193,192,119],"class_list":{"0":"post-2273","1":"product","2":"type-product","3":"status-publish","4":"has-post-thumbnail","6":"product_cat-bremskomponenten","7":"product_tag-aerospool","8":"product_tag-break-disc","9":"product_tag-break-pad","10":"product_tag-bremsbelag","11":"product_tag-bremsscheibe","12":"product_tag-dynamic","13":"product_tag-eurofox","14":"product_tag-eurostar","15":"product_tag-goldfren","16":"product_tag-harmony-lsa","17":"product_tag-sportstar","18":"product_tag-wt9","20":"first","21":"instock","22":"sale","23":"taxable","24":"shipping-taxable","25":"purchasable","26":"product-type-simple"},"bundled_by":[],"bundle_stock_status":"instock","bundle_stock_quantity":18,"bundle_virtual":false,"bundle_layout":"","bundle_add_to_cart_form_location":"","bundle_editable_in_cart":false,"bundle_sold_individually_context":"","bundle_item_grouping":"","bundle_min_size":"","bundle_max_size":"","bundle_price":[],"bundled_items":[],"bundle_sell_ids":[],"jetpack_sharing_enabled":true,"_links":{"self":[{"href":"https:\/\/www.aps-eb.de\/cs\/wp-json\/wp\/v2\/product\/2273","targetHints":{"allow":["GET"]}}],"collection":[{"href":"https:\/\/www.aps-eb.de\/cs\/wp-json\/wp\/v2\/product"}],"about":[{"href":"https:\/\/www.aps-eb.de\/cs\/wp-json\/wp\/v2\/types\/product"}],"replies":[{"embeddable":true,"href":"https:\/\/www.aps-eb.de\/cs\/wp-json\/wp\/v2\/comments?post=2273"}],"wp:featuredmedia":[{"embeddable":true,"href":"https:\/\/www.aps-eb.de\/cs\/wp-json\/wp\/v2\/media\/2274"}],"wp:attachment":[{"href":"https:\/\/www.aps-eb.de\/cs\/wp-json\/wp\/v2\/media?parent=2273"}],"wp:term":[{"taxonomy":"product_brand","embeddable":true,"href":"https:\/\/www.aps-eb.de\/cs\/wp-json\/wp\/v2\/product_brand?post=2273"},{"taxonomy":"product_cat","embeddable":true,"href":"https:\/\/www.aps-eb.de\/cs\/wp-json\/wp\/v2\/product_cat?post=2273"},{"taxonomy":"product_tag","embeddable":true,"href":"https:\/\/www.aps-eb.de\/cs\/wp-json\/wp\/v2\/product_tag?post=2273"}],"curies":[{"name":"wp","href":"https:\/\/api.w.org\/{rel}","templated":true}]}}