{"id":2329,"date":"2025-04-23T14:19:51","date_gmt":"2025-04-23T14:19:51","guid":{"rendered":"https:\/\/aps-eb.de\/?post_type=product&#038;p=2329"},"modified":"2026-01-11T20:24:42","modified_gmt":"2026-01-11T20:24:42","slug":"aeroshell-grease-22-400g-kartusche-kopie","status":"publish","type":"product","link":"https:\/\/www.aps-eb.de\/cs\/categorie\/aeroshell-grease-22-400g-kartusche-kopie\/","title":{"rendered":"AeroShell Grease 22 - 400g z\u00e1sobn\u00ed vlo\u017eka"},"content":{"rendered":"<h1 class=\"product-detail-name\">AeroShell Grease 22 - 400g z\u00e1sobn\u00ed vlo\u017eka<\/h1>\n<div id=\"headingdescription\" class=\"card-header\" role=\"tab\">\n<p class=\"h5\">Shell Aeroshell Grease 22 je univerz\u00e1ln\u00ed plastick\u00e9 mazivo pro letadla. Skl\u00e1d\u00e1 se z uhlovod\u00edkov\u00e9ho oleje, kter\u00fd byl zahu\u0161t\u011bn mikrogelem. V\u00fdrobek m\u00e1 v\u00fdjime\u010dn\u00fd EP v\u00fdkon, a je proto odoln\u00fd v\u016f\u010di oxidaci, korozi a opot\u0159eben\u00ed. Doporu\u010duje se pro pou\u017eit\u00ed v obt\u00ed\u017en\u00fdch podm\u00ednk\u00e1ch, p\u0159i vysok\u00e9m zat\u00ed\u017een\u00ed a vysok\u00fdch ot\u00e1\u010dk\u00e1ch, zejm\u00e9na pro maz\u00e1n\u00ed p\u0159\u00edslu\u0161enstv\u00ed motoru, lo\u017eisek kol letadel, pohon\u016f...<\/p>\n<p><span style=\"color: #323b45; font-family: Montserrat, Helvetica, Arial, Verdana, sans-serif; font-size: 16px;\">SPECIFIKACE:<br \/>\n<\/span>MIL-PRF-81322G, DOD-G-24508A, DEF STAN 91-52, COMAC QPL-CMS-OL-301, DCSEA 395\/A, ru\u0161tina: CIATIM 201\/203, VNII NP 207, ERA (VNII NP 286M), ST (NK-50), k\u00f3d NATO G-395, spole\u010dn\u00fd n\u00e1zev: XG-293<\/p>\n<\/div>","protected":false},"excerpt":{"rendered":"<h1 class=\"product--title\">AeroShell Grease 22 - 400g z\u00e1sobn\u00ed vlo\u017eka<\/h1>","protected":false},"featured_media":2334,"comment_status":"open","ping_status":"closed","template":"","meta":{"_rtcl_gb_attr":"","ngg_post_thumbnail":0},"product_brand":[],"product_cat":[169],"product_tag":[199,170,200,70,69,28,111],"class_list":{"0":"post-2329","1":"product","2":"type-product","3":"status-publish","4":"has-post-thumbnail","6":"product_cat-oele","7":"product_tag-aeroshell","8":"product_tag-continental","9":"product_tag-grease","10":"product_tag-lycomming","11":"product_tag-oelfilter","12":"product_tag-rotax","13":"product_tag-rotax-zuendkerze","15":"first","16":"instock","17":"taxable","18":"shipping-taxable","19":"purchasable","20":"product-type-simple"},"bundled_by":[],"bundle_stock_status":"instock","bundle_stock_quantity":19,"bundle_virtual":false,"bundle_layout":"","bundle_add_to_cart_form_location":"","bundle_editable_in_cart":false,"bundle_sold_individually_context":"","bundle_item_grouping":"","bundle_min_size":"","bundle_max_size":"","bundle_price":[],"bundled_items":[],"bundle_sell_ids":[],"jetpack_sharing_enabled":true,"_links":{"self":[{"href":"https:\/\/www.aps-eb.de\/cs\/wp-json\/wp\/v2\/product\/2329","targetHints":{"allow":["GET"]}}],"collection":[{"href":"https:\/\/www.aps-eb.de\/cs\/wp-json\/wp\/v2\/product"}],"about":[{"href":"https:\/\/www.aps-eb.de\/cs\/wp-json\/wp\/v2\/types\/product"}],"replies":[{"embeddable":true,"href":"https:\/\/www.aps-eb.de\/cs\/wp-json\/wp\/v2\/comments?post=2329"}],"wp:featuredmedia":[{"embeddable":true,"href":"https:\/\/www.aps-eb.de\/cs\/wp-json\/wp\/v2\/media\/2334"}],"wp:attachment":[{"href":"https:\/\/www.aps-eb.de\/cs\/wp-json\/wp\/v2\/media?parent=2329"}],"wp:term":[{"taxonomy":"product_brand","embeddable":true,"href":"https:\/\/www.aps-eb.de\/cs\/wp-json\/wp\/v2\/product_brand?post=2329"},{"taxonomy":"product_cat","embeddable":true,"href":"https:\/\/www.aps-eb.de\/cs\/wp-json\/wp\/v2\/product_cat?post=2329"},{"taxonomy":"product_tag","embeddable":true,"href":"https:\/\/www.aps-eb.de\/cs\/wp-json\/wp\/v2\/product_tag?post=2329"}],"curies":[{"name":"wp","href":"https:\/\/api.w.org\/{rel}","templated":true}]}}