{"id":2335,"date":"2025-04-23T14:29:46","date_gmt":"2025-04-23T14:29:46","guid":{"rendered":"https:\/\/aps-eb.de\/?post_type=product&#038;p=2335"},"modified":"2025-12-16T17:10:19","modified_gmt":"2025-12-16T17:10:19","slug":"aeroshell-grease-14-400g-kartusche","status":"publish","type":"product","link":"https:\/\/www.aps-eb.de\/cs\/categorie\/aeroshell-grease-14-400g-kartusche\/","title":{"rendered":"AeroShell Grease 14 - 400g z\u00e1sobn\u00ed vlo\u017eka"},"content":{"rendered":"<h1 class=\"product-detail-name\">AeroShell Grease 14 - 400g z\u00e1sobn\u00ed vlo\u017eka<\/h1>\n<div id=\"headingdescription\" class=\"card-header\" role=\"tab\">\n<p class=\"h5\">Shell Aeroshell Grease 14 je v\u00edce\u00fa\u010delov\u00e9 plastick\u00e9 mazivo pro vrtuln\u00edky. Doporu\u010duj\u00ed ho v\u0161ichni v\u00fdrobci vrtuln\u00edk\u016f kv\u016fli jeho kluzn\u00fdm vlastnostem a slo\u017een\u00ed miner\u00e1ln\u00edho oleje zahu\u0161t\u011bn\u00e9ho v\u00e1penat\u00fdm m\u00fddlem. V\u00fdrobek je vhodn\u00fd pro maz\u00e1n\u00ed lo\u017eisek hlavn\u00edho rotoru, ozuben\u00fdch kol nebo zadn\u00edch \u010d\u00e1st\u00ed vrtuln\u00edku.<\/p>\n<p><span style=\"color: #323b45; font-family: Montserrat, Helvetica, Arial, Verdana, sans-serif; font-size: 16px;\">SPECIFIKACE:<br \/>\n<\/span>USA: MIL-G-25537C, britsk\u00e1: Schv\u00e1leno DEF STAN 91-51, k\u00f3d NATO: G-366, Ozna\u010den\u00ed spole\u010dn\u00e9 slu\u017eby: XG-284<\/p>\n<\/div>","protected":false},"excerpt":{"rendered":"<h1 class=\"product--title\">AeroShell Grease 14 - 400g z\u00e1sobn\u00ed vlo\u017eka<\/h1>","protected":false},"featured_media":2332,"comment_status":"open","ping_status":"closed","template":"","meta":{"_rtcl_gb_attr":"","ngg_post_thumbnail":0},"product_brand":[],"product_cat":[169],"product_tag":[199,170,200,70,69,28,111],"class_list":{"0":"post-2335","1":"product","2":"type-product","3":"status-publish","4":"has-post-thumbnail","6":"product_cat-oele","7":"product_tag-aeroshell","8":"product_tag-continental","9":"product_tag-grease","10":"product_tag-lycomming","11":"product_tag-oelfilter","12":"product_tag-rotax","13":"product_tag-rotax-zuendkerze","15":"first","16":"instock","17":"taxable","18":"shipping-taxable","19":"purchasable","20":"product-type-simple"},"bundled_by":[],"bundle_stock_status":"instock","bundle_stock_quantity":19,"bundle_virtual":false,"bundle_layout":"","bundle_add_to_cart_form_location":"","bundle_editable_in_cart":false,"bundle_sold_individually_context":"","bundle_item_grouping":"","bundle_min_size":"","bundle_max_size":"","bundle_price":[],"bundled_items":[],"bundle_sell_ids":[],"jetpack_sharing_enabled":true,"_links":{"self":[{"href":"https:\/\/www.aps-eb.de\/cs\/wp-json\/wp\/v2\/product\/2335","targetHints":{"allow":["GET"]}}],"collection":[{"href":"https:\/\/www.aps-eb.de\/cs\/wp-json\/wp\/v2\/product"}],"about":[{"href":"https:\/\/www.aps-eb.de\/cs\/wp-json\/wp\/v2\/types\/product"}],"replies":[{"embeddable":true,"href":"https:\/\/www.aps-eb.de\/cs\/wp-json\/wp\/v2\/comments?post=2335"}],"wp:featuredmedia":[{"embeddable":true,"href":"https:\/\/www.aps-eb.de\/cs\/wp-json\/wp\/v2\/media\/2332"}],"wp:attachment":[{"href":"https:\/\/www.aps-eb.de\/cs\/wp-json\/wp\/v2\/media?parent=2335"}],"wp:term":[{"taxonomy":"product_brand","embeddable":true,"href":"https:\/\/www.aps-eb.de\/cs\/wp-json\/wp\/v2\/product_brand?post=2335"},{"taxonomy":"product_cat","embeddable":true,"href":"https:\/\/www.aps-eb.de\/cs\/wp-json\/wp\/v2\/product_cat?post=2335"},{"taxonomy":"product_tag","embeddable":true,"href":"https:\/\/www.aps-eb.de\/cs\/wp-json\/wp\/v2\/product_tag?post=2335"}],"curies":[{"name":"wp","href":"https:\/\/api.w.org\/{rel}","templated":true}]}}