{"id":2350,"date":"2025-04-25T10:02:12","date_gmt":"2025-04-25T10:02:12","guid":{"rendered":"https:\/\/aps-eb.de\/?post_type=product&#038;p=2350"},"modified":"2025-04-25T10:17:17","modified_gmt":"2025-04-25T10:17:17","slug":"cht-sensor-zuendkerzendichtung","status":"publish","type":"product","link":"https:\/\/www.aps-eb.de\/cs\/categorie\/cht-sensor-zuendkerzendichtung\/","title":{"rendered":"\u010cidlo CHT \u2013 t\u011bsn\u011bn\u00ed zapalovac\u00ed sv\u00ed\u010dky"},"content":{"rendered":"<h1 class=\"product-detail-name\">\u010cidlo CHT \u2013 t\u011bsn\u011bn\u00ed zapalovac\u00ed sv\u00ed\u010dky<\/h1>\n<div id=\"headingdescription\" class=\"card-header\" role=\"tab\">\n<p>T\u011bsn\u00edc\u00ed sonda pou\u017e\u00edv\u00e1 stejn\u00fd termo\u010dl\u00e1nek typu J jako pru\u017einov\u00e1 sonda. Tato sonda nahrazuje t\u011bsn\u011bn\u00ed zapalovac\u00edch sv\u00ed\u010dek 18 mm nebo 14 mm. Termo\u010dl\u00e1nek typu J m\u00e1 \u010dervenob\u00edl\u00e9 barevn\u011b odli\u0161en\u00e9 vodi\u010de. V\u0161imn\u011bte si, \u017ee zapalovac\u00ed sv\u00ed\u010dky n\u011bkter\u00fdch motor\u016f mohou b\u00fdt o 50 a\u017e 100 stup\u0148\u016f Fahrenheita teplej\u0161\u00ed ne\u017e tepeln\u00e1 obj\u00edmka. T\u011bsn\u00edc\u00ed sonda se doporu\u010duje v\u017edy, kdy\u017e nelze pou\u017e\u00edt pru\u017einovou sondu. Letadla s p\u0159edeh\u0159\u00edva\u010di TANIS s tepeln\u00fdmi n\u00e1vleky by m\u011bla pou\u017e\u00edvat t\u011bsnic\u00ed sondy CHT.<\/p>\n<p><span style=\"color: #323b45; font-family: Montserrat, Helvetica, Arial, Verdana, sans-serif; font-size: 16px;\">SPECIFIKACE:<br \/>\n<\/span><\/p>\n<\/div>\n<div role=\"tab\">\n<p>P\/N 2853<br \/>\nTermo\u010dl\u00e1nek typu J, \u010derveno-b\u00edl\u00fd v \u010dern\u00e9 barv\u011b<br \/>\n<strong>Rozm\u011bry: 18 mm<\/strong><br \/>\nVnit\u0159n\u00ed pr\u016fm\u011br: 18 mm<br \/>\nVn\u011bj\u0161\u00ed pr\u016fm\u011br: 24 mm<br \/>\nTlou\u0161\u0165ka: 3,1 mm<\/p>\n<p>P\/N 2854<br \/>\nTermo\u010dl\u00e1nek typu J, \u010derveno-b\u00edl\u00fd v \u010dern\u00e9 barv\u011b<br \/>\n<strong>Rozm\u011bry: 14 mm<\/strong><br \/>\nVnit\u0159n\u00ed pr\u016fm\u011br: 14 mm<br \/>\nVn\u011bj\u0161\u00ed pr\u016fm\u011br: 19 mm<br \/>\nTlou\u0161\u0165ka: 3,1 mm<\/p>\n<\/div>","protected":false},"excerpt":{"rendered":"<h1 class=\"product-detail-name\">\u010cidlo CHT \u2013 t\u011bsn\u011bn\u00ed zapalovac\u00ed sv\u00ed\u010dky<\/h1>","protected":false},"featured_media":2357,"comment_status":"open","ping_status":"closed","template":"","meta":{"_rtcl_gb_attr":"","ngg_post_thumbnail":0},"product_brand":[],"product_cat":[53],"product_tag":[77,204,170,201,48,203,202,70],"class_list":{"0":"post-2350","1":"product","2":"type-product","3":"status-publish","4":"has-post-thumbnail","6":"product_cat-instrumente","7":"product_tag-cessna","8":"product_tag-cht","9":"product_tag-continental","10":"product_tag-g5","11":"product_tag-garmin","12":"product_tag-insight","13":"product_tag-instrumentenbrett","14":"product_tag-lycomming","16":"first","17":"instock","18":"taxable","19":"shipping-taxable","20":"purchasable","21":"product-type-variable"},"bundled_by":[],"bundle_stock_status":"instock","bundle_stock_quantity":20,"bundle_virtual":false,"bundle_layout":"","bundle_add_to_cart_form_location":"","bundle_editable_in_cart":false,"bundle_sold_individually_context":"","bundle_item_grouping":"","bundle_min_size":"","bundle_max_size":"","bundle_price":[],"bundled_items":[],"bundle_sell_ids":[],"jetpack_sharing_enabled":true,"_links":{"self":[{"href":"https:\/\/www.aps-eb.de\/cs\/wp-json\/wp\/v2\/product\/2350","targetHints":{"allow":["GET"]}}],"collection":[{"href":"https:\/\/www.aps-eb.de\/cs\/wp-json\/wp\/v2\/product"}],"about":[{"href":"https:\/\/www.aps-eb.de\/cs\/wp-json\/wp\/v2\/types\/product"}],"replies":[{"embeddable":true,"href":"https:\/\/www.aps-eb.de\/cs\/wp-json\/wp\/v2\/comments?post=2350"}],"wp:featuredmedia":[{"embeddable":true,"href":"https:\/\/www.aps-eb.de\/cs\/wp-json\/wp\/v2\/media\/2357"}],"wp:attachment":[{"href":"https:\/\/www.aps-eb.de\/cs\/wp-json\/wp\/v2\/media?parent=2350"}],"wp:term":[{"taxonomy":"product_brand","embeddable":true,"href":"https:\/\/www.aps-eb.de\/cs\/wp-json\/wp\/v2\/product_brand?post=2350"},{"taxonomy":"product_cat","embeddable":true,"href":"https:\/\/www.aps-eb.de\/cs\/wp-json\/wp\/v2\/product_cat?post=2350"},{"taxonomy":"product_tag","embeddable":true,"href":"https:\/\/www.aps-eb.de\/cs\/wp-json\/wp\/v2\/product_tag?post=2350"}],"curies":[{"name":"wp","href":"https:\/\/api.w.org\/{rel}","templated":true}]}}