{"id":2714,"date":"2025-10-03T08:42:45","date_gmt":"2025-10-03T08:42:45","guid":{"rendered":"https:\/\/aps-eb.de\/?post_type=product&#038;p=2714"},"modified":"2026-02-14T11:50:45","modified_gmt":"2026-02-14T11:50:45","slug":"propper-gen-ii-waterproof-parka","status":"publish","type":"product","link":"https:\/\/www.aps-eb.de\/cs\/categorie\/propper-gen-ii-waterproof-parka\/","title":{"rendered":"PROPPER Gen II Vodot\u011bsn\u00e1 Parka - Bunda do de\u0161t\u011b"},"content":{"rendered":"<h1 class=\"text-xl mt-0 mb-3 md:text-2xl text-gray-900 font-roboto font-medium\">Vodot\u011bsn\u00e1 parka II. generace<\/h1>\n<ul>\n<li>170 g\/m2, 100 % nepromokav\u00e1, prody\u0161n\u00e1 nylonov\u00e1 tkanina<\/li>\n<li>Tkanina se skl\u00e1d\u00e1 ze t\u0159\u00ed laminovan\u00fdch vrstev pro vodot\u011bsn\u00fd a v\u011btrot\u011bsn\u00fd, ale prody\u0161n\u00fd syst\u00e9m. Vn\u011bj\u0161\u00ed vrstva se skl\u00e1d\u00e1 ze 100 % Nylonov\u00e1 tkanina, laminovan\u00e1 na vod\u011bodoln\u00e9, prody\u0161n\u00e9 membr\u00e1n\u011b, chr\u00e1n\u011bn\u00e1 nylonov\u00fdm h\u0159betem.<\/li>\n<li>V\u0161echny \u0161vy jsou nalepeny vodot\u011bsnou \u0161vovou p\u00e1skou, aby nedo\u0161lo k \u00faniku.<\/li>\n<li>Nastavitelnou kapuci lze ulo\u017eit do l\u00edmce.<\/li>\n<li>6 vn\u011bj\u0161\u00edch kapes \u2013 2 kombinovan\u00e9 kapsy na ru\u010dn\u00ed oh\u0159ev\/n\u00e1klad a 2 kapsy na rameno.<\/li>\n<li>Vnit\u0159n\u00ed n\u00e1prsn\u00ed kapsa se such\u00fdm zipem chr\u00e1n\u00ed drobn\u00e9 p\u0159edm\u011bty p\u0159ed \u017eivly.<\/li>\n<li>Nastaviteln\u00e9 man\u017eety a chr\u00e1ni\u010d sn\u011bhu chr\u00e1n\u00ed p\u0159ed v\u011btrem.<\/li>\n<li>Dovoz z USA<\/li>\n<\/ul>\n<p>Parka Gen II m\u00e1 klasick\u00fd vojensk\u00fd design, kter\u00fd pou\u017e\u00edv\u00e1 t\u0159\u00edvrstv\u00fd laminovan\u00fd nylonov\u00fd textiln\u00ed syst\u00e9m, kter\u00fd poskytuje vodot\u011bsn\u00fd, v\u011btruodoln\u00fd a prody\u0161n\u00fd komfort za v\u0161ech podm\u00ednek.<\/p>","protected":false},"excerpt":{"rendered":"<h1 class=\"text-xl mt-0 mb-3 md:text-2xl text-gray-900 font-roboto font-medium\">Vodot\u011bsn\u00e1 parka II. generace<\/h1>","protected":false},"featured_media":2731,"comment_status":"open","ping_status":"closed","template":"","meta":{"_rtcl_gb_attr":"","ngg_post_thumbnail":0},"product_brand":[],"product_cat":[329],"product_tag":[163,161,147,327,85,162],"class_list":{"0":"post-2714","1":"product","2":"type-product","3":"status-publish","4":"has-post-thumbnail","6":"product_cat-jacken","7":"product_tag-multicam","8":"product_tag-parka","9":"product_tag-propper","10":"product_tag-regenjacke","11":"product_tag-us-army","12":"product_tag-wasserdicht","13":"pa_farbe-black","14":"pa_farbe-coyote","16":"first","17":"instock","18":"taxable","19":"shipping-taxable","20":"purchasable","21":"product-type-variable","22":"has-default-attributes"},"bundled_by":[],"bundle_stock_status":"instock","bundle_stock_quantity":10,"bundle_virtual":false,"bundle_layout":"","bundle_add_to_cart_form_location":"","bundle_editable_in_cart":false,"bundle_sold_individually_context":"","bundle_item_grouping":"","bundle_min_size":"","bundle_max_size":"","bundle_price":[],"bundled_items":[],"bundle_sell_ids":[],"jetpack_sharing_enabled":true,"_links":{"self":[{"href":"https:\/\/www.aps-eb.de\/cs\/wp-json\/wp\/v2\/product\/2714","targetHints":{"allow":["GET"]}}],"collection":[{"href":"https:\/\/www.aps-eb.de\/cs\/wp-json\/wp\/v2\/product"}],"about":[{"href":"https:\/\/www.aps-eb.de\/cs\/wp-json\/wp\/v2\/types\/product"}],"replies":[{"embeddable":true,"href":"https:\/\/www.aps-eb.de\/cs\/wp-json\/wp\/v2\/comments?post=2714"}],"wp:featuredmedia":[{"embeddable":true,"href":"https:\/\/www.aps-eb.de\/cs\/wp-json\/wp\/v2\/media\/2731"}],"wp:attachment":[{"href":"https:\/\/www.aps-eb.de\/cs\/wp-json\/wp\/v2\/media?parent=2714"}],"wp:term":[{"taxonomy":"product_brand","embeddable":true,"href":"https:\/\/www.aps-eb.de\/cs\/wp-json\/wp\/v2\/product_brand?post=2714"},{"taxonomy":"product_cat","embeddable":true,"href":"https:\/\/www.aps-eb.de\/cs\/wp-json\/wp\/v2\/product_cat?post=2714"},{"taxonomy":"product_tag","embeddable":true,"href":"https:\/\/www.aps-eb.de\/cs\/wp-json\/wp\/v2\/product_tag?post=2714"}],"curies":[{"name":"wp","href":"https:\/\/api.w.org\/{rel}","templated":true}]}}