{"id":2942,"date":"2025-10-09T07:55:22","date_gmt":"2025-10-09T07:55:22","guid":{"rendered":"https:\/\/aps-eb.de\/?post_type=product&#038;p=2942"},"modified":"2026-01-01T19:29:54","modified_gmt":"2026-01-01T19:29:54","slug":"ma-1-bomberjacke","status":"publish","type":"product","link":"https:\/\/www.aps-eb.de\/cs\/categorie\/ma-1-bomberjacke\/","title":{"rendered":"MA-1 Bomberov\u00e1 bunda"},"content":{"rendered":"<h1>MA-1 Bomberov\u00e1 bunda<\/h1>\n<ul>\n<li><span style=\"font-size: 10pt;\"><big>vn\u011bj\u0161\u00ed textilie: 100% nylonu<\/big><\/span><\/li>\n<li><span style=\"font-size: 10pt;\"><big>Pod\u0161\u00edvkov\u00fd materi\u00e1l: 100% polyestery<\/big><\/span><\/li>\n<\/ul>\n<p>Bomber bunda vyroben\u00e1 ze 100% V nylonu.<br \/>\nOrigin\u00e1ln\u00ed a autentick\u00e1 leteck\u00e1 bunda.<br \/>\nNyn\u00ed tak\u00e9 ve velikostech XXS a XS, vhodn\u00e9 pro d\u011bti od 15 let.<\/p>","protected":false},"excerpt":{"rendered":"<h4>MA-1 Bomberov\u00e1 bunda<\/h4>","protected":false},"featured_media":2963,"comment_status":"open","ping_status":"closed","template":"","meta":{"_rtcl_gb_attr":"","ngg_post_thumbnail":0},"product_brand":[],"product_cat":[329],"product_tag":[168,312,311,336,85],"class_list":{"0":"post-2942","1":"product","2":"type-product","3":"status-publish","4":"has-post-thumbnail","6":"product_cat-jacken","7":"product_tag-armeejacke","8":"product_tag-bomberjacke","9":"product_tag-fliegerjacke","10":"product_tag-fostex-garments","11":"product_tag-us-army","12":"pa_farbe-black","13":"pa_farbe-green","15":"first","16":"instock","17":"taxable","18":"shipping-taxable","19":"purchasable","20":"product-type-variable","21":"has-default-attributes"},"bundled_by":[],"bundle_stock_status":"instock","bundle_stock_quantity":10,"bundle_virtual":false,"bundle_layout":"","bundle_add_to_cart_form_location":"","bundle_editable_in_cart":false,"bundle_sold_individually_context":"","bundle_item_grouping":"","bundle_min_size":"","bundle_max_size":"","bundle_price":[],"bundled_items":[],"bundle_sell_ids":[],"jetpack_sharing_enabled":true,"_links":{"self":[{"href":"https:\/\/www.aps-eb.de\/cs\/wp-json\/wp\/v2\/product\/2942","targetHints":{"allow":["GET"]}}],"collection":[{"href":"https:\/\/www.aps-eb.de\/cs\/wp-json\/wp\/v2\/product"}],"about":[{"href":"https:\/\/www.aps-eb.de\/cs\/wp-json\/wp\/v2\/types\/product"}],"replies":[{"embeddable":true,"href":"https:\/\/www.aps-eb.de\/cs\/wp-json\/wp\/v2\/comments?post=2942"}],"wp:featuredmedia":[{"embeddable":true,"href":"https:\/\/www.aps-eb.de\/cs\/wp-json\/wp\/v2\/media\/2963"}],"wp:attachment":[{"href":"https:\/\/www.aps-eb.de\/cs\/wp-json\/wp\/v2\/media?parent=2942"}],"wp:term":[{"taxonomy":"product_brand","embeddable":true,"href":"https:\/\/www.aps-eb.de\/cs\/wp-json\/wp\/v2\/product_brand?post=2942"},{"taxonomy":"product_cat","embeddable":true,"href":"https:\/\/www.aps-eb.de\/cs\/wp-json\/wp\/v2\/product_cat?post=2942"},{"taxonomy":"product_tag","embeddable":true,"href":"https:\/\/www.aps-eb.de\/cs\/wp-json\/wp\/v2\/product_tag?post=2942"}],"curies":[{"name":"wp","href":"https:\/\/api.w.org\/{rel}","templated":true}]}}