{"id":3116,"date":"2025-10-11T15:28:00","date_gmt":"2025-10-11T15:28:00","guid":{"rendered":"https:\/\/aps-eb.de\/?post_type=product&#038;p=3116"},"modified":"2026-02-10T12:19:52","modified_gmt":"2026-02-10T12:19:52","slug":"hexagon-fleece-jacke","status":"publish","type":"product","link":"https:\/\/www.aps-eb.de\/cs\/categorie\/hexagon-fleece-jacke\/","title":{"rendered":"Hexagon fleecov\u00e1 bunda"},"content":{"rendered":"<div class=\"info-block--item\">\n<div>\n<div class=\"info-block--item\">\n<div>Popis:<\/div>\n<div>\n<p><big>Diese wundersch\u00f6ne Weste ist aus 100% Polyester hergestellt und hat eine verstellbare Kapuze. Drei Taschen auf der Vorderseite, zwei Cargotaschen auf der Oberseite der \u00c4rmel und eine Cargotasche am linken Unterarm Auch k\u00f6nnen Patches mit Klettband an den \u00c4rmeln befestigt werden. Zus\u00e4tzlich ist die Weste mit einer elastischen, feststellbaren Kordel um die Taille versehen.<\/p>\n<p><strong>Charakteristika:<\/strong>&nbsp;<\/big><\/p>\n<ul>\n<li><big>Nastaviteln\u00e9 ruk\u00e1vy&nbsp;<\/big><\/li>\n<li><big>d\u00fdch\u00e1n\u00ed&nbsp;<\/big><\/li>\n<li><big>Vysok\u00e1 kvalita&nbsp;<\/big><\/li>\n<li><big>Pohodl\u00ed p\u0159i no\u0161en\u00ed<\/big><\/li>\n<\/ul>\n<\/div>\n<\/div>\n<div class=\"info-block--item\">&nbsp;<\/div>\n<div class=\"info-block--item\">\n<div>Gewicht (gr):<\/div>\n<div>850.00<\/div>\n<\/div>\n<div class=\"info-block--item\">\n<div>Marke:<\/div>\n<div>101 INC<\/div>\n<\/div>\n<div class=\"info-block--item\">\n<div>Material:<\/div>\n<div>260g\/m\u00b2&nbsp;Polyester.<\/div>\n<\/div>\n<div class=\"info-block--item\">\n<div>Logo:<\/div>\n<div><a class=\"semantic_image_link\" href=\"https:\/\/www.vanosimports.com\/de\/catalog\/item\/131364\" data-bs-toggle=\"modal\" data-bs-target=\".stock-modal\" data-image=\"https:\/\/plm.vanosimports.com\/media\/uploads\/product_files\/10656_dfd3b7362a297f4b1b666d51c3dab28338da6d5a.png\" data-image-title=\"Logo\"><img decoding=\"async\" src=\"https:\/\/plm.vanosimports.com\/media\/uploads\/product_files\/10656_dfd3b7362a297f4b1b666d51c3dab28338da6d5a.png?&amp;height=50\"><\/a><\/div>\n<\/div>\n<\/div>\n<\/div>","protected":false},"excerpt":{"rendered":"<h4>Hexagon fleecov\u00e1 bunda<\/h4>","protected":false},"featured_media":3149,"comment_status":"open","ping_status":"closed","template":"","meta":{"_rtcl_gb_attr":"","ngg_post_thumbnail":0},"product_brand":[],"product_cat":[329],"product_tag":[168,312,311,336,85],"class_list":{"0":"post-3116","1":"product","2":"type-product","3":"status-publish","4":"has-post-thumbnail","6":"product_cat-jacken","7":"product_tag-armeejacke","8":"product_tag-bomberjacke","9":"product_tag-fliegerjacke","10":"product_tag-fostex-garments","11":"product_tag-us-army","12":"pa_farbe-black","13":"pa_farbe-coyote","14":"pa_farbe-green","16":"first","17":"instock","18":"taxable","19":"shipping-taxable","20":"purchasable","21":"product-type-variable","22":"has-default-attributes"},"bundled_by":[],"bundle_stock_status":"instock","bundle_stock_quantity":10,"bundle_virtual":false,"bundle_layout":"","bundle_add_to_cart_form_location":"","bundle_editable_in_cart":false,"bundle_sold_individually_context":"","bundle_item_grouping":"","bundle_min_size":"","bundle_max_size":"","bundle_price":[],"bundled_items":[],"bundle_sell_ids":[],"jetpack_sharing_enabled":true,"_links":{"self":[{"href":"https:\/\/www.aps-eb.de\/cs\/wp-json\/wp\/v2\/product\/3116","targetHints":{"allow":["GET"]}}],"collection":[{"href":"https:\/\/www.aps-eb.de\/cs\/wp-json\/wp\/v2\/product"}],"about":[{"href":"https:\/\/www.aps-eb.de\/cs\/wp-json\/wp\/v2\/types\/product"}],"replies":[{"embeddable":true,"href":"https:\/\/www.aps-eb.de\/cs\/wp-json\/wp\/v2\/comments?post=3116"}],"wp:featuredmedia":[{"embeddable":true,"href":"https:\/\/www.aps-eb.de\/cs\/wp-json\/wp\/v2\/media\/3149"}],"wp:attachment":[{"href":"https:\/\/www.aps-eb.de\/cs\/wp-json\/wp\/v2\/media?parent=3116"}],"wp:term":[{"taxonomy":"product_brand","embeddable":true,"href":"https:\/\/www.aps-eb.de\/cs\/wp-json\/wp\/v2\/product_brand?post=3116"},{"taxonomy":"product_cat","embeddable":true,"href":"https:\/\/www.aps-eb.de\/cs\/wp-json\/wp\/v2\/product_cat?post=3116"},{"taxonomy":"product_tag","embeddable":true,"href":"https:\/\/www.aps-eb.de\/cs\/wp-json\/wp\/v2\/product_tag?post=3116"}],"curies":[{"name":"wp","href":"https:\/\/api.w.org\/{rel}","templated":true}]}}