{"id":3463,"date":"2025-10-31T14:31:49","date_gmt":"2025-10-31T14:31:49","guid":{"rendered":"https:\/\/aps-eb.de\/?post_type=product&#038;p=3463"},"modified":"2026-05-15T22:15:25","modified_gmt":"2026-05-15T22:15:25","slug":"engine-baffle-kit-c172p-lycoming-o-320-d2j-kopie","status":"publish","type":"product","link":"https:\/\/www.aps-eb.de\/cs\/categorie\/engine-baffle-kit-c172p-lycoming-o-320-d2j-kopie\/","title":{"rendered":"Sada p\u0159ep\u00e1\u017eek motoru \u2013 C172M \u2013 Lycoming O-320-E2D \u2013 74-76 PCBK"},"content":{"rendered":"<h1>Sada p\u0159ep\u00e1\u017eek motoru \u2013 C172M \u2013 Lycoming O-320-E2D<\/h1>\n<p>Standardn\u00ed t\u011bsn\u011bn\u00ed \u010dern\u00e1, pr\u00e1\u0161kov\u011b lakovan\u00fd hlin\u00edk - PCBK<\/p>\n<ul>\n<li>\n<table id=\"eligibility-records-tab-content\" class=\"relative w-full border-separate border-spacing-y-3\" style=\"width: 1005px;\">\n<thead>\n<tr>\n<th class=\"sticky top-0 px-3 py-3 font-semibold text-black text-left text-left bg-surface-secondary\" style=\"width: 53px;\">ud\u011blat<\/th>\n<th class=\"sticky top-0 px-3 py-3 font-semibold text-black text-left text-left bg-surface-secondary\" style=\"width: 55px;\">S\u00e9rie<\/th>\n<th class=\"sticky top-0 px-3 py-3 font-semibold text-black text-left text-left bg-surface-secondary\" style=\"width: 56px;\">modelka<\/th>\n<th class=\"sticky top-0 px-3 py-3 font-semibold text-black text-left text-left bg-surface-secondary\" style=\"width: 81px;\">Za\u010d\u00e1tek S\/N<\/th>\n<th class=\"sticky top-0 px-3 py-3 font-semibold text-black text-left text-left bg-surface-secondary\" style=\"width: 81px;\">Konec S\/N<\/th>\n<th class=\"sticky top-0 px-3 py-3 font-semibold text-black text-left text-left bg-surface-secondary\" style=\"width: 544px;\">Koment\u00e1\u0159<\/th>\n<th class=\"sticky top-0 px-3 py-3 font-semibold text-black text-left text-left bg-surface-secondary\" style=\"width: 135px;\">Tabulka zp\u016fsobilosti<\/th>\n<\/tr>\n<\/thead>\n<tbody class=\"divide-y bg-surface-secondary\">\n<tr>\n<td class=\"px-3 py-2 bg-white\" style=\"width: 53px;\">Cessna<\/td>\n<td class=\"px-3 py-2 bg-white\" style=\"width: 55px;\">172<\/td>\n<td class=\"px-3 py-2 bg-white\" style=\"width: 56px;\">172M<\/td>\n<td class=\"px-3 py-2 bg-white\" style=\"width: 81px;\">17261899<\/td>\n<td class=\"px-3 py-2 bg-white\" style=\"width: 81px;\">17263458<\/td>\n<td class=\"px-3 py-2 bg-white\" style=\"width: 544px;\">Je-li vybaven Lycoming O-320-E2D. Pr\u00e1\u0161ek pota\u017een\u00fd \u010dern\u00fdmi t\u011bsn\u011bn\u00edmi<\/td>\n<td class=\"px-3 py-2 bg-white\" style=\"width: 135px;\">6629<\/td>\n<\/tr>\n<tr>\n<td class=\"px-3 py-2 bg-white\" style=\"width: 53px;\">Cessna<\/td>\n<td class=\"px-3 py-2 bg-white\" style=\"width: 55px;\">172<\/td>\n<td class=\"px-3 py-2 bg-white\" style=\"width: 56px;\">172M<\/td>\n<td class=\"px-3 py-2 bg-white\" style=\"width: 81px;\">17263459<\/td>\n<td class=\"px-3 py-2 bg-white\" style=\"width: 81px;\">17267584<\/td>\n<td class=\"px-3 py-2 bg-white\" style=\"width: 544px;\">Je-li vybaven Lycoming O-320-E2D. Pr\u00e1\u0161ek pota\u017een\u00fd \u010dern\u00fdmi t\u011bsn\u011bn\u00edmi<\/td>\n<td class=\"px-3 py-2 bg-white\" style=\"width: 135px;\">6629<\/td>\n<\/tr>\n<tr>\n<td class=\"px-3 py-2 bg-white\" style=\"width: 53px;\">Cessna<\/td>\n<td class=\"px-3 py-2 bg-white\" style=\"width: 55px;\">172<\/td>\n<td class=\"px-3 py-2 bg-white\" style=\"width: 56px;\">F172M<\/td>\n<td class=\"px-3 py-2 bg-white\" style=\"width: 81px;\">F17201035<\/td>\n<td class=\"px-3 py-2 bg-white\" style=\"width: 81px;\">F17201234<\/td>\n<td class=\"px-3 py-2 bg-white\" style=\"width: 544px;\">Je-li vybaven Lycoming O-320-E2D. Pr\u00e1\u0161ek pota\u017een\u00fd \u010dern\u00fdmi t\u011bsn\u011bn\u00edmi<\/td>\n<td class=\"px-3 py-2 bg-white\" style=\"width: 135px;\">6629<\/td>\n<\/tr>\n<\/tbody>\n<\/table>\n<\/li>\n<\/ul>\n<p>jednotliv\u00e9 komponenty t\u00e9to sady na vy\u017e\u00e1d\u00e1n\u00ed.<\/p>\n<h4>\u00dadaje o v\u00fdrobku<\/h4>\n<p>* Obr\u00e1zek ukazuje nepota\u017een\u00e9 p\u0159ep\u00e1\u017eky. Sady jsou tak\u00e9 k dispozici s pr\u00e1\u0161kov\u00fdm lakov\u00e1n\u00edm. K dispozici jsou standardn\u00ed a pr\u00e9miov\u00e9 mo\u017enosti t\u011bsn\u011bn\u00ed.<\/p>\n<p>Kompletn\u00ed sady p\u0159ep\u00e1\u017eek motoru s Cowl SaverTM<br \/>\nUdr\u017eujte sv\u016fj motor v chladu a chra\u0148te kapotu!<\/p>\n<p>T\u011bsnic\u00ed materi\u00e1l McFarlane Cowl Saver je nyn\u00ed k dispozici p\u0159edinstalovan\u00fd v sad\u00e1ch p\u0159ep\u00e1\u017eek Airforms. Cowl SaverTM sni\u017euje vibrace v trupu letadla a zabra\u0148uje prasklin\u00e1m v kapot\u011b a po\u017e\u00e1rn\u00ed p\u0159ep\u00e1\u017ece. Konven\u010dn\u00ed t\u011bsn\u011bn\u00ed ze silikonov\u00e9ho kau\u010duku pro p\u0159ep\u00e1\u017eky maj\u00ed jeden z nejvy\u0161\u0161\u00edch koeficient\u016f t\u0159en\u00ed ze v\u0161ech zn\u00e1m\u00fdch materi\u00e1l\u016f. Toto t\u0159en\u00ed p\u0159en\u00e1\u0161\u00ed vibrace motoru na kapotu a po\u017e\u00e1rn\u00ed p\u0159ep\u00e1\u017eku, co\u017e zp\u016fsobuje opot\u0159eben\u00ed, \u00fanavu materi\u00e1lu, praskliny, od\u0159en\u00ed a vibrace v trupu letadla. Cowl SaverTM je speci\u00e1ln\u011b navr\u017een pro n\u00edzk\u00e9 t\u0159en\u00ed, co\u017e v\u00e1m u\u0161et\u0159\u00ed pen\u00edze! Poc\u00edt\u00edte rozd\u00edl ve vibrac\u00edch.<\/p>\n<p>T\u011bsnic\u00ed materi\u00e1l Cowl Saver nab\u00edz\u00ed 30kr\u00e1t m\u00e9n\u011b t\u0159en\u00ed! P\u0159ep\u00e1\u017eky s n\u00edzk\u00fdm t\u0159en\u00edm v\u00e1m u\u0161et\u0159\u00ed pen\u00edze!<\/p>\n<p>Sni\u017euje p\u0159enos vibrac\u00ed do sk\u0159\u00edn\u011b motoru a bu\u0148ky letadla.<br \/>\nZabra\u0148uje erozi p\u0159evlek\u016f.<br \/>\nProdlu\u017euje \u017eivotnost t\u011bsn\u011bn\u00ed.<br \/>\nSni\u017euje n\u00e1kladn\u00e9 opravy obklad\u016f a spojovac\u00edch prvk\u016f.<br \/>\nSni\u017euje \u00fanavu materi\u00e1lu a prask\u00e1n\u00ed t\u011bsn\u011bn\u00ed, opl\u00e1\u0161t\u011bn\u00ed plech\u016f a po\u017e\u00e1rn\u00edch p\u0159ep\u00e1\u017eek.<br \/>\nTo dokonce usnad\u0148uje mont\u00e1\u017e opl\u00e1\u0161t\u011bn\u00ed!<br \/>\nPro v\u00edce informac\u00ed o t\u011bsnic\u00edm materi\u00e1lu McFarlane Cowl SaverTM klikn\u011bte zde.<\/p>\n<p>Desky deflektoru motoru Airforms jsou schv\u00e1leny FAA-PMA pro Cessna, Piper, Beechcraft, Mooney a Grumman.<\/p>\n<p>Hlin\u00edk 6061-T6, dostupn\u00fd v hol\u00e9m hlin\u00edku nebo s \u0161edou pr\u00e1\u0161kovou barvou.<\/p>\n<p>T\u011bsnic\u00ed materi\u00e1l Cowl SaverTM je p\u0159edinstalov\u00e1n.<br \/>\nIndividu\u00e1ln\u011b zam\u011bniteln\u00e9 s tov\u00e1rn\u00edmi p\u0159ep\u00e1\u017ekami.<br \/>\nDr\u017e\u00e1ky z nerezov\u00e9 oceli v p\u0159\u00edpad\u011b pot\u0159eby.<br \/>\nKonstrukce n\u00fdt\u016f.<br \/>\n1\/2\u2032\u2032 zadn\u00ed desky pro upevn\u011bn\u00ed t\u011bsn\u011bn\u00ed.<br \/>\nVylep\u0161en\u00e1 fit.<br \/>\nPozn\u00e1mky:<\/p>\n<p>P\u0159i instalaci p\u0159\u00edslu\u0161enstv\u00ed (start\u00e9r, altern\u00e1tor, v\u00fdfuk, p\u0159estavba motoru atd.) je mont\u00e1\u017en\u00edk odpov\u011bdn\u00fd za nastaven\u00ed p\u0159ep\u00e1\u017eek.<br \/>\nUpev\u0148ovac\u00ed materi\u00e1l (matice, \u0161rouby, \u0161rouby, Tinnermanovy svorky atd.) nen\u00ed sou\u010d\u00e1st\u00ed dod\u00e1vky.<\/p>\n<h4>T\u011bsn\u00edc\u00ed materi\u00e1l: Pou\u017eijte p\u0159\u00edponu sady:<\/h4>\n<p>Pr\u00e9miov\u00e1 t\u011bsn\u011bn\u00ed na m\u00edsy, hol\u00fd hlin\u00edk - BRCS<br \/>\nStandardn\u00ed t\u011bsn\u011bn\u00ed \u010dern\u00e1, hol\u00fd hlin\u00edk - BRBK<br \/>\nStandardn\u00ed t\u011bsn\u011bn\u00ed modr\u00e1, hol\u00fd hlin\u00edk - BRBL<br \/>\nStandardn\u00ed t\u011bsn\u011bn\u00ed oran\u017eov\u00e1, hol\u00fd hlin\u00edk - BROR<br \/>\nPr\u00e9miov\u00e1 t\u011bsn\u011bn\u00ed na m\u00edsy, pr\u00e1\u0161kov\u011b lakovan\u00fd hlin\u00edk - PCCS<br \/>\nStandardn\u00ed t\u011bsn\u011bn\u00ed \u010dern\u00e1, pr\u00e1\u0161kov\u011b lakovan\u00fd hlin\u00edk - PCBK<br \/>\nStandardn\u00ed t\u011bsn\u011bn\u00ed modr\u00e1, pr\u00e1\u0161kov\u011b lakovan\u00fd hlin\u00edk - PCBL<br \/>\nStandardn\u00ed t\u011bsn\u011bn\u00ed oran\u017eov\u00e1, pr\u00e1\u0161kov\u011b lakovan\u00fd hlin\u00edk - PCOR<\/p>","protected":false},"excerpt":{"rendered":"<h4>Sada p\u0159ep\u00e1\u017eek motoru \u2013 C172M \u2013 Lycoming O-320-E2D<\/h4>","protected":false},"featured_media":3465,"comment_status":"open","ping_status":"closed","template":"","meta":{"_rtcl_gb_attr":"","ngg_post_thumbnail":0},"product_brand":[],"product_cat":[415],"product_tag":[416,417,418,77,70],"class_list":{"0":"post-3463","1":"product","2":"type-product","3":"status-publish","4":"has-post-thumbnail","6":"product_cat-engine_baffles","7":"product_tag-baffle","8":"product_tag-baffles","9":"product_tag-c172","10":"product_tag-cessna","11":"product_tag-lycomming","13":"first","14":"instock","15":"sale","16":"taxable","17":"shipping-taxable","18":"purchasable","19":"product-type-simple"},"bundled_by":[],"bundle_stock_status":"instock","bundle_stock_quantity":2,"bundle_virtual":false,"bundle_layout":"","bundle_add_to_cart_form_location":"","bundle_editable_in_cart":false,"bundle_sold_individually_context":"","bundle_item_grouping":"","bundle_min_size":"","bundle_max_size":"","bundle_price":[],"bundled_items":[],"bundle_sell_ids":[],"jetpack_sharing_enabled":true,"_links":{"self":[{"href":"https:\/\/www.aps-eb.de\/cs\/wp-json\/wp\/v2\/product\/3463","targetHints":{"allow":["GET"]}}],"collection":[{"href":"https:\/\/www.aps-eb.de\/cs\/wp-json\/wp\/v2\/product"}],"about":[{"href":"https:\/\/www.aps-eb.de\/cs\/wp-json\/wp\/v2\/types\/product"}],"replies":[{"embeddable":true,"href":"https:\/\/www.aps-eb.de\/cs\/wp-json\/wp\/v2\/comments?post=3463"}],"wp:featuredmedia":[{"embeddable":true,"href":"https:\/\/www.aps-eb.de\/cs\/wp-json\/wp\/v2\/media\/3465"}],"wp:attachment":[{"href":"https:\/\/www.aps-eb.de\/cs\/wp-json\/wp\/v2\/media?parent=3463"}],"wp:term":[{"taxonomy":"product_brand","embeddable":true,"href":"https:\/\/www.aps-eb.de\/cs\/wp-json\/wp\/v2\/product_brand?post=3463"},{"taxonomy":"product_cat","embeddable":true,"href":"https:\/\/www.aps-eb.de\/cs\/wp-json\/wp\/v2\/product_cat?post=3463"},{"taxonomy":"product_tag","embeddable":true,"href":"https:\/\/www.aps-eb.de\/cs\/wp-json\/wp\/v2\/product_tag?post=3463"}],"curies":[{"name":"wp","href":"https:\/\/api.w.org\/{rel}","templated":true}]}}