{"id":3592,"date":"2025-11-01T15:52:47","date_gmt":"2025-11-01T15:52:47","guid":{"rendered":"https:\/\/aps-eb.de\/?post_type=product&#038;p=3592"},"modified":"2026-01-01T19:26:04","modified_gmt":"2026-01-01T19:26:04","slug":"boxerhort-82e-division-aeroportee","status":"publish","type":"product","link":"https:\/\/www.aps-eb.de\/cs\/categorie\/boxerhort-82e-division-aeroportee\/","title":{"rendered":"Boxersk\u00e9 \u0161ortky \u201e82e Division a\u00e9roport\u00e9e\u201c"},"content":{"rendered":"<h1>Boxersk\u00e9 \u0161ortky \u201e82e Division a\u00e9roport\u00e9e\u201c<\/h1>\n<div>Popis:<\/div>\n<div>\n<p><big>Kvalitn\u00ed boxersk\u00e9 kra\u0165asy s perfektn\u00edm st\u0159ihem. Boxer se hod\u00ed jako rukavice a je dod\u00e1v\u00e1n ve st\u0159edn\u011b vysok\u00e9m modelu s dlouh\u00fdmi nohami. Boxersk\u00e9 \u0161ortky maj\u00ed m\u011bkk\u00fd, elastick\u00fd pas s textem a logem.<\/big><\/p>\n<p><big>Logo p\u0159edstavuje 82. v\u00fdsadkovou divizi americk\u00e9 arm\u00e1dy. 82. v\u00fdsadkov\u00e1 divize je elitn\u00ed jednotka slo\u017een\u00e1 p\u0159ev\u00e1\u017en\u011b z v\u00fdsadk\u00e1\u0159\u016f.&nbsp;<\/big><\/p>\n<p><big>Boxersk\u00e9 kra\u0165asy jsou v m\u00f3dn\u00edm balen\u00ed a jsou ide\u00e1ln\u00ed pro rozd\u00e1v\u00e1n\u00ed!<\/big><\/p>\n<p><strong><big>Charakteristika:<\/big><\/strong><\/p>\n<ul>\n<li><big>\u2013 Elastick\u00fd pas s logem<\/big><\/li>\n<li><big>\u2013 Lev\u00e1 noha s 82. logem Airborne<\/big><\/li>\n<li><big>\u2013 Od\u011bvy Fostex nezbytn\u00e9 pro ka\u017ed\u00fd den<\/big><\/li>\n<\/ul>\n<\/div>","protected":false},"excerpt":{"rendered":"<h1>Boxersk\u00e9 \u0161ortky \u201e82e Division a\u00e9roport\u00e9e\u201c<\/h1>","protected":false},"featured_media":3634,"comment_status":"open","ping_status":"closed","template":"","meta":{"_rtcl_gb_attr":"","ngg_post_thumbnail":0},"product_brand":[],"product_cat":[430],"product_tag":[336,429,85],"class_list":{"0":"post-3592","1":"product","2":"type-product","3":"status-publish","4":"has-post-thumbnail","6":"product_cat-geschenkideen","7":"product_tag-fostex-garments","8":"product_tag-unterwaesche","9":"product_tag-us-army","11":"first","12":"instock","13":"taxable","14":"shipping-taxable","15":"purchasable","16":"product-type-variable","17":"has-default-attributes"},"bundled_by":[],"bundle_stock_status":"instock","bundle_stock_quantity":10,"bundle_virtual":false,"bundle_layout":"","bundle_add_to_cart_form_location":"","bundle_editable_in_cart":false,"bundle_sold_individually_context":"","bundle_item_grouping":"","bundle_min_size":"","bundle_max_size":"","bundle_price":[],"bundled_items":[],"bundle_sell_ids":[],"jetpack_sharing_enabled":true,"_links":{"self":[{"href":"https:\/\/www.aps-eb.de\/cs\/wp-json\/wp\/v2\/product\/3592","targetHints":{"allow":["GET"]}}],"collection":[{"href":"https:\/\/www.aps-eb.de\/cs\/wp-json\/wp\/v2\/product"}],"about":[{"href":"https:\/\/www.aps-eb.de\/cs\/wp-json\/wp\/v2\/types\/product"}],"replies":[{"embeddable":true,"href":"https:\/\/www.aps-eb.de\/cs\/wp-json\/wp\/v2\/comments?post=3592"}],"wp:featuredmedia":[{"embeddable":true,"href":"https:\/\/www.aps-eb.de\/cs\/wp-json\/wp\/v2\/media\/3634"}],"wp:attachment":[{"href":"https:\/\/www.aps-eb.de\/cs\/wp-json\/wp\/v2\/media?parent=3592"}],"wp:term":[{"taxonomy":"product_brand","embeddable":true,"href":"https:\/\/www.aps-eb.de\/cs\/wp-json\/wp\/v2\/product_brand?post=3592"},{"taxonomy":"product_cat","embeddable":true,"href":"https:\/\/www.aps-eb.de\/cs\/wp-json\/wp\/v2\/product_cat?post=3592"},{"taxonomy":"product_tag","embeddable":true,"href":"https:\/\/www.aps-eb.de\/cs\/wp-json\/wp\/v2\/product_tag?post=3592"}],"curies":[{"name":"wp","href":"https:\/\/api.w.org\/{rel}","templated":true}]}}