{"id":3639,"date":"2025-11-01T16:19:36","date_gmt":"2025-11-01T16:19:36","guid":{"rendered":"https:\/\/aps-eb.de\/?post_type=product&#038;p=3639"},"modified":"2026-01-01T19:25:04","modified_gmt":"2026-01-01T19:25:04","slug":"boxershort-spitfire","status":"publish","type":"product","link":"https:\/\/www.aps-eb.de\/cs\/categorie\/boxershort-spitfire\/","title":{"rendered":"Boxersk\u00e9 kra\u0165asy \u201eSpitfire\u201c"},"content":{"rendered":"<h1>Boxersk\u00e9 kra\u0165asy \u201eSpitfire\u201c<\/h1>\n<div>Popis:<\/div>\n<div>\n<p><big>Kvalitn\u00ed boxersk\u00e9 kra\u0165asy s perfektn\u00edm st\u0159ihem. Boxer se hod\u00ed jako rukavice a je dod\u00e1v\u00e1n ve st\u0159edn\u011b vysok\u00e9m modelu s dlouh\u00fdmi nohami. Boxersk\u00e9 \u0161ortky maj\u00ed m\u011bkk\u00fd, elastick\u00fd pas s textem a logem.<\/big><\/p>\n<p><big>Obr\u00e1zek vlevo naho\u0159e ukazuje britsk\u00fd v\u00e1le\u010dn\u00fd letoun Spitfire, kter\u00fd byl pou\u017e\u00edv\u00e1n spojenci b\u011bhem cel\u00e9 druh\u00e9 sv\u011btov\u00e9 v\u00e1lky.<\/big><\/p>\n<p><big>Boxersk\u00e9 kra\u0165asy jsou v m\u00f3dn\u00edm balen\u00ed a jsou ide\u00e1ln\u00ed pro rozd\u00e1v\u00e1n\u00ed!<\/big><\/p>\n<p><strong><big>Charakteristika:<\/big><\/strong><\/p>\n<ul>\n<li><big>\u2013 Elastick\u00fd pas s logem<\/big><\/li>\n<li><big>\u2013 Lev\u00e1 noha ukazuje st\u00edhac\u00ed letoun Spitfire<\/big><\/li>\n<li><big>\u2013 Od\u011bvy Fostex nezbytn\u00e9 pro ka\u017ed\u00fd den<\/big><\/li>\n<\/ul>\n<\/div>","protected":false},"excerpt":{"rendered":"<h1>Boxersk\u00e9 kra\u0165asy \u201eSpitfire\u201c<\/h1>","protected":false},"featured_media":3645,"comment_status":"open","ping_status":"closed","template":"","meta":{"_rtcl_gb_attr":"","ngg_post_thumbnail":0},"product_brand":[],"product_cat":[430],"product_tag":[336,429,85],"class_list":{"0":"post-3639","1":"product","2":"type-product","3":"status-publish","4":"has-post-thumbnail","6":"product_cat-geschenkideen","7":"product_tag-fostex-garments","8":"product_tag-unterwaesche","9":"product_tag-us-army","11":"first","12":"instock","13":"taxable","14":"shipping-taxable","15":"purchasable","16":"product-type-variable","17":"has-default-attributes"},"bundled_by":[],"bundle_stock_status":"instock","bundle_stock_quantity":10,"bundle_virtual":false,"bundle_layout":"","bundle_add_to_cart_form_location":"","bundle_editable_in_cart":false,"bundle_sold_individually_context":"","bundle_item_grouping":"","bundle_min_size":"","bundle_max_size":"","bundle_price":[],"bundled_items":[],"bundle_sell_ids":[],"jetpack_sharing_enabled":true,"_links":{"self":[{"href":"https:\/\/www.aps-eb.de\/cs\/wp-json\/wp\/v2\/product\/3639","targetHints":{"allow":["GET"]}}],"collection":[{"href":"https:\/\/www.aps-eb.de\/cs\/wp-json\/wp\/v2\/product"}],"about":[{"href":"https:\/\/www.aps-eb.de\/cs\/wp-json\/wp\/v2\/types\/product"}],"replies":[{"embeddable":true,"href":"https:\/\/www.aps-eb.de\/cs\/wp-json\/wp\/v2\/comments?post=3639"}],"wp:featuredmedia":[{"embeddable":true,"href":"https:\/\/www.aps-eb.de\/cs\/wp-json\/wp\/v2\/media\/3645"}],"wp:attachment":[{"href":"https:\/\/www.aps-eb.de\/cs\/wp-json\/wp\/v2\/media?parent=3639"}],"wp:term":[{"taxonomy":"product_brand","embeddable":true,"href":"https:\/\/www.aps-eb.de\/cs\/wp-json\/wp\/v2\/product_brand?post=3639"},{"taxonomy":"product_cat","embeddable":true,"href":"https:\/\/www.aps-eb.de\/cs\/wp-json\/wp\/v2\/product_cat?post=3639"},{"taxonomy":"product_tag","embeddable":true,"href":"https:\/\/www.aps-eb.de\/cs\/wp-json\/wp\/v2\/product_tag?post=3639"}],"curies":[{"name":"wp","href":"https:\/\/api.w.org\/{rel}","templated":true}]}}