{"id":453,"date":"2023-05-12T16:30:38","date_gmt":"2023-05-12T16:30:38","guid":{"rendered":"https:\/\/aps-eb.de\/?post_type=product&#038;p=453"},"modified":"2025-11-17T08:57:21","modified_gmt":"2025-11-17T08:57:21","slug":"nomex-flight-suit-black","status":"publish","type":"product","link":"https:\/\/www.aps-eb.de\/cs\/categorie\/nomex-flight-suit-black\/","title":{"rendered":"Nomex\u00ae Flight Suit - \u010dern\u00fd"},"content":{"rendered":"<h4>Barva: \u010cern\u00e1 - NOVINKA<\/h4>\n<ul>\n<li>Skl\u00e1d\u00e1 se z Nomex\u00ae, netav\u00edc\u00edho materi\u00e1lu zpomaluj\u00edc\u00edho ho\u0159en\u00ed<\/li>\n<li>92 % Meta-aramid \/ 5 % Para-aramid \/ 3 % vodiv\u00e1 vl\u00e1kna<\/li>\n<li>\u0160it\u00e9 podle vojensk\u00e9 specifikace YACL-WP PD 99-01 R<\/li>\n<li>Kontinu\u00e1ln\u011b o\u0159ezan\u00e9 \u0161vy pro zv\u00fd\u0161enou trvanlivost<\/li>\n<li>2-p\u00e1smov\u00fd zip vp\u0159edu<\/li>\n<li>Zes\u00edlen\u00e1 ramena, aby se zabr\u00e1nilo opot\u0159eben\u00ed<\/li>\n<li>Bi-swing zp\u011bt zlep\u0161uje svobodu pohybu, zes\u00edlen\u00e1 ramena, aby se zabr\u00e1nilo opot\u0159eben\u00ed<\/li>\n<li>Nastaviteln\u00fd bedern\u00ed p\u00e1s se such\u00fdm zipem<\/li>\n<li>\u0160est hlavn\u00edch kapes s dodate\u010dn\u00fdmi kapsami na p\u0159\u00edslu\u0161enstv\u00ed<\/li>\n<li>Nastaviteln\u00fd such\u00fd zip na man\u017eet\u00e1ch<\/li>\n<li>Otvory na nohavic\u00edch na zip<\/li>\n<\/ul>\n<p>Tato origin\u00e1ln\u00ed letov\u00e1 sada v neho\u0159lav\u00e9, netav\u00edc\u00ed se aramidov\u00e9 tkanin\u011b Nomex\u00ae je vyrobena podle vojensk\u00fdch specifikac\u00ed, kter\u00e9 nos\u00ed v\u0161echny americk\u00e9 letov\u00e9 pos\u00e1dky.<\/p>","protected":false},"excerpt":{"rendered":"<p>Nomex\u00ae Flight Suit - \u010dern\u00fd<\/p>","protected":false},"featured_media":340,"comment_status":"open","ping_status":"closed","template":"","meta":{"_rtcl_gb_attr":"","ngg_post_thumbnail":0},"product_brand":[],"product_cat":[328],"product_tag":[83,158,157,85],"class_list":{"0":"post-453","1":"product","2":"type-product","3":"status-publish","4":"has-post-thumbnail","6":"product_cat-fliegerkombis","7":"product_tag-fliegerkombi","8":"product_tag-flight-suit","9":"product_tag-nomex","10":"product_tag-us-army","12":"first","13":"instock","14":"taxable","15":"shipping-taxable","16":"purchasable","17":"product-type-variable","18":"has-default-attributes"},"bundled_by":[],"bundle_stock_status":"instock","bundle_stock_quantity":10,"bundle_virtual":false,"bundle_layout":"","bundle_add_to_cart_form_location":"","bundle_editable_in_cart":false,"bundle_sold_individually_context":"","bundle_item_grouping":"","bundle_min_size":"","bundle_max_size":"","bundle_price":[],"bundled_items":[],"bundle_sell_ids":[],"jetpack_sharing_enabled":true,"_links":{"self":[{"href":"https:\/\/www.aps-eb.de\/cs\/wp-json\/wp\/v2\/product\/453","targetHints":{"allow":["GET"]}}],"collection":[{"href":"https:\/\/www.aps-eb.de\/cs\/wp-json\/wp\/v2\/product"}],"about":[{"href":"https:\/\/www.aps-eb.de\/cs\/wp-json\/wp\/v2\/types\/product"}],"replies":[{"embeddable":true,"href":"https:\/\/www.aps-eb.de\/cs\/wp-json\/wp\/v2\/comments?post=453"}],"wp:featuredmedia":[{"embeddable":true,"href":"https:\/\/www.aps-eb.de\/cs\/wp-json\/wp\/v2\/media\/340"}],"wp:attachment":[{"href":"https:\/\/www.aps-eb.de\/cs\/wp-json\/wp\/v2\/media?parent=453"}],"wp:term":[{"taxonomy":"product_brand","embeddable":true,"href":"https:\/\/www.aps-eb.de\/cs\/wp-json\/wp\/v2\/product_brand?post=453"},{"taxonomy":"product_cat","embeddable":true,"href":"https:\/\/www.aps-eb.de\/cs\/wp-json\/wp\/v2\/product_cat?post=453"},{"taxonomy":"product_tag","embeddable":true,"href":"https:\/\/www.aps-eb.de\/cs\/wp-json\/wp\/v2\/product_tag?post=453"}],"curies":[{"name":"wp","href":"https:\/\/api.w.org\/{rel}","templated":true}]}}