{"id":665,"date":"2023-06-01T08:56:39","date_gmt":"2023-06-01T08:56:39","guid":{"rendered":"https:\/\/aps-eb.de\/?post_type=product&#038;p=665"},"modified":"2026-03-24T12:42:51","modified_gmt":"2026-03-24T12:42:51","slug":"propper-series-100-8-waterproof-boot-herren-serie-100-wasserdichte-stiefel-203-cm","status":"publish","type":"product","link":"https:\/\/www.aps-eb.de\/cs\/categorie\/propper-series-100-8-waterproof-boot-herren-serie-100-wasserdichte-stiefel-203-cm\/","title":{"rendered":"Propper Series 100\u2122 ORIGINAL US-KAMPFSTIEFEL US-ARMEE US-EINSATZSTIEFEL &#8211; wasserdicht"},"content":{"rendered":"<h4>Propper Series 100\u2122 ORIGINAL US-KAMPFSTIEFEL US-ARMEE US-EINSATZSTIEFEL &#8211; wasserdicht<\/h4>\n<p>Vlo\u017eky do bot PREMIUM MEMORY FOAM poskytuj\u00ed optim\u00e1ln\u00ed pohodl\u00ed pro celodenn\u00ed no\u0161en\u00ed, zat\u00edmco p\u0159ilo\u017een\u00e9 omyvateln\u00e9 a odn\u00edmateln\u00e9 fit vlo\u017eky ZDARMA dod\u00e1vaj\u00ed va\u0161im noh\u00e1m extra odpru\u017een\u00ed a tvar, aby podpo\u0159ily oblouk a rozlo\u017eily v\u00e1hu. Propper Series 100 Coyote boty jsou AR-670 vojensk\u00e9 kompatibiln\u00ed a jsou zalo\u017eeny na skute\u010dn\u00fdch americk\u00fdch velikostech. Konstrukce oblouku odol\u00e1v\u00e1 opot\u0159eben\u00ed d\u00edky \u017eeb\u0159\u00edk\u016fm a rychl\u00e9mu sla\u0148ov\u00e1n\u00ed. Syst\u00e9m rychl\u00e9ho \u0161n\u011brov\u00e1n\u00ed umo\u017e\u0148uje rychl\u00e9 obl\u00e9k\u00e1n\u00ed a svl\u00e9k\u00e1n\u00ed. Antimikrobi\u00e1ln\u00ed pod\u0161\u00edvka podporuje prody\u0161nost a blokuje bakterie zp\u016fsobuj\u00edc\u00ed z\u00e1pach, \u010d\u00edm\u017e zvy\u0161uje sv\u011b\u017eest a prodlu\u017euje \u017eivotnost obuvi. Vysoce kvalitn\u00ed materi\u00e1ly z hov\u011bz\u00ed k\u016f\u017ee a nylonu vydr\u017e\u00ed v pr\u016fb\u011bhu \u010dasu a udr\u017e\u00ed v\u00e1s v pohybu.<\/p>\n<ul>\n<li>Pr\u00e9miov\u00e1 st\u00e9lka z pam\u011b\u0165ov\u00e9 p\u011bny<\/li>\n<li>Navr\u017eeno ve skute\u010dn\u00fdch americk\u00fdch velikostech pro vynikaj\u00edc\u00ed fit s vynikaj\u00edc\u00edm rozlo\u017een\u00edm hmotnosti pro celodenn\u00ed pohodl\u00ed<\/li>\n<li>Svr\u0161ek z hov\u011bz\u00ed k\u016f\u017ee podle AR 670-1 a 1000D nylonu<\/li>\n<li>Syst\u00e9m rychl\u00e9ho \u0161n\u011brov\u00e1n\u00ed odoln\u00fd proti t\u0159en\u00ed s 550 paracord \u0161n\u011brov\u00e1n\u00edm<\/li>\n<li>Konstrukce oblouku odol\u00e1v\u00e1 opot\u0159eben\u00ed d\u00edky \u017eeb\u0159\u00edk\u016fm a rychl\u00e9mu sla\u0148ov\u00e1n\u00ed<\/li>\n<li>Vzduchov\u00e1 s\u00ed\u0165ovina s otev\u0159en\u00fdmi bu\u0148kami zaji\u0161\u0165uje plnou cirkulaci vzduchu na chodidlech a maxim\u00e1ln\u00ed pohodl\u00ed<\/li>\n<li>Prody\u0161n\u00e1 pod\u0161\u00edvka odv\u00e1d\u00ed vlhkost a reguluje teplotu, o\u0161et\u0159en\u00e1 Aegis\u00ae, aby se zabr\u00e1nilo z\u00e1pachu<\/li>\n<li>Olejov\u00e1 a protiskluzov\u00e1 gumov\u00e1 pode\u0161ev pro vynikaj\u00edc\u00ed trakci a tlumen\u00ed n\u00e1raz\u016f<\/li>\n<li>Testov\u00e1no a schv\u00e1leno \u010dleny NATO<\/li>\n<li>V\u010detn\u011b voliteln\u00fdch fit vlo\u017eek ZDARMA<\/li>\n<li>Dovezen\u00e9<\/li>\n<\/ul>\n<p>Boty Propper\u00ae jsou navr\u017eeny pro dlouhotrvaj\u00edc\u00ed pohodl\u00ed a trvanlivost. V\u0161echny na\u0161e boty jsou zalo\u017eeny na skute\u010dn\u00fdch americk\u00fdch velikostech, aby bylo zaji\u0161t\u011bno dokonal\u00e9 uchycen\u00ed. Svr\u0161ek z k\u016f\u017ee a 1000D nylonu lze ut\u00e1hnout rychl\u00fdm a snadn\u00fdm syst\u00e9mem rychl\u00e9ho \u0161n\u011brov\u00e1n\u00ed. N\u00e1\u0161 pry\u017eov\u00fd z\u00e1klad s trojitou hustotou a odoln\u00fd oblouk ze sm\u011bsi odol\u00e1vaj\u00ed p\u0159\u00edsnostem rychl\u00e9ho sledov\u00e1n\u00ed. \u0158ada 100\u00ae nab\u00edz\u00ed vynikaj\u00edc\u00ed pom\u011br ceny a v\u00fdkonu pro obuv.<\/p>\n<p><b>Pozn\u00e1mka:<\/b>&nbsp;M = norm\u00e1ln\u00ed \u0161\u00ed\u0159ka ?? W = \u0161irok\u00e1 \u0161\u00ed\u0159ka<\/p>","protected":false},"excerpt":{"rendered":"<h4>Propper Series 100\u2122 ORIGINAL US-KAMPFSTIEFEL US-ARMEE US-EINSATZSTIEFEL &#8211; wasserdicht<\/h4>\n<p>Vlo\u017eky do bot PREMIUM MEMORY FOAM poskytuj\u00ed optim\u00e1ln\u00ed pohodl\u00ed pro celodenn\u00ed no\u0161en\u00ed, zat\u00edmco p\u0159ilo\u017een\u00e9 omyvateln\u00e9 a odn\u00edmateln\u00e9 fit vlo\u017eky ZDARMA dod\u00e1vaj\u00ed va\u0161im noh\u00e1m extra odpru\u017een\u00ed a tvar, aby podpo\u0159ily oblouk a rozlo\u017eily v\u00e1hu. Propper Series 100 Coyote boty jsou AR-670 vojensk\u00e9 kompatibiln\u00ed a jsou zalo\u017eeny na skute\u010dn\u00fdch americk\u00fdch velikostech. Konstrukce oblouku odol\u00e1v\u00e1 opot\u0159eben\u00ed d\u00edky \u017eeb\u0159\u00edk\u016fm a rychl\u00e9mu sla\u0148ov\u00e1n\u00ed. Syst\u00e9m rychl\u00e9ho \u0161n\u011brov\u00e1n\u00ed umo\u017e\u0148uje rychl\u00e9 obl\u00e9k\u00e1n\u00ed a svl\u00e9k\u00e1n\u00ed. Antimikrobi\u00e1ln\u00ed pod\u0161\u00edvka podporuje prody\u0161nost a blokuje bakterie zp\u016fsobuj\u00edc\u00ed z\u00e1pach, \u010d\u00edm\u017e zvy\u0161uje sv\u011b\u017eest a prodlu\u017euje \u017eivotnost obuvi. Vysoce kvalitn\u00ed materi\u00e1ly z hov\u011bz\u00ed k\u016f\u017ee a nylonu vydr\u017e\u00ed v pr\u016fb\u011bhu \u010dasu a udr\u017e\u00ed v\u00e1s v pohybu.<\/p>","protected":false},"featured_media":1134,"comment_status":"open","ping_status":"closed","template":"","meta":{"_rtcl_gb_attr":"","ngg_post_thumbnail":0},"product_brand":[],"product_cat":[333],"product_tag":[154,147,155,85,153],"class_list":{"0":"post-665","1":"product","2":"type-product","3":"status-publish","4":"has-post-thumbnail","6":"product_cat-schuhe","7":"product_tag-kampfstiefel","8":"product_tag-propper","9":"product_tag-springerstiefel","10":"product_tag-us-army","11":"product_tag-us-boots","13":"first","14":"instock","15":"taxable","16":"shipping-taxable","17":"purchasable","18":"product-type-variable"},"bundled_by":[],"bundle_stock_status":"instock","bundle_stock_quantity":10,"bundle_virtual":false,"bundle_layout":"","bundle_add_to_cart_form_location":"","bundle_editable_in_cart":false,"bundle_sold_individually_context":"","bundle_item_grouping":"","bundle_min_size":"","bundle_max_size":"","bundle_price":[],"bundled_items":[],"bundle_sell_ids":[],"jetpack_sharing_enabled":true,"_links":{"self":[{"href":"https:\/\/www.aps-eb.de\/cs\/wp-json\/wp\/v2\/product\/665","targetHints":{"allow":["GET"]}}],"collection":[{"href":"https:\/\/www.aps-eb.de\/cs\/wp-json\/wp\/v2\/product"}],"about":[{"href":"https:\/\/www.aps-eb.de\/cs\/wp-json\/wp\/v2\/types\/product"}],"replies":[{"embeddable":true,"href":"https:\/\/www.aps-eb.de\/cs\/wp-json\/wp\/v2\/comments?post=665"}],"wp:featuredmedia":[{"embeddable":true,"href":"https:\/\/www.aps-eb.de\/cs\/wp-json\/wp\/v2\/media\/1134"}],"wp:attachment":[{"href":"https:\/\/www.aps-eb.de\/cs\/wp-json\/wp\/v2\/media?parent=665"}],"wp:term":[{"taxonomy":"product_brand","embeddable":true,"href":"https:\/\/www.aps-eb.de\/cs\/wp-json\/wp\/v2\/product_brand?post=665"},{"taxonomy":"product_cat","embeddable":true,"href":"https:\/\/www.aps-eb.de\/cs\/wp-json\/wp\/v2\/product_cat?post=665"},{"taxonomy":"product_tag","embeddable":true,"href":"https:\/\/www.aps-eb.de\/cs\/wp-json\/wp\/v2\/product_tag?post=665"}],"curies":[{"name":"wp","href":"https:\/\/api.w.org\/{rel}","templated":true}]}}