{"id":6983,"date":"2025-11-20T12:35:28","date_gmt":"2025-11-20T12:35:28","guid":{"rendered":"https:\/\/www.aps-eb.de\/?post_type=product&#038;p=6983"},"modified":"2025-12-08T15:44:21","modified_gmt":"2025-12-08T15:44:21","slug":"beringer-wheel-rad-ra-003-3-50-4","status":"publish","type":"product","link":"https:\/\/www.aps-eb.de\/cs\/categorie\/beringer-wheel-rad-ra-003-3-50-4\/","title":{"rendered":"Beringer Wheel &#8211; Rad RA-003 &#8211; 3.50-4&#8243;"},"content":{"rendered":"<h2>Beringer Wheel &#8211; Rad RA-003 &#8211; 3.50-4&#8243;<\/h2>\n<div id=\"tw-container\" class=\"nev7se\" data-cp=\"1\" data-nnttsvi=\"1\" data-sletp=\"false\" data-sm=\"1\" data-ssbp=\"false\" data-sugg-time=\"500\" data-sugg-url=\"https:\/\/clients1.google.com\/complete\/search\" data-uilc=\"de\" data-vil=\",af,af-ZA,am,am-ET,ar-EG,ar-AE,ar-KW,ar-QA,ar,ar-IL,ar-JO,ar-LB,ar-PS,az,az-AZ,bg,bg-BG,bn,bn-BD,bn-IN,ca,ca-es,cs,cs-CZ,de,de-DE,de-CH,de-AT,de-LI,en,en-US,en-CA,en-AU,en-NZ,en-GB,en-IN,en-KE,en-TZ,en-NG,en-GH,en-PH,en-ZA,es,es-ES,es-AR,es-UY,es-419,es-BO,es-CL,es-CR,es-CO,es-DO,es-EC,es-GT,es-HN,es-NI,es-PA,es-PE,es-PR,es-PY,es-SV,es-VE,es-MX,es-US,eu,eu-ES,fi,fi-FI,fr,fr-FR,fr-CH,fr-BE,gl,gl-ES,gu,gu-IN,he,he-IL,iw,iw-IL,hu,hu-HU,hy,hy-AM,id,id-ID,is,is-IS,it,it-IT,it-CH,ja,ja-JP,jv,jv-ID,ka,ka-GE,km,km-KH,kn,kn-IN,ko,ko-KR,la,lo,lo-LA,lv,lv-LV,ml,ml-IN,mr,mr-IN,ms,ms-MY,nl,nl-NL,nb,nb-NO,ne,ne-NP,pl,pl-PL,pt,pt-BR,pt-PT,ro,ro-RO,ru,ru-RU,si-LK,sk,sk-SK,sr,sr-RS,su,su-ID,sv,sv-SE,sw,sw-TZ,sw-KE,ta,ta-IN,ta-SG,ta-LK,ta-MY,te,te-IN,tr,tr-TR,ur,ur-PK,ur-IN,yue,yue-HK,yue-Hant-HK,zh-HK,zh,zh-CN,zh-cmn,zh-cmn-CN,zh-Hans,zh-Hans-CN,zh-cmn-Hans,zh-cmn-Hans-CN,cmn-CN,cmn-Hans,cmn-Hans-CN,zh-TW,zh-Hant-TW,cmn-TW,cmn-Hant-TW,zh-cmn-TW,zh-cmn-Hant-TW,zu,zu-ZA,hi,hi-IN,tl,tl-PH,pa,pa-IN\">\n<div id=\"tw-ob\" class=\"tw-src-ltr\">\n<div class=\"oSioSc\">\n<div id=\"tw-target\">\n<div id=\"kAz1tf\" class=\"g9WsWb PZPZlf\" data-attrid=\"tw-targetArea\" data-entityname=\"Google Translate\">\n<div id=\"tw-target-text-container\" class=\"tw-ta-container tw-nfl\" tabindex=\"0\" role=\"text\">\n<h5 id=\"tw-target-text\" class=\"tw-data-text tw-text-large tw-ta\" dir=\"ltr\" tabindex=\"-1\" role=\"text\" data-placeholder=\"\u00dcbersetzung\" data-ved=\"2ahUKEwjcocms47yQAxW92wIHHfGDA4QQ3ewLegQICxAV\" aria-label=\"P\u0159elo\u017een\u00e9 zn\u011bn\u00ed: Obecn\u00e9 technick\u00e9 \u00fadaje: Kole\u010dko ve dvou polovin\u00e1ch Vyrobeno z vysoce pevn\u00e9ho hlin\u00edku, fr\u00e9zov\u00e1no z pevn\u00e9 anodizace s\u00edry Bezhrot\u00e9 pro v\u011bt\u0161\u00ed bezpe\u010dnost (O-krou\u017eek a tuh\u00fd ventil) Vodot\u011bsn\u00e1 lo\u017eiska \u2192 nen\u00ed nutn\u00e9 \u017e\u00e1dn\u00e9 p\u0159ebalov\u00e1n\u00ed (nerezov\u00e1 ocel je voliteln\u011b k dispozici) Patentovan\u00e9 brzdov\u00e9 t\u0159meny, Aerotec s p\u00edsty z nerezov\u00e9 oceli Slinut\u00e9 kovov\u00e9 brzdov\u00e9 desti\u010dky, namontovan\u00e9 na nosn\u00e9 desce Plovouc\u00ed brzdov\u00fd kotou\u010d Ocelov\u00e9 nebo hlin\u00edkov\u00e9 n\u00e1pravy Bezhrot\u00e9 pneumatiky Nerezov\u00e9 lo\u017eisko voliteln\u011b\"><span class=\"Y2IQFc\" lang=\"de\">Obecn\u00e9 technick\u00e9 \u00fadaje:<\/span><\/h5>\n<ul>\n<li class=\"tw-data-text tw-text-large tw-ta\" dir=\"ltr\" tabindex=\"-1\" role=\"text\" data-placeholder=\"\u00dcbersetzung\" data-ved=\"2ahUKEwjcocms47yQAxW92wIHHfGDA4QQ3ewLegQICxAV\" aria-label=\"P\u0159elo\u017een\u00e9 zn\u011bn\u00ed: Obecn\u00e9 technick\u00e9 \u00fadaje: Kole\u010dko ve dvou polovin\u00e1ch Vyrobeno z vysoce pevn\u00e9ho hlin\u00edku, fr\u00e9zov\u00e1no z pevn\u00e9 anodizace s\u00edry Bezhrot\u00e9 pro v\u011bt\u0161\u00ed bezpe\u010dnost (O-krou\u017eek a tuh\u00fd ventil) Vodot\u011bsn\u00e1 lo\u017eiska \u2192 nen\u00ed nutn\u00e9 \u017e\u00e1dn\u00e9 p\u0159ebalov\u00e1n\u00ed (nerezov\u00e1 ocel je voliteln\u011b k dispozici) Patentovan\u00e9 brzdov\u00e9 t\u0159meny, Aerotec s p\u00edsty z nerezov\u00e9 oceli Slinut\u00e9 kovov\u00e9 brzdov\u00e9 desti\u010dky, namontovan\u00e9 na nosn\u00e9 desce Plovouc\u00ed brzdov\u00fd kotou\u010d Ocelov\u00e9 nebo hlin\u00edkov\u00e9 n\u00e1pravy Bezhrot\u00e9 pneumatiky Nerezov\u00e9 lo\u017eisko voliteln\u011b\"><span class=\"Y2IQFc\" lang=\"de\">Kole\u010dko na dv\u011b poloviny <\/span><\/li>\n<li class=\"tw-data-text tw-text-large tw-ta\" dir=\"ltr\" tabindex=\"-1\" role=\"text\" data-placeholder=\"\u00dcbersetzung\" data-ved=\"2ahUKEwjcocms47yQAxW92wIHHfGDA4QQ3ewLegQICxAV\" aria-label=\"P\u0159elo\u017een\u00e9 zn\u011bn\u00ed: Obecn\u00e9 technick\u00e9 \u00fadaje: Kole\u010dko ve dvou polovin\u00e1ch Vyrobeno z vysoce pevn\u00e9ho hlin\u00edku, fr\u00e9zov\u00e1no z pevn\u00e9 anodizace s\u00edry Bezhrot\u00e9 pro v\u011bt\u0161\u00ed bezpe\u010dnost (O-krou\u017eek a tuh\u00fd ventil) Vodot\u011bsn\u00e1 lo\u017eiska \u2192 nen\u00ed nutn\u00e9 \u017e\u00e1dn\u00e9 p\u0159ebalov\u00e1n\u00ed (nerezov\u00e1 ocel je voliteln\u011b k dispozici) Patentovan\u00e9 brzdov\u00e9 t\u0159meny, Aerotec s p\u00edsty z nerezov\u00e9 oceli Slinut\u00e9 kovov\u00e9 brzdov\u00e9 desti\u010dky, namontovan\u00e9 na nosn\u00e9 desce Plovouc\u00ed brzdov\u00fd kotou\u010d Ocelov\u00e9 nebo hlin\u00edkov\u00e9 n\u00e1pravy Bezhrot\u00e9 pneumatiky Nerezov\u00e9 lo\u017eisko voliteln\u011b\"><span class=\"Y2IQFc\" lang=\"de\">Vyrobeno z vysokopevnostn\u00edho hlin\u00edku, fr\u00e9zov\u00e1no z pevn\u00e9ho materi\u00e1lu<\/span><\/li>\n<li class=\"tw-data-text tw-text-large tw-ta\" dir=\"ltr\" tabindex=\"-1\" role=\"text\" data-placeholder=\"\u00dcbersetzung\" data-ved=\"2ahUKEwjcocms47yQAxW92wIHHfGDA4QQ3ewLegQICxAV\" aria-label=\"P\u0159elo\u017een\u00e9 zn\u011bn\u00ed: Obecn\u00e9 technick\u00e9 \u00fadaje: Kole\u010dko ve dvou polovin\u00e1ch Vyrobeno z vysoce pevn\u00e9ho hlin\u00edku, fr\u00e9zov\u00e1no z pevn\u00e9 anodizace s\u00edry Bezhrot\u00e9 pro v\u011bt\u0161\u00ed bezpe\u010dnost (O-krou\u017eek a tuh\u00fd ventil) Vodot\u011bsn\u00e1 lo\u017eiska \u2192 nen\u00ed nutn\u00e9 \u017e\u00e1dn\u00e9 p\u0159ebalov\u00e1n\u00ed (nerezov\u00e1 ocel je voliteln\u011b k dispozici) Patentovan\u00e9 brzdov\u00e9 t\u0159meny, Aerotec s p\u00edsty z nerezov\u00e9 oceli Slinut\u00e9 kovov\u00e9 brzdov\u00e9 desti\u010dky, namontovan\u00e9 na nosn\u00e9 desce Plovouc\u00ed brzdov\u00fd kotou\u010d Ocelov\u00e9 nebo hlin\u00edkov\u00e9 n\u00e1pravy Bezhrot\u00e9 pneumatiky Nerezov\u00e9 lo\u017eisko voliteln\u011b\"><span class=\"Y2IQFc\" lang=\"de\">Eloxovan\u00e1 s\u00edra<\/span><\/li>\n<li class=\"tw-data-text tw-text-large tw-ta\" dir=\"ltr\" tabindex=\"-1\" role=\"text\" data-placeholder=\"\u00dcbersetzung\" data-ved=\"2ahUKEwjcocms47yQAxW92wIHHfGDA4QQ3ewLegQICxAV\" aria-label=\"P\u0159elo\u017een\u00e9 zn\u011bn\u00ed: Obecn\u00e9 technick\u00e9 \u00fadaje: Kole\u010dko ve dvou polovin\u00e1ch Vyrobeno z vysoce pevn\u00e9ho hlin\u00edku, fr\u00e9zov\u00e1no z pevn\u00e9 anodizace s\u00edry Bezhrot\u00e9 pro v\u011bt\u0161\u00ed bezpe\u010dnost (O-krou\u017eek a tuh\u00fd ventil) Vodot\u011bsn\u00e1 lo\u017eiska \u2192 nen\u00ed nutn\u00e9 \u017e\u00e1dn\u00e9 p\u0159ebalov\u00e1n\u00ed (nerezov\u00e1 ocel je voliteln\u011b k dispozici) Patentovan\u00e9 brzdov\u00e9 t\u0159meny, Aerotec s p\u00edsty z nerezov\u00e9 oceli Slinut\u00e9 kovov\u00e9 brzdov\u00e9 desti\u010dky, namontovan\u00e9 na nosn\u00e9 desce Plovouc\u00ed brzdov\u00fd kotou\u010d Ocelov\u00e9 nebo hlin\u00edkov\u00e9 n\u00e1pravy Bezhrot\u00e9 pneumatiky Nerezov\u00e9 lo\u017eisko voliteln\u011b\"><span class=\"Y2IQFc\" lang=\"de\">Bez hadice pro v\u011bt\u0161\u00ed bezpe\u010dnost (O-krou\u017eek a tuh\u00fd ventil)<\/span><\/li>\n<li class=\"tw-data-text tw-text-large tw-ta\" dir=\"ltr\" tabindex=\"-1\" role=\"text\" data-placeholder=\"\u00dcbersetzung\" data-ved=\"2ahUKEwjcocms47yQAxW92wIHHfGDA4QQ3ewLegQICxAV\" aria-label=\"P\u0159elo\u017een\u00e9 zn\u011bn\u00ed: Obecn\u00e9 technick\u00e9 \u00fadaje: Kole\u010dko ve dvou polovin\u00e1ch Vyrobeno z vysoce pevn\u00e9ho hlin\u00edku, fr\u00e9zov\u00e1no z pevn\u00e9 anodizace s\u00edry Bezhrot\u00e9 pro v\u011bt\u0161\u00ed bezpe\u010dnost (O-krou\u017eek a tuh\u00fd ventil) Vodot\u011bsn\u00e1 lo\u017eiska \u2192 nen\u00ed nutn\u00e9 \u017e\u00e1dn\u00e9 p\u0159ebalov\u00e1n\u00ed (nerezov\u00e1 ocel je voliteln\u011b k dispozici) Patentovan\u00e9 brzdov\u00e9 t\u0159meny, Aerotec s p\u00edsty z nerezov\u00e9 oceli Slinut\u00e9 kovov\u00e9 brzdov\u00e9 desti\u010dky, namontovan\u00e9 na nosn\u00e9 desce Plovouc\u00ed brzdov\u00fd kotou\u010d Ocelov\u00e9 nebo hlin\u00edkov\u00e9 n\u00e1pravy Bezhrot\u00e9 pneumatiky Nerezov\u00e9 lo\u017eisko voliteln\u011b\"><span class=\"Y2IQFc\" lang=\"de\">Vodot\u011bsn\u00e1 lo\u017eiska \u2192 nen\u00ed nutn\u00e9 \u017e\u00e1dn\u00e9 p\u0159ebalov\u00e1n\u00ed (nerezov\u00e1 ocel voliteln\u011b k dispozici)<\/span><\/li>\n<li class=\"tw-data-text tw-text-large tw-ta\" dir=\"ltr\" tabindex=\"-1\" role=\"text\" data-placeholder=\"\u00dcbersetzung\" data-ved=\"2ahUKEwjcocms47yQAxW92wIHHfGDA4QQ3ewLegQICxAV\" aria-label=\"P\u0159elo\u017een\u00e9 zn\u011bn\u00ed: Obecn\u00e9 technick\u00e9 \u00fadaje: Kole\u010dko ve dvou polovin\u00e1ch Vyrobeno z vysoce pevn\u00e9ho hlin\u00edku, fr\u00e9zov\u00e1no z pevn\u00e9 anodizace s\u00edry Bezhrot\u00e9 pro v\u011bt\u0161\u00ed bezpe\u010dnost (O-krou\u017eek a tuh\u00fd ventil) Vodot\u011bsn\u00e1 lo\u017eiska \u2192 nen\u00ed nutn\u00e9 \u017e\u00e1dn\u00e9 p\u0159ebalov\u00e1n\u00ed (nerezov\u00e1 ocel je voliteln\u011b k dispozici) Patentovan\u00e9 brzdov\u00e9 t\u0159meny, Aerotec s p\u00edsty z nerezov\u00e9 oceli Slinut\u00e9 kovov\u00e9 brzdov\u00e9 desti\u010dky, namontovan\u00e9 na nosn\u00e9 desce Plovouc\u00ed brzdov\u00fd kotou\u010d Ocelov\u00e9 nebo hlin\u00edkov\u00e9 n\u00e1pravy Bezhrot\u00e9 pneumatiky Nerezov\u00e9 lo\u017eisko voliteln\u011b\"><span class=\"Y2IQFc\" lang=\"de\">Patentovan\u00e9 brzdov\u00e9 t\u0159meny<\/span><\/li>\n<li class=\"tw-data-text tw-text-large tw-ta\" dir=\"ltr\" tabindex=\"-1\" role=\"text\" data-placeholder=\"\u00dcbersetzung\" data-ved=\"2ahUKEwjcocms47yQAxW92wIHHfGDA4QQ3ewLegQICxAV\" aria-label=\"P\u0159elo\u017een\u00e9 zn\u011bn\u00ed: Obecn\u00e9 technick\u00e9 \u00fadaje: Kole\u010dko ve dvou polovin\u00e1ch Vyrobeno z vysoce pevn\u00e9ho hlin\u00edku, fr\u00e9zov\u00e1no z pevn\u00e9 anodizace s\u00edry Bezhrot\u00e9 pro v\u011bt\u0161\u00ed bezpe\u010dnost (O-krou\u017eek a tuh\u00fd ventil) Vodot\u011bsn\u00e1 lo\u017eiska \u2192 nen\u00ed nutn\u00e9 \u017e\u00e1dn\u00e9 p\u0159ebalov\u00e1n\u00ed (nerezov\u00e1 ocel je voliteln\u011b k dispozici) Patentovan\u00e9 brzdov\u00e9 t\u0159meny, Aerotec s p\u00edsty z nerezov\u00e9 oceli Slinut\u00e9 kovov\u00e9 brzdov\u00e9 desti\u010dky, namontovan\u00e9 na nosn\u00e9 desce Plovouc\u00ed brzdov\u00fd kotou\u010d Ocelov\u00e9 nebo hlin\u00edkov\u00e9 n\u00e1pravy Bezhrot\u00e9 pneumatiky Nerezov\u00e9 lo\u017eisko voliteln\u011b\"><span class=\"Y2IQFc\" lang=\"de\">Aerotec s nerezov\u00fdm p\u00edstem<\/span><\/li>\n<li class=\"tw-data-text tw-text-large tw-ta\" dir=\"ltr\" tabindex=\"-1\" role=\"text\" data-placeholder=\"\u00dcbersetzung\" data-ved=\"2ahUKEwjcocms47yQAxW92wIHHfGDA4QQ3ewLegQICxAV\" aria-label=\"P\u0159elo\u017een\u00e9 zn\u011bn\u00ed: Obecn\u00e9 technick\u00e9 \u00fadaje: Kole\u010dko ve dvou polovin\u00e1ch Vyrobeno z vysoce pevn\u00e9ho hlin\u00edku, fr\u00e9zov\u00e1no z pevn\u00e9 anodizace s\u00edry Bezhrot\u00e9 pro v\u011bt\u0161\u00ed bezpe\u010dnost (O-krou\u017eek a tuh\u00fd ventil) Vodot\u011bsn\u00e1 lo\u017eiska \u2192 nen\u00ed nutn\u00e9 \u017e\u00e1dn\u00e9 p\u0159ebalov\u00e1n\u00ed (nerezov\u00e1 ocel je voliteln\u011b k dispozici) Patentovan\u00e9 brzdov\u00e9 t\u0159meny, Aerotec s p\u00edsty z nerezov\u00e9 oceli Slinut\u00e9 kovov\u00e9 brzdov\u00e9 desti\u010dky, namontovan\u00e9 na nosn\u00e9 desce Plovouc\u00ed brzdov\u00fd kotou\u010d Ocelov\u00e9 nebo hlin\u00edkov\u00e9 n\u00e1pravy Bezhrot\u00e9 pneumatiky Nerezov\u00e9 lo\u017eisko voliteln\u011b\"><span class=\"Y2IQFc\" lang=\"de\">Slinut\u00e9 kovov\u00e9 brzdov\u00e9 desti\u010dky, p\u0159ipevn\u011bn\u00e9 k nosn\u00e9 desce<\/span><\/li>\n<li class=\"tw-data-text tw-text-large tw-ta\" dir=\"ltr\" tabindex=\"-1\" role=\"text\" data-placeholder=\"\u00dcbersetzung\" data-ved=\"2ahUKEwjcocms47yQAxW92wIHHfGDA4QQ3ewLegQICxAV\" aria-label=\"P\u0159elo\u017een\u00e9 zn\u011bn\u00ed: Obecn\u00e9 technick\u00e9 \u00fadaje: Kole\u010dko ve dvou polovin\u00e1ch Vyrobeno z vysoce pevn\u00e9ho hlin\u00edku, fr\u00e9zov\u00e1no z pevn\u00e9 anodizace s\u00edry Bezhrot\u00e9 pro v\u011bt\u0161\u00ed bezpe\u010dnost (O-krou\u017eek a tuh\u00fd ventil) Vodot\u011bsn\u00e1 lo\u017eiska \u2192 nen\u00ed nutn\u00e9 \u017e\u00e1dn\u00e9 p\u0159ebalov\u00e1n\u00ed (nerezov\u00e1 ocel je voliteln\u011b k dispozici) Patentovan\u00e9 brzdov\u00e9 t\u0159meny, Aerotec s p\u00edsty z nerezov\u00e9 oceli Slinut\u00e9 kovov\u00e9 brzdov\u00e9 desti\u010dky, namontovan\u00e9 na nosn\u00e9 desce Plovouc\u00ed brzdov\u00fd kotou\u010d Ocelov\u00e9 nebo hlin\u00edkov\u00e9 n\u00e1pravy Bezhrot\u00e9 pneumatiky Nerezov\u00e9 lo\u017eisko voliteln\u011b\"><span class=\"Y2IQFc\" lang=\"de\">Plovouc\u00ed brzdov\u00fd kotou\u010d<\/span><\/li>\n<li class=\"tw-data-text tw-text-large tw-ta\" dir=\"ltr\" tabindex=\"-1\" role=\"text\" data-placeholder=\"\u00dcbersetzung\" data-ved=\"2ahUKEwjcocms47yQAxW92wIHHfGDA4QQ3ewLegQICxAV\" aria-label=\"P\u0159elo\u017een\u00e9 zn\u011bn\u00ed: Obecn\u00e9 technick\u00e9 \u00fadaje: Kole\u010dko ve dvou polovin\u00e1ch Vyrobeno z vysoce pevn\u00e9ho hlin\u00edku, fr\u00e9zov\u00e1no z pevn\u00e9 anodizace s\u00edry Bezhrot\u00e9 pro v\u011bt\u0161\u00ed bezpe\u010dnost (O-krou\u017eek a tuh\u00fd ventil) Vodot\u011bsn\u00e1 lo\u017eiska \u2192 nen\u00ed nutn\u00e9 \u017e\u00e1dn\u00e9 p\u0159ebalov\u00e1n\u00ed (nerezov\u00e1 ocel je voliteln\u011b k dispozici) Patentovan\u00e9 brzdov\u00e9 t\u0159meny, Aerotec s p\u00edsty z nerezov\u00e9 oceli Slinut\u00e9 kovov\u00e9 brzdov\u00e9 desti\u010dky, namontovan\u00e9 na nosn\u00e9 desce Plovouc\u00ed brzdov\u00fd kotou\u010d Ocelov\u00e9 nebo hlin\u00edkov\u00e9 n\u00e1pravy Bezhrot\u00e9 pneumatiky Nerezov\u00e9 lo\u017eisko voliteln\u011b\"><span class=\"Y2IQFc\" lang=\"de\">Ocelov\u00e9 nebo hlin\u00edkov\u00e9 n\u00e1pravy<\/span><\/li>\n<li class=\"tw-data-text tw-text-large tw-ta\" dir=\"ltr\" tabindex=\"-1\" role=\"text\" data-placeholder=\"\u00dcbersetzung\" data-ved=\"2ahUKEwjcocms47yQAxW92wIHHfGDA4QQ3ewLegQICxAV\" aria-label=\"P\u0159elo\u017een\u00e9 zn\u011bn\u00ed: Obecn\u00e9 technick\u00e9 \u00fadaje: Kole\u010dko ve dvou polovin\u00e1ch Vyrobeno z vysoce pevn\u00e9ho hlin\u00edku, fr\u00e9zov\u00e1no z pevn\u00e9 anodizace s\u00edry Bezhrot\u00e9 pro v\u011bt\u0161\u00ed bezpe\u010dnost (O-krou\u017eek a tuh\u00fd ventil) Vodot\u011bsn\u00e1 lo\u017eiska \u2192 nen\u00ed nutn\u00e9 \u017e\u00e1dn\u00e9 p\u0159ebalov\u00e1n\u00ed (nerezov\u00e1 ocel je voliteln\u011b k dispozici) Patentovan\u00e9 brzdov\u00e9 t\u0159meny, Aerotec s p\u00edsty z nerezov\u00e9 oceli Slinut\u00e9 kovov\u00e9 brzdov\u00e9 desti\u010dky, namontovan\u00e9 na nosn\u00e9 desce Plovouc\u00ed brzdov\u00fd kotou\u010d Ocelov\u00e9 nebo hlin\u00edkov\u00e9 n\u00e1pravy Bezhrot\u00e9 pneumatiky Nerezov\u00e9 lo\u017eisko voliteln\u011b\"><span class=\"Y2IQFc\" lang=\"de\">Pneumatiky bez bezdu\u0161ov\u00fdch pl\u00e1\u0161\u0165\u016f<\/span><\/li>\n<li class=\"tw-data-text tw-text-large tw-ta\" dir=\"ltr\" tabindex=\"-1\" role=\"text\" data-placeholder=\"\u00dcbersetzung\" data-ved=\"2ahUKEwjcocms47yQAxW92wIHHfGDA4QQ3ewLegQICxAV\" aria-label=\"P\u0159elo\u017een\u00e9 zn\u011bn\u00ed: Obecn\u00e9 technick\u00e9 \u00fadaje: Kole\u010dko ve dvou polovin\u00e1ch Vyrobeno z vysoce pevn\u00e9ho hlin\u00edku, fr\u00e9zov\u00e1no z pevn\u00e9 anodizace s\u00edry Bezhrot\u00e9 pro v\u011bt\u0161\u00ed bezpe\u010dnost (O-krou\u017eek a tuh\u00fd ventil) Vodot\u011bsn\u00e1 lo\u017eiska \u2192 nen\u00ed nutn\u00e9 \u017e\u00e1dn\u00e9 p\u0159ebalov\u00e1n\u00ed (nerezov\u00e1 ocel je voliteln\u011b k dispozici) Patentovan\u00e9 brzdov\u00e9 t\u0159meny, Aerotec s p\u00edsty z nerezov\u00e9 oceli Slinut\u00e9 kovov\u00e9 brzdov\u00e9 desti\u010dky, namontovan\u00e9 na nosn\u00e9 desce Plovouc\u00ed brzdov\u00fd kotou\u010d Ocelov\u00e9 nebo hlin\u00edkov\u00e9 n\u00e1pravy Bezhrot\u00e9 pneumatiky Nerezov\u00e9 lo\u017eisko voliteln\u011b\"><span class=\"Y2IQFc\" lang=\"de\">Nerezov\u00e9 lo\u017eisko voliteln\u00e9<\/span><\/li>\n<\/ul>\n<\/div>\n<table>\n<tbody>\n<tr>\n<td width=\"40\"><strong>kole\u010dko<\/strong><strong> P\/N<\/strong><\/td>\n<td width=\"39\">&nbsp;<\/p>\n<p><strong>Dimen-<\/strong><strong>sion<\/strong><\/td>\n<td width=\"22\"><strong>\u00f8<\/strong><\/td>\n<td width=\"48\">&nbsp;<\/p>\n<p><strong>Lager (Achse)<\/strong><\/td>\n<td width=\"52\"><strong>Ruhende<\/strong><strong> Belastung lbs (Kg)<\/strong><\/td>\n<td width=\"60\"><strong>Ho-<\/strong><strong>chgewicht-<\/strong><strong>belastung<\/strong><\/p>\n<p><strong>lbs <\/strong><strong>(kg)<\/strong><\/td>\n<td width=\"50\"><strong>kole\u010dko<\/strong><strong> Gewicht<\/strong><strong> lbs (Kg)<\/strong><\/td>\n<td width=\"65\"><strong>P\/N Achse <\/strong><strong>(Gabelmon-<\/strong><strong>tage)<\/strong><\/td>\n<td width=\"134\"><strong>Dimension Achse (Standardgr\u00f6sse &#8211; Andere <\/strong><strong>Gr\u00f6sse verf\u00fcgbar &#8211; Fragen Sie <\/strong><strong>uns)<\/strong><\/td>\n<\/tr>\n<tr>\n<td width=\"40\">&nbsp;<\/p>\n<p>RA-003<\/td>\n<td width=\"39\">&nbsp;<\/p>\n<p>3.50-4&#8243;<\/td>\n<td width=\"22\">&nbsp;<\/p>\n<p>4&#8243;<\/td>\n<td width=\"48\">&nbsp;<\/p>\n<p>\u00f820-\u00f815<\/td>\n<td width=\"52\">&nbsp;<\/p>\n<p>539 (245)<\/td>\n<td width=\"60\">&nbsp;<\/p>\n<p>1888 (856)<\/td>\n<td width=\"50\">&nbsp;<\/p>\n<p>1.36<\/p>\n<p>(0.620)<\/td>\n<td width=\"65\">AXP-003<\/p>\n<p>AXP-003.1<\/p>\n<p>AXP-003.2<\/p>\n<p>AXP-003.3<\/p>\n<p>AXP-003.4<\/td>\n<td width=\"134\">X = 111 \/ Z = 6,4<\/p>\n<p>X = 111 \/ Z = 8,2<\/p>\n<p>X = 89 \/ Z = 8,2<\/p>\n<p>Z=80 \/ Z=12,8<\/p>\n<p>X = 89 \/ Z = 6,2<\/td>\n<\/tr>\n<\/tbody>\n<\/table>\n<\/div>\n<\/div>\n<\/div>\n<\/div>\n<\/div>","protected":false},"excerpt":{"rendered":"<h2>Beringer Wheel &#8211; Rad RA-003 &#8211; 3.50-4&#8243;<\/h2>","protected":false},"featured_media":6979,"comment_status":"open","ping_status":"closed","template":"","meta":{"_rtcl_gb_attr":"","ngg_post_thumbnail":0},"product_brand":[431],"product_cat":[390],"product_tag":[391,387,122,118,389,386],"class_list":{"0":"post-6983","1":"product","2":"type-product","3":"status-publish","4":"has-post-thumbnail","6":"product_brand-beringer","7":"product_cat-beringer_wheel","8":"product_tag-beringer","9":"product_tag-breakpad","10":"product_tag-bremsbelag","11":"product_tag-bremsscheibe","12":"product_tag-felge","13":"product_tag-rad","15":"first","16":"instock","17":"taxable","18":"shipping-taxable","19":"purchasable","20":"product-type-bundle"},"bundled_by":[],"bundle_stock_status":"instock","bundle_stock_quantity":"","bundle_virtual":false,"bundle_layout":"grid","bundle_add_to_cart_form_location":"default","bundle_editable_in_cart":true,"bundle_sold_individually_context":"product","bundle_item_grouping":"parent","bundle_min_size":1,"bundle_max_size":"","bundle_price":{"price":{"min":{"incl_tax":"0.00","excl_tax":"0.00"},"max":{"incl_tax":"0.00","excl_tax":"0.00"}},"regular_price":{"min":{"incl_tax":"0.00","excl_tax":"0.00"},"max":{"incl_tax":"0.00","excl_tax":"0.00"}}},"bundled_items":[{"bundled_item_id":193,"product_id":5781,"menu_order":0,"quantity_min":1,"quantity_max":30,"quantity_default":1,"priced_individually":true,"shipped_individually":false,"override_title":true,"title":"Pos. 01","override_description":false,"description":"","optional":true,"hide_thumbnail":true,"discount":"","override_variations":false,"allowed_variations":[],"override_default_variation_attributes":false,"default_variation_attributes":[],"single_product_visibility":"visible","cart_visibility":"visible","order_visibility":"visible","single_product_price_visibility":"visible","cart_price_visibility":"visible","order_price_visibility":"visible","stock_status":"in_stock"},{"bundled_item_id":194,"product_id":5095,"menu_order":1,"quantity_min":1,"quantity_max":30,"quantity_default":1,"priced_individually":true,"shipped_individually":false,"override_title":true,"title":"Pos. 02","override_description":false,"description":"","optional":true,"hide_thumbnail":true,"discount":"","override_variations":false,"allowed_variations":[],"override_default_variation_attributes":false,"default_variation_attributes":[],"single_product_visibility":"visible","cart_visibility":"visible","order_visibility":"visible","single_product_price_visibility":"visible","cart_price_visibility":"visible","order_price_visibility":"visible","stock_status":"in_stock"},{"bundled_item_id":195,"product_id":3950,"menu_order":2,"quantity_min":1,"quantity_max":30,"quantity_default":1,"priced_individually":true,"shipped_individually":false,"override_title":true,"title":"Pos. 04","override_description":false,"description":"","optional":true,"hide_thumbnail":true,"discount":"","override_variations":false,"allowed_variations":[],"override_default_variation_attributes":false,"default_variation_attributes":[],"single_product_visibility":"visible","cart_visibility":"visible","order_visibility":"visible","single_product_price_visibility":"visible","cart_price_visibility":"visible","order_price_visibility":"visible","stock_status":"in_stock"},{"bundled_item_id":196,"product_id":5264,"menu_order":3,"quantity_min":1,"quantity_max":30,"quantity_default":1,"priced_individually":true,"shipped_individually":false,"override_title":true,"title":"Pos. 06","override_description":false,"description":"","optional":true,"hide_thumbnail":true,"discount":"","override_variations":false,"allowed_variations":[],"override_default_variation_attributes":false,"default_variation_attributes":[],"single_product_visibility":"visible","cart_visibility":"visible","order_visibility":"visible","single_product_price_visibility":"visible","cart_price_visibility":"visible","order_price_visibility":"visible","stock_status":"in_stock"},{"bundled_item_id":197,"product_id":5854,"menu_order":4,"quantity_min":1,"quantity_max":30,"quantity_default":1,"priced_individually":true,"shipped_individually":false,"override_title":true,"title":"Pos. 07","override_description":false,"description":"","optional":true,"hide_thumbnail":true,"discount":"","override_variations":false,"allowed_variations":[],"override_default_variation_attributes":false,"default_variation_attributes":[],"single_product_visibility":"visible","cart_visibility":"visible","order_visibility":"visible","single_product_price_visibility":"visible","cart_price_visibility":"visible","order_price_visibility":"visible","stock_status":"in_stock"},{"bundled_item_id":198,"product_id":5810,"menu_order":5,"quantity_min":1,"quantity_max":30,"quantity_default":1,"priced_individually":true,"shipped_individually":false,"override_title":true,"title":"Pos. 08","override_description":false,"description":"","optional":true,"hide_thumbnail":true,"discount":"","override_variations":false,"allowed_variations":[],"override_default_variation_attributes":false,"default_variation_attributes":[],"single_product_visibility":"visible","cart_visibility":"visible","order_visibility":"visible","single_product_price_visibility":"visible","cart_price_visibility":"visible","order_price_visibility":"visible","stock_status":"in_stock"},{"bundled_item_id":199,"product_id":5093,"menu_order":6,"quantity_min":1,"quantity_max":30,"quantity_default":1,"priced_individually":true,"shipped_individually":false,"override_title":true,"title":"Pos. 09","override_description":false,"description":"","optional":true,"hide_thumbnail":true,"discount":"","override_variations":false,"allowed_variations":[],"override_default_variation_attributes":false,"default_variation_attributes":[],"single_product_visibility":"visible","cart_visibility":"visible","order_visibility":"visible","single_product_price_visibility":"visible","cart_price_visibility":"visible","order_price_visibility":"visible","stock_status":"in_stock"},{"bundled_item_id":200,"product_id":5263,"menu_order":7,"quantity_min":1,"quantity_max":30,"quantity_default":1,"priced_individually":true,"shipped_individually":false,"override_title":true,"title":"Pos. 10","override_description":false,"description":"","optional":true,"hide_thumbnail":true,"discount":"","override_variations":false,"allowed_variations":[],"override_default_variation_attributes":false,"default_variation_attributes":[],"single_product_visibility":"visible","cart_visibility":"visible","order_visibility":"visible","single_product_price_visibility":"visible","cart_price_visibility":"visible","order_price_visibility":"visible","stock_status":"in_stock"},{"bundled_item_id":201,"product_id":5856,"menu_order":8,"quantity_min":1,"quantity_max":30,"quantity_default":1,"priced_individually":true,"shipped_individually":false,"override_title":true,"title":"Pos. 11","override_description":false,"description":"","optional":true,"hide_thumbnail":true,"discount":"","override_variations":false,"allowed_variations":[],"override_default_variation_attributes":false,"default_variation_attributes":[],"single_product_visibility":"visible","cart_visibility":"visible","order_visibility":"visible","single_product_price_visibility":"visible","cart_price_visibility":"visible","order_price_visibility":"visible","stock_status":"in_stock"},{"bundled_item_id":202,"product_id":6698,"menu_order":9,"quantity_min":1,"quantity_max":30,"quantity_default":5,"priced_individually":true,"shipped_individually":false,"override_title":true,"title":"Pos. 12","override_description":false,"description":"","optional":true,"hide_thumbnail":true,"discount":"","override_variations":false,"allowed_variations":[],"override_default_variation_attributes":false,"default_variation_attributes":[],"single_product_visibility":"visible","cart_visibility":"visible","order_visibility":"visible","single_product_price_visibility":"visible","cart_price_visibility":"visible","order_price_visibility":"visible","stock_status":"in_stock"}],"bundle_sell_ids":[],"jetpack_sharing_enabled":true,"_links":{"self":[{"href":"https:\/\/www.aps-eb.de\/cs\/wp-json\/wp\/v2\/product\/6983","targetHints":{"allow":["GET"]}}],"collection":[{"href":"https:\/\/www.aps-eb.de\/cs\/wp-json\/wp\/v2\/product"}],"about":[{"href":"https:\/\/www.aps-eb.de\/cs\/wp-json\/wp\/v2\/types\/product"}],"replies":[{"embeddable":true,"href":"https:\/\/www.aps-eb.de\/cs\/wp-json\/wp\/v2\/comments?post=6983"}],"wp:featuredmedia":[{"embeddable":true,"href":"https:\/\/www.aps-eb.de\/cs\/wp-json\/wp\/v2\/media\/6979"}],"wp:attachment":[{"href":"https:\/\/www.aps-eb.de\/cs\/wp-json\/wp\/v2\/media?parent=6983"}],"wp:term":[{"taxonomy":"product_brand","embeddable":true,"href":"https:\/\/www.aps-eb.de\/cs\/wp-json\/wp\/v2\/product_brand?post=6983"},{"taxonomy":"product_cat","embeddable":true,"href":"https:\/\/www.aps-eb.de\/cs\/wp-json\/wp\/v2\/product_cat?post=6983"},{"taxonomy":"product_tag","embeddable":true,"href":"https:\/\/www.aps-eb.de\/cs\/wp-json\/wp\/v2\/product_tag?post=6983"}],"curies":[{"name":"wp","href":"https:\/\/api.w.org\/{rel}","templated":true}]}}