{"id":892,"date":"2023-06-01T12:46:38","date_gmt":"2023-06-01T12:46:38","guid":{"rendered":"https:\/\/aps-eb.de\/?post_type=product&#038;p=892"},"modified":"2025-10-11T08:18:46","modified_gmt":"2025-10-11T08:18:46","slug":"erweiterbarer-rucksack","status":"publish","type":"product","link":"https:\/\/www.aps-eb.de\/cs\/categorie\/erweiterbarer-rucksack\/","title":{"rendered":"Roz\u0161i\u0159iteln\u00fd batoh"},"content":{"rendered":"<h4 id=\"tw-target-text\" class=\"tw-data-text tw-text-large tw-ta\" dir=\"ltr\" data-placeholder=\"Translation\"><span class=\"Y2IQFc\" lang=\"de\">Roz\u0161i\u0159iteln\u00fd batoh<\/span><\/h4>\n<ul>\n<li>100 % nylonu<\/li>\n<li>roz\u0161i\u0159iteln\u00e9 pro dodate\u010dnou kapacitu<\/li>\n<li>MOLLE-kompatibiln\u00ed popruh pro individu\u00e1ln\u00ed nastaven\u00ed<\/li>\n<li>Dv\u011b vn\u011bj\u0161\u00ed p\u0159edn\u00ed kapsy s vnit\u0159n\u00ed organizac\u00ed<\/li>\n<li>vnit\u0159n\u00ed kl\u00ed\u010d p\u0159idr\u017eovac\u00ed klip<\/li>\n<li>Bo\u010dn\u00ed kapsy se zipem mohou b\u00fdt prodlou\u017eeny a nab\u00edzej\u00ed prostor pro l\u00e1hev nebo telefon<\/li>\n<li>Polstrovan\u00e9, nastaviteln\u00e9 ramenn\u00ed popruhy a nastaviteln\u00fd hrudn\u00ed popruh<\/li>\n<li>Pitn\u00fd syst\u00e9m kompatibiln\u00ed<\/li>\n<li>Velk\u00e9 vnit\u0159n\u00ed kapsy pro organizaci<\/li>\n<li>Kontrastn\u00ed pod\u0161\u00edvka pro lep\u0161\u00ed viditelnost<\/li>\n<li>Zadn\u00ed prostor pro notebook<\/li>\n<li>Pole vn\u011bj\u0161\u00ed smy\u010dky pro z\u00e1platy<\/li>\n<li>Testov\u00e1no a schv\u00e1leno \u010dleny NTOA<\/li>\n<li>Dovezen\u00e9<\/li>\n<\/ul>\n<p>Univerz\u00e1ln\u00ed roz\u0161i\u0159iteln\u00fd batoh je perfektn\u00ed batoh pro ka\u017edou misi. Tento vysoce kvalitn\u00ed a odoln\u00fd batoh nab\u00edz\u00ed maxim\u00e1ln\u00ed nosnost a organizaci pro optim\u00e1ln\u00ed skladov\u00e1n\u00ed vybaven\u00ed s 2palcov\u00fdm prodlou\u017een\u00edm, kdy\u017e ho pot\u0159ebujete. Polstrovan\u00fd zadn\u00ed prostor s dvojit\u00fdm p\u0159\u00edstupem poskytuje bezpe\u010dnou ochranu. Polstrovan\u00e9 ramenn\u00ed popruhy a nastaviteln\u00fd hrudn\u00ed popruh umo\u017e\u0148uj\u00ed vynikaj\u00edc\u00ed celodenn\u00ed pohodl\u00ed a rozlo\u017een\u00ed hmotnosti. A krom\u011b toho je tato ta\u0161ka ide\u00e1ln\u00ed pro cestov\u00e1n\u00ed, proto\u017ee m\u016f\u017ee b\u00fdt pohodln\u011b ulo\u017eena pod sedadly letadla.<\/p>","protected":false},"excerpt":{"rendered":"<h4 id=\"tw-target-text\" class=\"tw-data-text tw-text-large tw-ta\" dir=\"ltr\" data-placeholder=\"Translation\"><span class=\"Y2IQFc\" lang=\"de\">Roz\u0161i\u0159iteln\u00fd batoh<\/span><\/h4>","protected":false},"featured_media":901,"comment_status":"open","ping_status":"closed","template":"","meta":{"_rtcl_gb_attr":"","ngg_post_thumbnail":0},"product_brand":[],"product_cat":[330],"product_tag":[152,85],"class_list":{"0":"post-892","1":"product","2":"type-product","3":"status-publish","4":"has-post-thumbnail","6":"product_cat-taschen-backpacks","7":"product_tag-rucksack","8":"product_tag-us-army","9":"pa_farbe-coyote","10":"pa_farbe-schwarz","12":"first","13":"instock","14":"taxable","15":"shipping-taxable","16":"purchasable","17":"product-type-variable"},"bundled_by":[],"bundle_stock_status":"instock","bundle_stock_quantity":10,"bundle_virtual":false,"bundle_layout":"","bundle_add_to_cart_form_location":"","bundle_editable_in_cart":false,"bundle_sold_individually_context":"","bundle_item_grouping":"","bundle_min_size":"","bundle_max_size":"","bundle_price":[],"bundled_items":[],"bundle_sell_ids":[],"jetpack_sharing_enabled":true,"_links":{"self":[{"href":"https:\/\/www.aps-eb.de\/cs\/wp-json\/wp\/v2\/product\/892","targetHints":{"allow":["GET"]}}],"collection":[{"href":"https:\/\/www.aps-eb.de\/cs\/wp-json\/wp\/v2\/product"}],"about":[{"href":"https:\/\/www.aps-eb.de\/cs\/wp-json\/wp\/v2\/types\/product"}],"replies":[{"embeddable":true,"href":"https:\/\/www.aps-eb.de\/cs\/wp-json\/wp\/v2\/comments?post=892"}],"wp:featuredmedia":[{"embeddable":true,"href":"https:\/\/www.aps-eb.de\/cs\/wp-json\/wp\/v2\/media\/901"}],"wp:attachment":[{"href":"https:\/\/www.aps-eb.de\/cs\/wp-json\/wp\/v2\/media?parent=892"}],"wp:term":[{"taxonomy":"product_brand","embeddable":true,"href":"https:\/\/www.aps-eb.de\/cs\/wp-json\/wp\/v2\/product_brand?post=892"},{"taxonomy":"product_cat","embeddable":true,"href":"https:\/\/www.aps-eb.de\/cs\/wp-json\/wp\/v2\/product_cat?post=892"},{"taxonomy":"product_tag","embeddable":true,"href":"https:\/\/www.aps-eb.de\/cs\/wp-json\/wp\/v2\/product_tag?post=892"}],"curies":[{"name":"wp","href":"https:\/\/api.w.org\/{rel}","templated":true}]}}