{"id":917,"date":"2023-06-07T09:46:34","date_gmt":"2023-06-07T09:46:34","guid":{"rendered":"https:\/\/aps-eb.de\/?post_type=product&#038;p=917"},"modified":"2025-11-17T08:31:54","modified_gmt":"2025-11-17T08:31:54","slug":"propper-herren-bdu-shorts","status":"publish","type":"product","link":"https:\/\/www.aps-eb.de\/cs\/categorie\/propper-herren-bdu-shorts\/","title":{"rendered":"Origin\u00e1ln\u00ed US Kr\u00e1tk\u00e9 maskovac\u00ed kalhoty BDU - Propper\u00ae"},"content":{"rendered":"<h4>P\u00e1nsk\u00e9 kr\u00e1tk\u00e9 maskovac\u00ed kalhoty Propper\u00ae BDU<\/h4>\n<ul class=\"a-unordered-list a-vertical a-spacing-mini\">\n<li>Battle Rip\u00ae 65 % Polyesterov\u00e1 \/ 35 % Bavln\u011bn\u00fd ripstop<\/li>\n<li>100 % Ripstop bavlna<\/li>\n<li>nastaviteln\u00e9 pasov\u00e9 z\u00e1lo\u017eky pro bezpe\u010dn\u00e9 uchycen\u00ed<\/li>\n<li>Uzav\u0159en\u00e9 \u0161vy pro dlouhou \u017eivotnost<\/li>\n<li>zes\u00edlen\u00e9 sedadlo<\/li>\n<li>sva\u0159ovan\u00e9 kapesn\u00ed klopy pro \u010dist\u00fd, profesion\u00e1ln\u00ed vzhled<\/li>\n<li>6 kapes (\u010dty\u0159i s knofl\u00edkovou li\u0161tou)<\/li>\n<li>Odvod\u0148ovac\u00ed otvory v m\u011bchov\u00fdch kaps\u00e1ch<\/li>\n<li>sva\u0159ovan\u00e9 kapesn\u00ed klopy pro \u010dist\u00fd, profesion\u00e1ln\u00ed vzhled<\/li>\n<li>Dovezen\u00e9<\/li>\n<\/ul>","protected":false},"excerpt":{"rendered":"<h4>P\u00e1nsk\u00e9 kr\u00e1tk\u00e9 maskovac\u00ed kalhoty Propper\u00ae BDU<\/h4>","protected":false},"featured_media":1046,"comment_status":"open","ping_status":"closed","template":"","meta":{"_rtcl_gb_attr":"","ngg_post_thumbnail":0},"product_brand":[],"product_cat":[331],"product_tag":[84],"class_list":{"0":"post-917","1":"product","2":"type-product","3":"status-publish","4":"has-post-thumbnail","6":"product_cat-hosen","7":"product_tag-tarnhose","8":"pa_groesse-l","9":"pa_groesse-m","10":"pa_groesse-s","11":"pa_groesse-xl","12":"pa_groesse-xxl","14":"first","15":"instock","16":"taxable","17":"shipping-taxable","18":"purchasable","19":"product-type-variable","20":"has-default-attributes"},"bundled_by":[],"bundle_stock_status":"instock","bundle_stock_quantity":9,"bundle_virtual":false,"bundle_layout":"","bundle_add_to_cart_form_location":"","bundle_editable_in_cart":false,"bundle_sold_individually_context":"","bundle_item_grouping":"","bundle_min_size":"","bundle_max_size":"","bundle_price":[],"bundled_items":[],"bundle_sell_ids":[],"jetpack_sharing_enabled":true,"_links":{"self":[{"href":"https:\/\/www.aps-eb.de\/cs\/wp-json\/wp\/v2\/product\/917","targetHints":{"allow":["GET"]}}],"collection":[{"href":"https:\/\/www.aps-eb.de\/cs\/wp-json\/wp\/v2\/product"}],"about":[{"href":"https:\/\/www.aps-eb.de\/cs\/wp-json\/wp\/v2\/types\/product"}],"replies":[{"embeddable":true,"href":"https:\/\/www.aps-eb.de\/cs\/wp-json\/wp\/v2\/comments?post=917"}],"wp:featuredmedia":[{"embeddable":true,"href":"https:\/\/www.aps-eb.de\/cs\/wp-json\/wp\/v2\/media\/1046"}],"wp:attachment":[{"href":"https:\/\/www.aps-eb.de\/cs\/wp-json\/wp\/v2\/media?parent=917"}],"wp:term":[{"taxonomy":"product_brand","embeddable":true,"href":"https:\/\/www.aps-eb.de\/cs\/wp-json\/wp\/v2\/product_brand?post=917"},{"taxonomy":"product_cat","embeddable":true,"href":"https:\/\/www.aps-eb.de\/cs\/wp-json\/wp\/v2\/product_cat?post=917"},{"taxonomy":"product_tag","embeddable":true,"href":"https:\/\/www.aps-eb.de\/cs\/wp-json\/wp\/v2\/product_tag?post=917"}],"curies":[{"name":"wp","href":"https:\/\/api.w.org\/{rel}","templated":true}]}}