{"id":14310,"date":"2025-12-21T16:05:32","date_gmt":"2025-12-21T16:05:32","guid":{"rendered":"https:\/\/www.aps-eb.de\/?post_type=product&#038;p=14310"},"modified":"2025-12-21T17:33:36","modified_gmt":"2025-12-21T17:33:36","slug":"rucksack-recon-35-ltr","status":"publish","type":"product","link":"https:\/\/www.aps-eb.de\/en\/categorie\/rucksack-recon-35-ltr\/","title":{"rendered":"Rucksack recon 35 Ltr."},"content":{"rendered":"<div class=\"info-block--item\">\n<h4><span style=\"font-size: 10pt;\"><strong>Description:<\/strong><\/span><\/h4>\n<div>\n<p><span style=\"font-size: 10pt;\"><big>Der Rucksack Recon ist ein bequemer Toplader-Rucksack aus 100% Polyester. Die Tasche bietet 35 Liter Stauraum in einem gro\u00dfen Ablagefach zur Aufbewahrung von Gegenst\u00e4nden.<\/p>\n<p>Der Rucksack hat eine bequeme Netzpolsterung und mit Mesh gef\u00fctterte Tragegurte.<br \/>\nAusgestattet mit integriertem Regenschutz und zwei Seitentaschen mit Rei\u00dfverschluss.<\/big><\/span><\/p>\n<p><span style=\"font-size: 10pt;\"><strong><big>Characteristics:<\/big><\/strong><\/span><\/p>\n<ul>\n<li><span style=\"font-size: 10pt;\"><big>Komfortable netz r\u00fcckenpolsterung (Netz zur Bel\u00fcftung)<\/big><\/span><\/li>\n<li><span style=\"font-size: 10pt;\"><big>Verstellbare und bequeme Tragegurte<\/big><\/span><\/li>\n<li><span style=\"font-size: 10pt;\"><big>Ausgestattet mit H\u00fcftgurt und Brustgurt<\/big><\/span><\/li>\n<li><span style=\"font-size: 10pt;\"><big>Eingebaute Regenh\u00fclle<\/big><\/span><\/li>\n<li><span style=\"font-size: 10pt;\"><big>Handliche Seitentaschen mit Rei\u00dfverschluss<\/big><\/span><\/li>\n<li><span style=\"font-size: 10pt;\"><big>Leichtes und robustes Design<\/big><\/span><\/li>\n<li><span style=\"font-size: 10pt;\"><big>Toploader Design<\/big><\/span><\/li>\n<li><span style=\"font-size: 10pt;\"><big>Ausgestattet mit verschiedenen Montagem\u00f6glichkeiten f\u00fcr Zubeh\u00f6r<\/big><\/span><\/li>\n<\/ul>\n<p><span style=\"font-size: 10pt;\"><big><strong>Abmessungen:&nbsp;<\/strong>28 x 18 x 60 cm<br \/>\n<strong>Fassungsverm\u00f6gen:&nbsp;<\/strong>35 Liter<\/big><\/span><\/p>\n<\/div>\n<\/div>\n<div class=\"info-block--item\">\n<div><span style=\"font-size: 10pt;\">Gewicht (gr):<\/span><\/div>\n<div><span style=\"font-size: 10pt;\">1450.00<\/span><\/div>\n<\/div>\n<div class=\"info-block--item\">\n<div><span style=\"font-size: 10pt;\">Marke:<\/span><\/div>\n<div><span style=\"font-size: 10pt;\">Fostex Garments<\/span><\/div>\n<\/div>\n<div class=\"info-block--item\">\n<div><span style=\"font-size: 10pt;\">Material:<\/span><\/div>\n<div><span style=\"font-size: 10pt;\">100% polyester<\/span><\/div>\n<\/div>\n<div class=\"info-block--item\">\n<div><span style=\"font-size: 10pt;\">Logo:<\/span><\/div>\n<div><span style=\"font-size: 12pt;\"><a class=\"semantic_image_link\" href=\"https:\/\/www.vanosimports.com\/de\/fostex-garments\/rucksack-recon-35-ltr\/351632.html\" data-bs-toggle=\"modal\" data-bs-target=\".stock-modal\" data-image=\"https:\/\/plm.vanosimports.com\/media\/uploads\/product_files\/10657_75cf89871532893331442c204fc589e2ff8feee7.png\" data-image-title=\"Logo\"><img decoding=\"async\" src=\"https:\/\/plm.vanosimports.com\/media\/uploads\/product_files\/10657_75cf89871532893331442c204fc589e2ff8feee7.png?&amp;height=50\"><\/a><\/span><\/div>\n<\/div>","protected":false},"excerpt":{"rendered":"<p>Beschreibung: Der Rucksack Recon ist ein bequemer Toplader-Rucksack aus 100% Polyester. Die Tasche bietet 35 Liter Stauraum in einem gro\u00dfen<\/p>","protected":false},"featured_media":13931,"comment_status":"closed","ping_status":"closed","template":"","meta":{"_rtcl_gb_attr":"","ngg_post_thumbnail":0},"product_brand":[432],"product_cat":[330],"product_tag":[152],"class_list":{"0":"post-14310","1":"product","2":"type-product","3":"status-publish","4":"has-post-thumbnail","6":"product_brand-fostex-garments","7":"product_cat-taschen-backpacks","8":"product_tag-rucksack","10":"first","11":"instock","12":"taxable","13":"shipping-taxable","14":"purchasable","15":"product-type-variable"},"bundled_by":[],"bundle_stock_status":"instock","bundle_stock_quantity":5,"bundle_virtual":false,"bundle_layout":"","bundle_add_to_cart_form_location":"","bundle_editable_in_cart":false,"bundle_sold_individually_context":"","bundle_item_grouping":"","bundle_min_size":"","bundle_max_size":"","bundle_price":[],"bundled_items":[],"bundle_sell_ids":[],"jetpack_sharing_enabled":true,"_links":{"self":[{"href":"https:\/\/www.aps-eb.de\/en\/wp-json\/wp\/v2\/product\/14310","targetHints":{"allow":["GET"]}}],"collection":[{"href":"https:\/\/www.aps-eb.de\/en\/wp-json\/wp\/v2\/product"}],"about":[{"href":"https:\/\/www.aps-eb.de\/en\/wp-json\/wp\/v2\/types\/product"}],"replies":[{"embeddable":true,"href":"https:\/\/www.aps-eb.de\/en\/wp-json\/wp\/v2\/comments?post=14310"}],"wp:featuredmedia":[{"embeddable":true,"href":"https:\/\/www.aps-eb.de\/en\/wp-json\/wp\/v2\/media\/13931"}],"wp:attachment":[{"href":"https:\/\/www.aps-eb.de\/en\/wp-json\/wp\/v2\/media?parent=14310"}],"wp:term":[{"taxonomy":"product_brand","embeddable":true,"href":"https:\/\/www.aps-eb.de\/en\/wp-json\/wp\/v2\/product_brand?post=14310"},{"taxonomy":"product_cat","embeddable":true,"href":"https:\/\/www.aps-eb.de\/en\/wp-json\/wp\/v2\/product_cat?post=14310"},{"taxonomy":"product_tag","embeddable":true,"href":"https:\/\/www.aps-eb.de\/en\/wp-json\/wp\/v2\/product_tag?post=14310"}],"curies":[{"name":"wp","href":"https:\/\/api.w.org\/{rel}","templated":true}]}}