{"id":18007,"date":"2025-12-23T15:21:41","date_gmt":"2025-12-23T15:21:41","guid":{"rendered":"https:\/\/www.aps-eb.de\/?post_type=product&#038;p=18007"},"modified":"2025-12-23T18:46:01","modified_gmt":"2025-12-23T18:46:01","slug":"robuste-fleeceweste","status":"publish","type":"product","link":"https:\/\/www.aps-eb.de\/en\/categorie\/robuste-fleeceweste\/","title":{"rendered":"Robuste Fleeceweste"},"content":{"rendered":"<p><span style=\"font-size: 10pt;\"><big>Fleece Weste aus 100% Polyester.<\/big><\/span><\/p>\n<p><span style=\"font-size: 10pt;\"><strong><big>Merkmalle:<\/big><\/strong><\/span><\/p>\n<ul>\n<li><span style=\"font-size: 10pt;\"><big>Unter beiden Achseln ist ein Rei\u00dfverschlu\u00df f\u00fcr Ventilation.<\/big><\/span><\/li>\n<li><span style=\"font-size: 10pt;\"><big>Verst\u00e4rkte Schultern und Ellenbogen.<\/big><\/span><\/li>\n<li><span style=\"font-size: 10pt;\"><big>2 Taschen am linken \u00c4rmel.<\/big><\/span><\/li>\n<li><span style=\"font-size: 10pt;\"><big>1 Tasche am rechten \u00c4rmel.<\/big><\/span><\/li>\n<li><span style=\"font-size: 10pt;\"><big>2 Taschen auf der Vorderseite und 1 gro\u00dfe Tasche auf der R\u00fcckseite.<\/big><\/span><\/li>\n<li><span style=\"font-size: 10pt;\"><big>Auch hat die Jacke 1 Innentasche, die mit einem Rei\u00dfverschlu\u00df verschlossen werden kann.<\/big><\/span><\/li>\n<li><span style=\"font-size: 10pt;\"><big>Es ist m\u00f6glich Patches mit Velcro sowohl auf der Vorderseite auf den \u00c4rmeln zu befestigen.<\/big><\/span><\/li>\n<li><span style=\"font-size: 10pt;\"><big>Die Weste hat eine elastische Kordel mit Lockern f\u00fcr die Taille.<\/big><\/span><\/li>\n<li><span style=\"font-size: 10pt;\"><big>YKK Rei\u00dfverschl\u00fcsse.<\/big><\/span><\/li>\n<li><span style=\"font-size: 10pt;\"><big>Ohne Kapuze<\/big><\/span><\/li>\n<\/ul>","protected":false},"excerpt":{"rendered":"<p>Fleece Weste aus 100% Polyester. Merkmalle: Unter beiden Achseln ist ein Rei\u00dfverschlu\u00df f\u00fcr Ventilation. Verst\u00e4rkte Schultern und Ellenbogen. 2 Taschen<\/p>","protected":false},"featured_media":18361,"comment_status":"open","ping_status":"closed","template":"","meta":{"_rtcl_gb_attr":"","ngg_post_thumbnail":0},"product_brand":[473],"product_cat":[15],"product_tag":[336,422,421,423,85],"class_list":{"0":"post-18007","1":"product","2":"type-product","3":"status-publish","4":"has-post-thumbnail","6":"product_brand-101-inc","7":"product_cat-unkategorisiert","8":"product_tag-fostex-garments","9":"product_tag-holzfaeller","10":"product_tag-holzfaellerjacke","11":"product_tag-outdoor","12":"product_tag-us-army","13":"pa_groesse-l","14":"pa_groesse-m","15":"pa_groesse-s","16":"pa_groesse-xl","17":"pa_groesse-xxl","18":"pa_groesse-xxxl","20":"first","21":"instock","22":"taxable","23":"shipping-taxable","24":"purchasable","25":"product-type-variable"},"bundled_by":[],"bundle_stock_status":"instock","bundle_stock_quantity":5,"bundle_virtual":false,"bundle_layout":"","bundle_add_to_cart_form_location":"","bundle_editable_in_cart":false,"bundle_sold_individually_context":"","bundle_item_grouping":"","bundle_min_size":"","bundle_max_size":"","bundle_price":[],"bundled_items":[],"bundle_sell_ids":[],"jetpack_sharing_enabled":true,"_links":{"self":[{"href":"https:\/\/www.aps-eb.de\/en\/wp-json\/wp\/v2\/product\/18007","targetHints":{"allow":["GET"]}}],"collection":[{"href":"https:\/\/www.aps-eb.de\/en\/wp-json\/wp\/v2\/product"}],"about":[{"href":"https:\/\/www.aps-eb.de\/en\/wp-json\/wp\/v2\/types\/product"}],"replies":[{"embeddable":true,"href":"https:\/\/www.aps-eb.de\/en\/wp-json\/wp\/v2\/comments?post=18007"}],"wp:featuredmedia":[{"embeddable":true,"href":"https:\/\/www.aps-eb.de\/en\/wp-json\/wp\/v2\/media\/18361"}],"wp:attachment":[{"href":"https:\/\/www.aps-eb.de\/en\/wp-json\/wp\/v2\/media?parent=18007"}],"wp:term":[{"taxonomy":"product_brand","embeddable":true,"href":"https:\/\/www.aps-eb.de\/en\/wp-json\/wp\/v2\/product_brand?post=18007"},{"taxonomy":"product_cat","embeddable":true,"href":"https:\/\/www.aps-eb.de\/en\/wp-json\/wp\/v2\/product_cat?post=18007"},{"taxonomy":"product_tag","embeddable":true,"href":"https:\/\/www.aps-eb.de\/en\/wp-json\/wp\/v2\/product_tag?post=18007"}],"curies":[{"name":"wp","href":"https:\/\/api.w.org\/{rel}","templated":true}]}}