{"id":20751,"date":"2026-02-10T12:25:36","date_gmt":"2026-02-10T12:25:36","guid":{"rendered":"https:\/\/www.aps-eb.de\/?post_type=product&#038;p=20751"},"modified":"2026-03-02T13:30:29","modified_gmt":"2026-03-02T13:30:29","slug":"commander-army-parka","status":"publish","type":"product","link":"https:\/\/www.aps-eb.de\/en\/categorie\/commander-army-parka\/","title":{"rendered":"Commander Army Parka"},"content":{"rendered":"<div class=\"info-block--item\">\n<div class=\"info-block--item\">\n<div class=\"info-block--item\">\n<div>Description:<\/div>\n<div>\n<p><big>Fostex Commander Army Parka aus 100% Baumwolle mit gewaschener Optik. Diese mittellange Parka bietet viel Komfort w\u00e4hrend der k\u00e4lteren Tage des Jahres.<br \/>\nAusgestattet mit sch\u00f6nen Details; geb\u00fcrstete SAB\u00ae Rei\u00dfverschl\u00fcsse, Bomber-Tasche am \u00c4rmel, fein gewebte Etiketten etc.<\/big><\/p>\n<p><big>Eine funktionale und warme Jacke, die perfekt f\u00fcr Outdoor-Aktivit\u00e4ten und Freizeitkleidung ist. Der Milit\u00e4rparka ist eine Ikone und seit vielen Jahren eine beliebte Jacke.<\/big><\/p>\n<p><strong>Characteristics:<\/strong><\/p>\n<ul>\n<li><big>Gekochte Baumwolloptik<\/big><\/li>\n<li><big>Brushed look SAB\u00ae ritsen<\/big><\/li>\n<li><big>Zwei Eingrifftaschen mit Fleecefutter und Druckknopfverschluss<\/big><\/li>\n<li><big>Bomber-Tasche am linken \u00c4rmel (mit Stifthalter)<\/big><\/li>\n<li><big>Innentasche mit Rei\u00dfverschluss<\/big><\/li>\n<li><big>Brusttasche mit Rei\u00dfverschluss<\/big><\/li>\n<li><big>Gef\u00fctterte Kapuze (verstellbar)<\/big><\/li>\n<li><big>Musterfutter<\/big><\/li>\n<\/ul>\n<\/div>\n<\/div>\n<div class=\"info-block--item\">&nbsp;<\/div>\n<div class=\"info-block--item\">\n<div>Gewicht (gr):<\/div>\n<div>1426.00<\/div>\n<\/div>\n<div class=\"info-block--item\">\n<div>Marke:<\/div>\n<div>Fostex Garments<\/div>\n<\/div>\n<div class=\"info-block--item\">\n<div>Material:<\/div>\n<div>100% baumwolle<\/div>\n<\/div>\n<div class=\"info-block--item\">\n<div>Logo:<\/div>\n<div><a class=\"semantic_image_link\" href=\"https:\/\/www.vanosimports.com\/de\/catalog\/item\/129867\" data-bs-toggle=\"modal\" data-bs-target=\".stock-modal\" data-image=\"https:\/\/plm.vanosimports.com\/media\/uploads\/product_files\/10657_75cf89871532893331442c204fc589e2ff8feee7.png\" data-image-title=\"Logo\"><img decoding=\"async\" src=\"https:\/\/plm.vanosimports.com\/media\/uploads\/product_files\/10657_75cf89871532893331442c204fc589e2ff8feee7.png?&amp;height=50\"><\/a><\/div>\n<\/div>\n<\/div>\n<div class=\"info-block--item\">&nbsp;<\/div>\n<\/div>","protected":false},"excerpt":{"rendered":"<h4>Commander Army Parka<\/h4>","protected":false},"featured_media":14985,"comment_status":"open","ping_status":"closed","template":"","meta":{"_rtcl_gb_attr":"","ngg_post_thumbnail":0},"product_brand":[432],"product_cat":[329],"product_tag":[168,312,311,336,161,85],"class_list":{"0":"post-20751","1":"product","2":"type-product","3":"status-publish","4":"has-post-thumbnail","6":"product_brand-fostex-garments","7":"product_cat-jacken","8":"product_tag-armeejacke","9":"product_tag-bomberjacke","10":"product_tag-fliegerjacke","11":"product_tag-fostex-garments","12":"product_tag-parka","13":"product_tag-us-army","14":"pa_farbe-black","15":"pa_farbe-green","17":"first","18":"instock","19":"taxable","20":"shipping-taxable","21":"purchasable","22":"product-type-variable","23":"has-default-attributes"},"bundled_by":[],"bundle_stock_status":"instock","bundle_stock_quantity":10,"bundle_virtual":false,"bundle_layout":"","bundle_add_to_cart_form_location":"","bundle_editable_in_cart":false,"bundle_sold_individually_context":"","bundle_item_grouping":"","bundle_min_size":"","bundle_max_size":"","bundle_price":[],"bundled_items":[],"bundle_sell_ids":[],"jetpack_sharing_enabled":true,"_links":{"self":[{"href":"https:\/\/www.aps-eb.de\/en\/wp-json\/wp\/v2\/product\/20751","targetHints":{"allow":["GET"]}}],"collection":[{"href":"https:\/\/www.aps-eb.de\/en\/wp-json\/wp\/v2\/product"}],"about":[{"href":"https:\/\/www.aps-eb.de\/en\/wp-json\/wp\/v2\/types\/product"}],"replies":[{"embeddable":true,"href":"https:\/\/www.aps-eb.de\/en\/wp-json\/wp\/v2\/comments?post=20751"}],"wp:featuredmedia":[{"embeddable":true,"href":"https:\/\/www.aps-eb.de\/en\/wp-json\/wp\/v2\/media\/14985"}],"wp:attachment":[{"href":"https:\/\/www.aps-eb.de\/en\/wp-json\/wp\/v2\/media?parent=20751"}],"wp:term":[{"taxonomy":"product_brand","embeddable":true,"href":"https:\/\/www.aps-eb.de\/en\/wp-json\/wp\/v2\/product_brand?post=20751"},{"taxonomy":"product_cat","embeddable":true,"href":"https:\/\/www.aps-eb.de\/en\/wp-json\/wp\/v2\/product_cat?post=20751"},{"taxonomy":"product_tag","embeddable":true,"href":"https:\/\/www.aps-eb.de\/en\/wp-json\/wp\/v2\/product_tag?post=20751"}],"curies":[{"name":"wp","href":"https:\/\/api.w.org\/{rel}","templated":true}]}}