{"id":135,"date":"2021-03-22T08:05:57","date_gmt":"2021-03-22T08:05:57","guid":{"rendered":"https:\/\/aps-eb.de\/?page_id=135"},"modified":"2025-10-29T11:49:21","modified_gmt":"2025-10-29T11:49:21","slug":"impressum","status":"publish","type":"page","link":"https:\/\/www.aps-eb.de\/es\/impressum\/","title":{"rendered":"descargo"},"content":{"rendered":"<h2>Informaci\u00f3n seg\u00fan \u00a7 5 TMG<\/h2>\r\n<p><strong>postal<\/strong><br>Enrico Bender<br>AirPlaneService - Enrico Bender<br>calle Otfried-Preu\u00dfler 5<br>56564 Neuwied<br><strong>homebase<\/strong> EDRE - Mendig<\/p>\r\n<h2>contacto<\/h2>\r\n<p>Tel\u00e9fono: +49 (0) 1739091926<br>Correo electr\u00f3nico: enrico.bender@aps-eb.de<\/p>\r\n<h2>N\u00famero de identificaci\u00f3n a efectos del IVA<\/h2>\r\n<p>N\u00famero de identificaci\u00f3n del impuesto sobre el valor a\u00f1adido con arreglo al art\u00edculo 27 de la Ley del impuesto sobre el valor a\u00f1adido:<br>DE259459755<\/p>\r\n<h2>Gerente editorial<\/h2>\r\n<p>Enrico Bender<br>AirPlaneService - Enrico Bender<br>calle Otfried-Preu\u00dfler 5<br>56564 Neuwied<\/p>\r\n<h2>Resoluci\u00f3n de litigios en la UE<\/h2>\r\n<p>La Comisi\u00f3n Europea ofrece una plataforma de resoluci\u00f3n de litigios en l\u00ednea: <a href=\"https:\/\/ec.europa.eu\/consumers\/odr\" target=\"_blank\" rel=\"noopener noreferrer\">https:\/\/ec.europa.eu\/consumers\/odr<\/a>.<br>Nuestra direcci\u00f3n de correo electr\u00f3nico se puede encontrar arriba en la impresi\u00f3n.<\/p>\r\n<h2>Soluci\u00f3n de diferencias en materia de consumo \/ \u00d3rgano Universal de Soluci\u00f3n de Diferencias<\/h2>\r\n<p>No estamos dispuestos u obligados a participar en procedimientos de resoluci\u00f3n de disputas ante una junta de arbitraje de consumidores.<\/p>\r\n<h3>Responsabilidad por el contenido<\/h3>\r\n<p>Como proveedor de servicios, somos responsables seg\u00fan \u00a7 7 Abs.1 TMG de nuestro propio contenido en estas p\u00e1ginas de acuerdo con las leyes generales. Sin embargo, de acuerdo con los \u00a7\u00a7 8 a 10 de la TMG, nosotros, como proveedores de servicios, no estamos obligados a monitorear la informaci\u00f3n transmitida o almacenada de terceros ni a investigar circunstancias que indiquen una actividad ilegal.<\/p>\r\n<p>Las obligaciones de eliminar o bloquear el uso de la informaci\u00f3n bajo las leyes generales no se ven afectadas. Sin embargo, la responsabilidad a este respecto solo es posible desde el momento en que se tiene conocimiento de una infracci\u00f3n espec\u00edfica. Si tenemos conocimiento de las infracciones legales correspondientes, eliminaremos este contenido de inmediato.<\/p>\r\n<h3>Responsabilidad por enlaces<\/h3>\r\n<p>Nuestra oferta contiene enlaces a sitios web externos de terceros sobre cuyos contenidos no tenemos influencia. Por lo tanto, no podemos asumir ninguna responsabilidad por este contenido externo. El proveedor u operador respectivo de las p\u00e1ginas es siempre responsable de los contenidos de las p\u00e1ginas enlazadas. Las p\u00e1ginas enlazadas fueron revisadas en busca de posibles violaciones legales en el momento de la vinculaci\u00f3n. El contenido ilegal no era reconocible en el momento de la vinculaci\u00f3n.<\/p>\r\n<p>Sin embargo, un control permanente del contenido de las p\u00e1ginas enlazadas no es razonable sin indicios concretos de una violaci\u00f3n de la ley. Al tener conocimiento de violaciones legales, eliminaremos dichos enlaces de inmediato.<\/p>\r\n<h3>derechos de autor<\/h3>\r\n<p>El contenido y las obras creadas por los operadores del sitio en estas p\u00e1ginas est\u00e1n sujetos a la ley alemana de derechos de autor. La reproducci\u00f3n, el procesamiento, la distribuci\u00f3n y cualquier tipo de explotaci\u00f3n fuera de los l\u00edmites de la ley de derechos de autor requieren el consentimiento por escrito del autor o creador respectivo. Las descargas y copias de este sitio solo est\u00e1n permitidas para uso privado y no comercial.<\/p>\r\n<p>En la medida en que el contenido de esta p\u00e1gina no haya sido creado por el operador, se observan los derechos de autor de terceros. En particular, el contenido de terceros est\u00e1 marcado como tal. Sin embargo, en caso de que tenga conocimiento de una infracci\u00f3n de derechos de autor, le solicitamos un aviso correspondiente. Al tener conocimiento de violaciones legales, eliminaremos inmediatamente dicho contenido.<\/p>\r\n<p>Fuente: <a href=\"https:\/\/www.e-recht24.de\">e-recht24.de<\/a><\/p>\r\n<p>&nbsp;<\/p>\r\n<h3>DEVOLUCIONES<\/h3>\r\n<p>Nuestra pol\u00edtica de devoluciones es v\u00e1lida por 30 d\u00edas. Desafortunadamente, si su compra tiene m\u00e1s de 30 d\u00edas de antig\u00fcedad, no podremos ofrecerle un reembolso o cambio.<\/p>\r\n<p>Para ser elegible para una devoluci\u00f3n, su art\u00edculo debe estar sin usar y en las mismas condiciones en que lo recibi\u00f3. El art\u00edculo tambi\u00e9n debe estar en su embalaje original.<\/p>\r\n<p>Algunos art\u00edculos est\u00e1n completamente excluidos de la devoluci\u00f3n. Los productos perecederos como alimentos, flores, peri\u00f3dicos o revistas no pueden ser devueltos. Tampoco aceptamos productos que sean art\u00edculos \u00edntimos o sanitarios, materiales peligrosos o l\u00edquidos o gases inflamables.<\/p>\r\n<p>Adem\u00e1s, los siguientes art\u00edculos no pueden ser devueltos:<br>* Vales de regalo<br>* Productos de software para descargar<br>* Algunos productos de salud y cuidado personal<\/p>\r\n<p>Para completar su devoluci\u00f3n, necesitamos un recibo o comprobante de compra.<br>Por favor, no devuelva los art\u00edculos comprados al fabricante.<\/p>\r\n<p>En ciertas situaciones solo se otorgar\u00e1n reembolsos parciales (si corresponde)<br>* Libros con signos evidentes de uso<br>* CDs, DVDs, cassettes VHS, software, videojuegos, cassettes o discos de vinilo que se hayan abierto.<br>* Art\u00edculos que ya no est\u00e1n en su estado original, piezas da\u00f1adas o faltantes por razones no atribuibles a nuestra culpa.<br>* Art\u00edculos devueltos despu\u00e9s de 30 d\u00edas desde la entrega.<br>Reembolsos (si procede)<br>Si hemos recibido y comprobado su devoluci\u00f3n, le enviaremos un correo electr\u00f3nico para informarle de que hemos recibido el art\u00edculo que ha devuelto. Tambi\u00e9n le notificaremos de la aprobaci\u00f3n o rechazo de su reembolso.<br>Si su reembolso ha sido aprobado, ser\u00e1 procesado. Despu\u00e9s de unos d\u00edas, se le acreditar\u00e1 autom\u00e1ticamente a su tarjeta de cr\u00e9dito o al m\u00e9todo de pago original.<\/p>\r\n<p>Reembolsos retrasados o faltantes (si corresponde) <br>Si a\u00fan no has recibido un reembolso, primero revisa tu cuenta bancaria nuevamente.<br>A continuaci\u00f3n, p\u00f3ngase en contacto con la compa\u00f1\u00eda de su tarjeta de cr\u00e9dito. Puede tomar alg\u00fan tiempo para que su reembolso sea acreditado.<br>A continuaci\u00f3n, p\u00f3ngase en contacto con su banco. A menudo hay un tiempo de procesamiento hasta que se publica un reembolso en su cuenta.<br>Si ha hecho todo esto y a\u00fan no ha recibido un reembolso, cont\u00e1ctenos en enrico.bender@aps-eb.de.<br>Partida de la oferta (si procede) <br>Solo se puede hacer un reembolso por art\u00edculos con un precio regular, los art\u00edculos de la oferta lamentablemente est\u00e1n excluidos del reembolso.<\/p>\r\n<p>Intercambio (si procede) <br>Un intercambio solo se concede para art\u00edculos defectuosos o da\u00f1ados. Si desea cambiar un art\u00edculo por el mismo art\u00edculo, env\u00edenos un correo electr\u00f3nico a enrico.bender@aps-eb.de y env\u00ede el art\u00edculo a: Enrico Bender; calle Otfried-Preu\u00dfler 5; 56564 Neuwied \u2013 Alemania.<\/p>\r\n<p>regalos<br>Si el art\u00edculo fue marcado como regalo en el momento de la compra y enviado directamente a usted, recibir\u00e1 un cup\u00f3n igual al valor de compra a la devoluci\u00f3n del art\u00edculo. Tan pronto como el art\u00edculo devuelto haya sido recibido por nosotros, recibir\u00e1 un cup\u00f3n por correo electr\u00f3nico.<\/p>\r\n<p>Si el art\u00edculo no fue marcado como regalo en el momento de la compra o enviado a la persona que hace el regalo, el reembolso se har\u00e1 a la persona que hace el regalo y la persona que hace el regalo ser\u00e1 informada de la devoluci\u00f3n.<br>env\u00edos<br>Para devolver su producto, debe enviarlo a: Enrico Bender; calle Otfried-Preu\u00dfler 5; 56564 Neuwied \u2013 enviar Alemania.<\/p>\r\n<p>Usted debe pagar los gastos de env\u00edo para la devoluci\u00f3n de su art\u00edculo usted mismo. Los gastos de env\u00edo no pueden ser reembolsados. Si recibe un reembolso, los gastos de env\u00edo de la devoluci\u00f3n se deducir\u00e1n de su reembolso.<\/p>\r\n<p>El tiempo que tarda el art\u00edculo intercambiado en llegar a usted puede variar dependiendo del pa\u00eds en el que reside.<\/p>\r\n<p>Si est\u00e1 enviando un art\u00edculo por valor de m\u00e1s de $ 75, considere un servicio de env\u00edo de seguimiento o contratar un seguro de env\u00edo. No podemos garantizar que recibiremos el art\u00edculo que ha devuelto.<\/p>\r\n\r\n<p class=\"has-medium-font-size\">&nbsp;<\/p>\r\n\n[gzd_reclamaciones]","protected":false},"excerpt":{"rendered":"<p>Informaci\u00f3n seg\u00fan \u00a7 5 TMG direcci\u00f3n postalEnrico BenderAirPlaneService - Enrico BenderOtfried-Preu\u00dfler Str. 556564 NeuwiedHomebase EDRE - Mendig Contacto Tel\u00e9fono: +49 (0)<\/p>","protected":false},"author":1,"featured_media":0,"parent":0,"menu_order":99,"comment_status":"closed","ping_status":"closed","template":"","meta":{"_rtcl_gb_attr":"","ngg_post_thumbnail":0,"footnotes":""},"class_list":["post-135","page","type-page","status-publish","hentry"],"jetpack_sharing_enabled":true,"_links":{"self":[{"href":"https:\/\/www.aps-eb.de\/es\/wp-json\/wp\/v2\/pages\/135","targetHints":{"allow":["GET"]}}],"collection":[{"href":"https:\/\/www.aps-eb.de\/es\/wp-json\/wp\/v2\/pages"}],"about":[{"href":"https:\/\/www.aps-eb.de\/es\/wp-json\/wp\/v2\/types\/page"}],"author":[{"embeddable":true,"href":"https:\/\/www.aps-eb.de\/es\/wp-json\/wp\/v2\/users\/1"}],"replies":[{"embeddable":true,"href":"https:\/\/www.aps-eb.de\/es\/wp-json\/wp\/v2\/comments?post=135"}],"version-history":[{"count":0,"href":"https:\/\/www.aps-eb.de\/es\/wp-json\/wp\/v2\/pages\/135\/revisions"}],"wp:attachment":[{"href":"https:\/\/www.aps-eb.de\/es\/wp-json\/wp\/v2\/media?parent=135"}],"curies":[{"name":"wp","href":"https:\/\/api.w.org\/{rel}","templated":true}]}}