{"id":79,"date":"2021-02-10T12:57:24","date_gmt":"2021-02-10T12:57:24","guid":{"rendered":"http:\/\/aps-eb.de\/?page_id=79"},"modified":"2021-02-10T12:57:24","modified_gmt":"2021-02-10T12:57:24","slug":"batterieverordnung","status":"publish","type":"page","link":"https:\/\/www.aps-eb.de\/es\/batterieverordnung\/","title":{"rendered":"Regulaci\u00f3n de la bater\u00eda"},"content":{"rendered":"<p>En relaci\u00f3n con la distribuci\u00f3n de bater\u00edas y acumuladores, nosotros, como distribuidor, estamos obligados, de acuerdo con la Ordenanza de Bater\u00edas, a informarle como consumidor de lo siguiente:<br>Usted est\u00e1 legalmente obligado a devolver las pilas y acumuladores. Puede devolverlos despu\u00e9s de su uso en nuestro punto de venta, en un punto de recogida municipal o en el comercio local. Las bater\u00edas que contienen sustancias nocivas est\u00e1n marcadas con una marca consistente en un cubo de basura tachado y el s\u00edmbolo qu\u00edmico (Cd, Hg o Pb) del metal pesado que es decisivo para la clasificaci\u00f3n como que contiene sustancias nocivas.<\/p>","protected":false},"excerpt":{"rendered":"<p>En relaci\u00f3n con la distribuci\u00f3n de bater\u00edas y acumuladores, nosotros, como concesionario, estamos obligados, de conformidad con la Ordenanza sobre bater\u00edas, a:<\/p>","protected":false},"author":1,"featured_media":0,"parent":0,"menu_order":0,"comment_status":"closed","ping_status":"closed","template":"","meta":{"_rtcl_gb_attr":"","ngg_post_thumbnail":0,"footnotes":""},"class_list":["post-79","page","type-page","status-publish","hentry"],"jetpack_sharing_enabled":true,"_links":{"self":[{"href":"https:\/\/www.aps-eb.de\/es\/wp-json\/wp\/v2\/pages\/79","targetHints":{"allow":["GET"]}}],"collection":[{"href":"https:\/\/www.aps-eb.de\/es\/wp-json\/wp\/v2\/pages"}],"about":[{"href":"https:\/\/www.aps-eb.de\/es\/wp-json\/wp\/v2\/types\/page"}],"author":[{"embeddable":true,"href":"https:\/\/www.aps-eb.de\/es\/wp-json\/wp\/v2\/users\/1"}],"replies":[{"embeddable":true,"href":"https:\/\/www.aps-eb.de\/es\/wp-json\/wp\/v2\/comments?post=79"}],"version-history":[{"count":0,"href":"https:\/\/www.aps-eb.de\/es\/wp-json\/wp\/v2\/pages\/79\/revisions"}],"wp:attachment":[{"href":"https:\/\/www.aps-eb.de\/es\/wp-json\/wp\/v2\/media?parent=79"}],"curies":[{"name":"wp","href":"https:\/\/api.w.org\/{rel}","templated":true}]}}