{"id":1068,"date":"2023-06-15T18:32:54","date_gmt":"2023-06-15T18:32:54","guid":{"rendered":"https:\/\/aps-eb.de\/?post_type=product&#038;p=1068"},"modified":"2025-03-10T10:01:47","modified_gmt":"2025-03-10T10:01:47","slug":"bremsscheibe-164-30195","status":"publish","type":"product","link":"https:\/\/www.aps-eb.de\/es\/categorie\/bremsscheibe-164-30195\/","title":{"rendered":"Disco de freno 164-30195"},"content":{"rendered":"<h1 class=\"product-info-title\">Disco de freno 164-30195<\/h1>\n<p>Los discos de freno BlackSteel son mecanizados CNC utilizando tecnolog\u00eda de vanguardia a partir de una forja de una sola pieza.<br \/>\nAl forjar el metal, se crea un flujo de grano dirigido, que sigue el contorno del disco. Esto permite un disco mucho m\u00e1s fuerte donde el riesgo de grietas y fallas catastr\u00f3ficas asociadas con construcciones soldadas inferiores es menor.<\/p>\n<p>El tratamiento t\u00e9rmico patentado de APS tiene un doble prop\u00f3sito. El tratamiento t\u00e9rmico fortalece el acero al unir carbono, ox\u00edgeno y nitr\u00f3geno en la capa met\u00e1lica superior. Este no es un recubrimiento que puede desgastarse porque el acero en s\u00ed se convierte. El tratamiento t\u00e9rmico le da al acero su aspecto negro y le da a la superficie una alta resistencia a la corrosi\u00f3n y la oxidaci\u00f3n, que se acompa\u00f1a de los cambios extremos de temperatura en los sistemas de frenado de las aeronaves. Esto lo convierte en una excelente opci\u00f3n para aviones agr\u00edcolas que operan en un entorno qu\u00edmico hostil, as\u00ed como para cualquier persona que deje sus aviones fuera la mayor parte del tiempo.<\/p>\n<p>Adecuado para:<\/p>\n<table class=\"table table-striped table-bordered\">\n<thead>\n<tr>\n<td>hacer<\/td>\n<td>Serie<\/td>\n<td>modelo<\/td>\n<td>Inicio S\/N<\/td>\n<td>Finalizaci\u00f3n S\/N<\/td>\n<td>Comentario<\/td>\n<td>Tabla de elegibilidad<\/td>\n<\/tr>\n<\/thead>\n<tbody>\n<tr>\n<td>Cessna<\/td>\n<td>152<\/td>\n<td>F152<\/td>\n<td>F15201429<\/td>\n<td>F15201980<\/td>\n<td>&nbsp;<\/td>\n<td>&nbsp;<\/td>\n<\/tr>\n<tr>\n<td>Cessna<\/td>\n<td>152<\/td>\n<td>FA152<\/td>\n<td>FA1520337<\/td>\n<td>FA1520425<\/td>\n<td>Montaje de rueda P\/N D-30580, Montaje de freno P\/N C-30118-4. El propietario debe verificar los n\u00fameros de pieza del conjunto de ruedas o frenos para determinar los n\u00fameros de pieza de disco y forro aplicables.<\/td>\n<td>&nbsp;<\/td>\n<\/tr>\n<tr>\n<td>Cessna<\/td>\n<td>172<\/td>\n<td>F172M<\/td>\n<td>F17200905<\/td>\n<td>F17201234<\/td>\n<td>Montaje de rueda P\/N D-30260, Montaje de freno P\/N C-30018-2. El propietario debe verificar los n\u00fameros de pieza del conjunto de ruedas o frenos para determinar los n\u00fameros de pieza de disco y forro aplicables.<\/td>\n<td>&nbsp;<\/td>\n<\/tr>\n<tr>\n<td>Cessna<\/td>\n<td>172<\/td>\n<td>F172M<\/td>\n<td>F17201235<\/td>\n<td>F17201514<\/td>\n<td>Montaje de rueda P\/N D-30260, Montaje de freno P\/N C-30018-2. El propietario debe verificar los n\u00fameros de pieza del conjunto de ruedas o frenos para determinar los n\u00fameros de pieza de disco y forro aplicables.<\/td>\n<td>&nbsp;<\/td>\n<\/tr>\n<tr>\n<td>Cessna<\/td>\n<td>172<\/td>\n<td>FR172J<\/td>\n<td>FR17200351<\/td>\n<td>FR17200590<\/td>\n<td>Montaje de rueda P\/N D-30260, Montaje de freno P\/N C-30018-2. El propietario debe verificar los n\u00fameros de pieza del conjunto de ruedas o frenos para determinar los n\u00fameros de pieza de disco y forro aplicables.<\/td>\n<td>&nbsp;<\/td>\n<\/tr>\n<tr>\n<td>Cessna<\/td>\n<td>177<\/td>\n<td>177<\/td>\n<td>17700001<\/td>\n<td>17701164<\/td>\n<td>&nbsp;<\/td>\n<td>&nbsp;<\/td>\n<\/tr>\n<tr>\n<td>Cessna<\/td>\n<td>177<\/td>\n<td>177B<\/td>\n<td>17702124<\/td>\n<td>17702313<\/td>\n<td>Montaje de rueda P\/N D-30580, Montaje de freno P\/N C-30018-4. El propietario debe verificar los n\u00fameros de pieza del conjunto de ruedas o frenos para determinar los n\u00fameros de pieza de disco y forro aplicables.<\/td>\n<td>&nbsp;<\/td>\n<\/tr>\n<tr>\n<td>Cessna<\/td>\n<td>177<\/td>\n<td>177RG<\/td>\n<td>177RG0001<\/td>\n<td>177RG1366<\/td>\n<td>Montaje de rueda P\/N D-30580, Montaje de freno P\/N 30018-4. El propietario debe verificar los n\u00fameros de pieza del conjunto de ruedas o frenos para determinar los n\u00fameros de pieza de disco y forro aplicables.<\/td>\n<td>&nbsp;<\/td>\n<\/tr>\n<tr>\n<td>Cessna<\/td>\n<td>177<\/td>\n<td>F177RG<\/td>\n<td>F177RG0001<\/td>\n<td>F177RG0177<\/td>\n<td>Montaje de rueda P\/N D-30580, Montaje de freno P\/N 30018-4. El propietario debe verificar los n\u00fameros de pieza del conjunto de ruedas o frenos para determinar los n\u00fameros de pieza de disco y forro aplicables.<\/td>\n<\/tr>\n<\/tbody>\n<\/table>","protected":false},"excerpt":{"rendered":"<p>Los discos de freno BlackSteel 164-30195 se mecanizan mediante CNC utilizando la tecnolog\u00eda m\u00e1s avanzada de una pieza de forja. Cuando el metal se forja<\/p>","protected":false},"featured_media":1069,"comment_status":"open","ping_status":"closed","template":"","meta":{"_rtcl_gb_attr":"","ngg_post_thumbnail":0},"product_brand":[],"product_cat":[19],"product_tag":[76,77,72],"class_list":{"0":"post-1068","1":"product","2":"type-product","3":"status-publish","4":"has-post-thumbnail","6":"product_cat-bremskomponenten","7":"product_tag-164-04000","8":"product_tag-cessna","9":"product_tag-cleevland","11":"first","12":"instock","13":"taxable","14":"shipping-taxable","15":"purchasable","16":"product-type-simple"},"bundled_by":[],"bundle_stock_status":"instock","bundle_stock_quantity":10,"bundle_virtual":false,"bundle_layout":"","bundle_add_to_cart_form_location":"","bundle_editable_in_cart":false,"bundle_sold_individually_context":"","bundle_item_grouping":"","bundle_min_size":"","bundle_max_size":"","bundle_price":[],"bundled_items":[],"bundle_sell_ids":[],"jetpack_sharing_enabled":true,"_links":{"self":[{"href":"https:\/\/www.aps-eb.de\/es\/wp-json\/wp\/v2\/product\/1068","targetHints":{"allow":["GET"]}}],"collection":[{"href":"https:\/\/www.aps-eb.de\/es\/wp-json\/wp\/v2\/product"}],"about":[{"href":"https:\/\/www.aps-eb.de\/es\/wp-json\/wp\/v2\/types\/product"}],"replies":[{"embeddable":true,"href":"https:\/\/www.aps-eb.de\/es\/wp-json\/wp\/v2\/comments?post=1068"}],"wp:featuredmedia":[{"embeddable":true,"href":"https:\/\/www.aps-eb.de\/es\/wp-json\/wp\/v2\/media\/1069"}],"wp:attachment":[{"href":"https:\/\/www.aps-eb.de\/es\/wp-json\/wp\/v2\/media?parent=1068"}],"wp:term":[{"taxonomy":"product_brand","embeddable":true,"href":"https:\/\/www.aps-eb.de\/es\/wp-json\/wp\/v2\/product_brand?post=1068"},{"taxonomy":"product_cat","embeddable":true,"href":"https:\/\/www.aps-eb.de\/es\/wp-json\/wp\/v2\/product_cat?post=1068"},{"taxonomy":"product_tag","embeddable":true,"href":"https:\/\/www.aps-eb.de\/es\/wp-json\/wp\/v2\/product_tag?post=1068"}],"curies":[{"name":"wp","href":"https:\/\/api.w.org\/{rel}","templated":true}]}}