{"id":1077,"date":"2023-06-15T18:53:46","date_gmt":"2023-06-15T18:53:46","guid":{"rendered":"https:\/\/aps-eb.de\/?post_type=product&#038;p=1077"},"modified":"2026-03-31T08:15:12","modified_gmt":"2026-03-31T08:15:12","slug":"tempest-oil-filter-aa48108-2","status":"publish","type":"product","link":"https:\/\/www.aps-eb.de\/es\/categorie\/tempest-oil-filter-aa48108-2\/","title":{"rendered":"Filtro de aceite de tempestad AA48108-2"},"content":{"rendered":"<h1 class=\"product-info-title\">Filtro de aceite de tempestad AA48108-2<\/h1>\n<ul>\n<li>Carcasas reforzadas<\/li>\n<li>aumento de la fuerza de rotura<\/li>\n<li>Medios completamente plegados para una resistencia uniforme al flujo y al colapso<\/li>\n<li>Lubricante Spin EZ\u00ae para una f\u00e1cil eliminaci\u00f3n del filtro<\/li>\n<li>Mejor valor de bypass<\/li>\n<\/ul>\n<p><strong>Costuras de soldadura de tuercas mejoradas<\/strong><br \/>\nLas tuercas est\u00e1n soldadas tan fuertemente que la carcasa se rasga frente a la costura de la soldadura. \u00a1Detenga la frustraci\u00f3n de que las tuercas de montaje se est\u00e9n aflojando!<\/p>\n<p><strong>Cumple con la especificaci\u00f3n de bypass TCM<\/strong> 12-14 psi, reduciendo as\u00ed el riesgo de derivaci\u00f3n prematura, lo que puede hacer que el aceite sin filtrar fluya a su motor.<\/p>\n<p><strong>Resistencia a la rotura de 600 psi<\/strong><br \/>\nLas mejoras significativas en el proceso de costura del rollo en el fondo de la lata mejoraron significativamente la resistencia al estallido del dise\u00f1o a m\u00e1s de 600 libras por pulgada cuadrada, superando los est\u00e1ndares ARP 1400 en un 50 por ciento. La resistencia adicional proporciona una garant\u00eda adicional de que los filtros de aceite Tempest pueden soportar las condiciones de funcionamiento m\u00e1s dif\u00edciles.<\/p>\n<p><strong>Sellos antiadherentes<\/strong><br \/>\nIntegre sellos de base de caucho sint\u00e9tico especialmente lubricados para garantizar un par adecuado durante la instalaci\u00f3n y una f\u00e1cil extracci\u00f3n.<\/p>","protected":false},"excerpt":{"rendered":"<h1 class=\"product-info-title\">Filtro de aceite de tempestad AA48108-2<\/h1>","protected":false},"featured_media":1078,"comment_status":"open","ping_status":"closed","template":"","meta":{"_rtcl_gb_attr":"","ngg_post_thumbnail":0},"product_brand":[],"product_cat":[27],"product_tag":[68,70,71,69,75],"class_list":{"0":"post-1077","1":"product","2":"type-product","3":"status-publish","4":"has-post-thumbnail","6":"product_cat-ersatzteile","7":"product_tag-champion","8":"product_tag-lycomming","9":"product_tag-oilfilter","10":"product_tag-oelfilter","11":"product_tag-tempest","13":"first","14":"instock","15":"taxable","16":"shipping-taxable","17":"purchasable","18":"product-type-simple"},"bundled_by":[],"bundle_stock_status":"instock","bundle_stock_quantity":6,"bundle_virtual":false,"bundle_layout":"","bundle_add_to_cart_form_location":"","bundle_editable_in_cart":false,"bundle_sold_individually_context":"","bundle_item_grouping":"","bundle_min_size":"","bundle_max_size":"","bundle_price":[],"bundled_items":[],"bundle_sell_ids":[],"jetpack_sharing_enabled":true,"_links":{"self":[{"href":"https:\/\/www.aps-eb.de\/es\/wp-json\/wp\/v2\/product\/1077","targetHints":{"allow":["GET"]}}],"collection":[{"href":"https:\/\/www.aps-eb.de\/es\/wp-json\/wp\/v2\/product"}],"about":[{"href":"https:\/\/www.aps-eb.de\/es\/wp-json\/wp\/v2\/types\/product"}],"replies":[{"embeddable":true,"href":"https:\/\/www.aps-eb.de\/es\/wp-json\/wp\/v2\/comments?post=1077"}],"wp:featuredmedia":[{"embeddable":true,"href":"https:\/\/www.aps-eb.de\/es\/wp-json\/wp\/v2\/media\/1078"}],"wp:attachment":[{"href":"https:\/\/www.aps-eb.de\/es\/wp-json\/wp\/v2\/media?parent=1077"}],"wp:term":[{"taxonomy":"product_brand","embeddable":true,"href":"https:\/\/www.aps-eb.de\/es\/wp-json\/wp\/v2\/product_brand?post=1077"},{"taxonomy":"product_cat","embeddable":true,"href":"https:\/\/www.aps-eb.de\/es\/wp-json\/wp\/v2\/product_cat?post=1077"},{"taxonomy":"product_tag","embeddable":true,"href":"https:\/\/www.aps-eb.de\/es\/wp-json\/wp\/v2\/product_tag?post=1077"}],"curies":[{"name":"wp","href":"https:\/\/api.w.org\/{rel}","templated":true}]}}